{"id":583,"date":"2018-05-28T16:28:38","date_gmt":"2018-05-28T14:28:38","guid":{"rendered":"http:\/\/twenty4action.com\/?post_type=product&#038;p=583"},"modified":"2026-04-05T00:16:56","modified_gmt":"2026-04-04T22:16:56","slug":"jmk-ride-truck-price-per-piece","status":"publish","type":"product","link":"https:\/\/twenty4action.com\/fr\/shop\/jmk-ride-truck-price-per-piece\/","title":{"rendered":"JMKRIDE Truck (1 pc)"},"content":{"rendered":"<p><\/p>\n<p class=\"tw-data-text tw-ta tw-text-small\" dir=\"ltr\" data-placeholder=\"\u00dcbersetzung\"><span lang=\"fr\"><strong>L&#8217;essieu<\/strong> <strong>original JMKRIDE <\/strong>dans de nombreuses couleurs diff\u00e9rentes.<\/span><\/p>\n<p class=\"p1\"><span class=\"s1\">Livr\u00e9 sans kit visserie et amortisseurs.\u00a0<\/span><span class=\"s1\">Ceux-ci sont disponibles individuellement. Ils sont bien s\u00fbr inclus dans l&#8217;ensemble personnalis\u00e9.<\/span><\/p>\n<ul>\n<li class=\"p1\"><span class=\"s1\">Si des pi\u00e8ces autres que les pi\u00e8ces d&#8217;origine JMKRIDE pour l&#8217;utilisation d&#8217;un patin auto-assembl\u00e9, la garantie et la r\u00e9clamation en responsabilit\u00e9 expirent.<\/span><\/li>\n<li class=\"p1\">\u00c9carts de couleur possibles.<\/li>\n<\/ul>\n<h3 class=\"tw-data-text tw-ta tw-text-small\" dir=\"ltr\" data-placeholder=\"\u00dcbersetzung\"><strong><span lang=\"fr\">Prix \u200b\u200bpar pi\u00e8ce!<\/span><\/strong><\/h3>\n<p><\/p>","protected":false},"excerpt":{"rendered":"<p>L&#8217;essieu original JMKRIDE dans de nombreuses couleurs diff\u00e9rentes. Livr\u00e9 sans kit visserie et amortisseurs.\u00a0Ceux-ci sont disponibles individuellement. Ils sont bien s\u00fbr inclus dans l&#8217;ensemble personnalis\u00e9. Si des pi\u00e8ces autres que les pi\u00e8ces d&#8217;origine JMKRIDE pour l&#8217;utilisation d&#8217;un patin auto-assembl\u00e9, la garantie et la r\u00e9clamation en responsabilit\u00e9 expirent. \u00c9carts de couleur possibles. Prix \u200b\u200bpar pi\u00e8ce!<\/p>\n","protected":false},"featured_media":395628,"template":"","meta":{"site-sidebar-layout":"no-sidebar","site-content-layout":"content-boxed-container","ast-site-content-layout":"normal-width-container","site-content-style":"boxed","site-sidebar-style":"unboxed","ast-global-header-display":"","ast-banner-title-visibility":"","ast-main-header-display":"","ast-hfb-above-header-display":"","ast-hfb-below-header-display":"","ast-hfb-mobile-header-display":"","site-post-title":"","ast-breadcrumbs-content":"","ast-featured-img":"","footer-sml-layout":"","ast-disable-related-posts":"","theme-transparent-header-meta":"default","adv-header-id-meta":"","stick-header-meta":"","header-above-stick-meta":"","header-main-stick-meta":"","header-below-stick-meta":"","astra-migrate-meta-layouts":"set","ast-page-background-enabled":"default","ast-page-background-meta":{"desktop":{"background-color":"","background-image":"","background-repeat":"repeat","background-position":"center center","background-size":"auto","background-attachment":"scroll","background-type":"","background-media":"","overlay-type":"","overlay-color":"","overlay-opacity":"","overlay-gradient":""},"tablet":{"background-color":"","background-image":"","background-repeat":"repeat","background-position":"center center","background-size":"auto","background-attachment":"scroll","background-type":"","background-media":"","overlay-type":"","overlay-color":"","overlay-opacity":"","overlay-gradient":""},"mobile":{"background-color":"","background-image":"","background-repeat":"repeat","background-position":"center center","background-size":"auto","background-attachment":"scroll","background-type":"","background-media":"","overlay-type":"","overlay-color":"","overlay-opacity":"","overlay-gradient":""}},"ast-content-background-meta":{"desktop":{"background-color":"var(--ast-global-color-5)","background-image":"","background-repeat":"repeat","background-position":"center center","background-size":"auto","background-attachment":"scroll","background-type":"","background-media":"","overlay-type":"","overlay-color":"","overlay-opacity":"","overlay-gradient":""},"tablet":{"background-color":"var(--ast-global-color-5)","background-image":"","background-repeat":"repeat","background-position":"center center","background-size":"auto","background-attachment":"scroll","background-type":"","background-media":"","overlay-type":"","overlay-color":"","overlay-opacity":"","overlay-gradient":""},"mobile":{"background-color":"var(--ast-global-color-5)","background-image":"","background-repeat":"repeat","background-position":"center center","background-size":"auto","background-attachment":"scroll","background-type":"","background-media":"","overlay-type":"","overlay-color":"","overlay-opacity":"","overlay-gradient":""}},"advanced_seo_description":"","jetpack_seo_html_title":"","jetpack_seo_noindex":false,"jetpack_post_was_ever_published":false},"product_brand":[],"product_cat":[77],"product_tag":[],"class_list":{"0":"post-583","1":"product","2":"type-product","3":"status-publish","4":"has-post-thumbnail","6":"product_cat-accessories","7":"product_shipping_class-small","8":"desktop-align-left","9":"tablet-align-left","10":"mobile-align-left","12":"first","13":"instock","14":"taxable","15":"shipping-taxable","16":"purchasable","17":"product-type-variable"},"jetpack_sharing_enabled":true,"_links":{"self":[{"href":"https:\/\/twenty4action.com\/fr\/wp-json\/wp\/v2\/product\/583","targetHints":{"allow":["GET"]}}],"collection":[{"href":"https:\/\/twenty4action.com\/fr\/wp-json\/wp\/v2\/product"}],"about":[{"href":"https:\/\/twenty4action.com\/fr\/wp-json\/wp\/v2\/types\/product"}],"wp:featuredmedia":[{"embeddable":true,"href":"https:\/\/twenty4action.com\/fr\/wp-json\/wp\/v2\/media\/395628"}],"wp:attachment":[{"href":"https:\/\/twenty4action.com\/fr\/wp-json\/wp\/v2\/media?parent=583"}],"wp:term":[{"taxonomy":"product_brand","embeddable":true,"href":"https:\/\/twenty4action.com\/fr\/wp-json\/wp\/v2\/product_brand?post=583"},{"taxonomy":"product_cat","embeddable":true,"href":"https:\/\/twenty4action.com\/fr\/wp-json\/wp\/v2\/product_cat?post=583"},{"taxonomy":"product_tag","embeddable":true,"href":"https:\/\/twenty4action.com\/fr\/wp-json\/wp\/v2\/product_tag?post=583"}],"curies":[{"name":"wp","href":"https:\/\/api.w.org\/{rel}","templated":true}]}}