{"id":421,"date":"2017-10-21T10:23:03","date_gmt":"2017-10-21T08:23:03","guid":{"rendered":"http:\/\/test.twenty4action.com\/?post_type=product&#038;p=421"},"modified":"2026-04-29T00:56:00","modified_gmt":"2026-04-28T22:56:00","slug":"edge-guards","status":"publish","type":"product","link":"https:\/\/twenty4action.com\/fr\/shop\/edge-guards\/","title":{"rendered":"JMKRIDE Edge Guard (1 pi\u00e8ce)"},"content":{"rendered":"<p><strong>Original JMKRIDE Edge Guard<\/strong><\/p>\n<p>L&#8217;ajustement des Edge Guards est parfaitement adapt\u00e9 \u00e0 nos plateaux et se compose d&#8217;un compos\u00e9 de caoutchouc de haute qualit\u00e9.<\/p>\n<p>Ils prot\u00e8gent id\u00e9alement les plateaux des \u00e9raflures et des rayures et garantissent que la descente du pont est silencieuse &#8211; que ce soit intentionnel ou non.<\/p>\n<p>\u00c9carts de couleur possibles<\/p>\n<p><strong>Conseil de montage:<\/strong><\/p>\n<p>Comme nous accordons une grande importance au confort de conduite et \u00e0 la s\u00e9curit\u00e9, nos Edge Guards sont extr\u00eamement bien ajust\u00e9s afin d&#8217;\u00e9viter qu&#8217;ils ne glissent ou autres. Il s&#8217;ensuit que le montage peut \u00eatre plus difficile en cas de temp\u00e9ratures trop basses.<br \/>\nPour faciliter le montage, placez les Edge Guards dans de l&#8217;eau chaude ou chauffez-les l\u00e9g\u00e8rement \u00e0 l&#8217;aide d&#8217;un s\u00e8che-cheveux. Commencez ensuite le montage dans un coin. Un outil \u00e0 levier, de pr\u00e9f\u00e9rence non m\u00e9tallique, facilite encore davantage l&#8217;installation.<br \/>\n<strong>Attention<\/strong> : nous d\u00e9clinons toute responsabilit\u00e9 en cas de d\u00e9formation des protections d&#8217;angle due \u00e0 une chaleur excessive ou d&#8217;autres dommages caus\u00e9s aux composants lors du montage.<\/p>\n<h3 class=\"tw-data-text tw-ta tw-text-small\" dir=\"ltr\" data-placeholder=\"\u00dcbersetzung\"><strong><span lang=\"fr\">Prix \u200b\u200bpar pi\u00e8ce!<\/span><\/strong><\/h3>\n<p><\/p>","protected":false},"excerpt":{"rendered":"<p>Original JMKRIDE Edge Guard L&#8217;ajustement des Edge Guards est parfaitement adapt\u00e9 \u00e0 nos plateaux et se compose d&#8217;un compos\u00e9 de caoutchouc de haute qualit\u00e9. Ils prot\u00e8gent id\u00e9alement les plateaux des \u00e9raflures et des rayures et garantissent que la descente du pont est silencieuse &#8211; que ce soit intentionnel ou non. \u00c9carts de couleur possibles Conseil [&hellip;]<\/p>\n","protected":false},"featured_media":395592,"template":"","meta":{"site-sidebar-layout":"no-sidebar","site-content-layout":"content-boxed-container","ast-site-content-layout":"normal-width-container","site-content-style":"boxed","site-sidebar-style":"unboxed","ast-global-header-display":"","ast-banner-title-visibility":"","ast-main-header-display":"","ast-hfb-above-header-display":"","ast-hfb-below-header-display":"","ast-hfb-mobile-header-display":"","site-post-title":"","ast-breadcrumbs-content":"","ast-featured-img":"","footer-sml-layout":"","ast-disable-related-posts":"","theme-transparent-header-meta":"default","adv-header-id-meta":"","stick-header-meta":"","header-above-stick-meta":"","header-main-stick-meta":"","header-below-stick-meta":"","astra-migrate-meta-layouts":"set","ast-page-background-enabled":"default","ast-page-background-meta":{"desktop":{"background-color":"","background-image":"","background-repeat":"repeat","background-position":"center center","background-size":"auto","background-attachment":"scroll","background-type":"","background-media":"","overlay-type":"","overlay-color":"","overlay-opacity":"","overlay-gradient":""},"tablet":{"background-color":"","background-image":"","background-repeat":"repeat","background-position":"center center","background-size":"auto","background-attachment":"scroll","background-type":"","background-media":"","overlay-type":"","overlay-color":"","overlay-opacity":"","overlay-gradient":""},"mobile":{"background-color":"","background-image":"","background-repeat":"repeat","background-position":"center center","background-size":"auto","background-attachment":"scroll","background-type":"","background-media":"","overlay-type":"","overlay-color":"","overlay-opacity":"","overlay-gradient":""}},"ast-content-background-meta":{"desktop":{"background-color":"var(--ast-global-color-5)","background-image":"","background-repeat":"repeat","background-position":"center center","background-size":"auto","background-attachment":"scroll","background-type":"","background-media":"","overlay-type":"","overlay-color":"","overlay-opacity":"","overlay-gradient":""},"tablet":{"background-color":"var(--ast-global-color-5)","background-image":"","background-repeat":"repeat","background-position":"center center","background-size":"auto","background-attachment":"scroll","background-type":"","background-media":"","overlay-type":"","overlay-color":"","overlay-opacity":"","overlay-gradient":""},"mobile":{"background-color":"var(--ast-global-color-5)","background-image":"","background-repeat":"repeat","background-position":"center center","background-size":"auto","background-attachment":"scroll","background-type":"","background-media":"","overlay-type":"","overlay-color":"","overlay-opacity":"","overlay-gradient":""}},"advanced_seo_description":"","jetpack_seo_html_title":"","jetpack_seo_noindex":false,"jetpack_post_was_ever_published":false},"product_brand":[],"product_cat":[77],"product_tag":[],"class_list":{"0":"post-421","1":"product","2":"type-product","3":"status-publish","4":"has-post-thumbnail","6":"product_cat-accessories","7":"product_shipping_class-small","8":"desktop-align-left","9":"tablet-align-left","10":"mobile-align-left","12":"first","13":"instock","14":"taxable","15":"shipping-taxable","16":"purchasable","17":"product-type-variable","18":"has-default-attributes"},"jetpack_sharing_enabled":true,"_links":{"self":[{"href":"https:\/\/twenty4action.com\/fr\/wp-json\/wp\/v2\/product\/421","targetHints":{"allow":["GET"]}}],"collection":[{"href":"https:\/\/twenty4action.com\/fr\/wp-json\/wp\/v2\/product"}],"about":[{"href":"https:\/\/twenty4action.com\/fr\/wp-json\/wp\/v2\/types\/product"}],"wp:featuredmedia":[{"embeddable":true,"href":"https:\/\/twenty4action.com\/fr\/wp-json\/wp\/v2\/media\/395592"}],"wp:attachment":[{"href":"https:\/\/twenty4action.com\/fr\/wp-json\/wp\/v2\/media?parent=421"}],"wp:term":[{"taxonomy":"product_brand","embeddable":true,"href":"https:\/\/twenty4action.com\/fr\/wp-json\/wp\/v2\/product_brand?post=421"},{"taxonomy":"product_cat","embeddable":true,"href":"https:\/\/twenty4action.com\/fr\/wp-json\/wp\/v2\/product_cat?post=421"},{"taxonomy":"product_tag","embeddable":true,"href":"https:\/\/twenty4action.com\/fr\/wp-json\/wp\/v2\/product_tag?post=421"}],"curies":[{"name":"wp","href":"https:\/\/api.w.org\/{rel}","templated":true}]}}