{"id":398810,"date":"2024-03-26T17:26:57","date_gmt":"2024-03-26T15:26:57","guid":{"rendered":"https:\/\/twenty4action.com\/?post_type=product&#038;p=398810"},"modified":"2026-04-20T23:51:42","modified_gmt":"2026-04-20T21:51:42","slug":"jmkride-bearings-set-of-8-pieces","status":"publish","type":"product","link":"https:\/\/twenty4action.com\/fr\/shop\/jmkride-bearings-set-of-8-pieces\/","title":{"rendered":"JMKRIDE Bearings (lot de 8 pi\u00e8ces)"},"content":{"rendered":"<p>JMKRIDE HIGH-PRECISION BEARINGS with built-in spacers for perfect fit and stability at high speeds.<\/p>\n<ul>\n<li class=\"p1\"><span class=\"s1\">Si des pi\u00e8ces autres que les pi\u00e8ces d&#8217;origine JMKRIDE pour l&#8217;utilisation d&#8217;un patin auto-assembl\u00e9, la garantie et la r\u00e9clamation en responsabilit\u00e9 expirent.<\/span><\/li>\n<li class=\"p1\">\u00c9carts de couleur possibles.<\/li>\n<\/ul>\n<h3 id=\"tw-target-text\" class=\"tw-data-text tw-ta tw-text-medium\"><strong><span lang=\"fr\">Vendu par lot de 8 pi\u00e8ces<\/span>!<\/strong><\/h3>\n<p><\/p>","protected":false},"excerpt":{"rendered":"<p>JMKRIDE HIGH-PRECISION BEARINGS with built-in spacers for perfect fit and stability at high speeds. Si des pi\u00e8ces autres que les pi\u00e8ces d&#8217;origine JMKRIDE pour l&#8217;utilisation d&#8217;un patin auto-assembl\u00e9, la garantie et la r\u00e9clamation en responsabilit\u00e9 expirent. \u00c9carts de couleur possibles. Vendu par lot de 8 pi\u00e8ces!<\/p>\n","protected":false},"featured_media":406,"template":"","meta":{"site-sidebar-layout":"no-sidebar","site-content-layout":"content-boxed-container","ast-site-content-layout":"normal-width-container","site-content-style":"boxed","site-sidebar-style":"unboxed","ast-global-header-display":"","ast-banner-title-visibility":"","ast-main-header-display":"","ast-hfb-above-header-display":"","ast-hfb-below-header-display":"","ast-hfb-mobile-header-display":"","site-post-title":"","ast-breadcrumbs-content":"","ast-featured-img":"","footer-sml-layout":"","ast-disable-related-posts":"","theme-transparent-header-meta":"default","adv-header-id-meta":"","stick-header-meta":"","header-above-stick-meta":"","header-main-stick-meta":"","header-below-stick-meta":"","astra-migrate-meta-layouts":"set","ast-page-background-enabled":"default","ast-page-background-meta":{"desktop":{"background-color":"","background-image":"","background-repeat":"repeat","background-position":"center center","background-size":"auto","background-attachment":"scroll","background-type":"","background-media":"","overlay-type":"","overlay-color":"","overlay-opacity":"","overlay-gradient":""},"tablet":{"background-color":"","background-image":"","background-repeat":"repeat","background-position":"center center","background-size":"auto","background-attachment":"scroll","background-type":"","background-media":"","overlay-type":"","overlay-color":"","overlay-opacity":"","overlay-gradient":""},"mobile":{"background-color":"","background-image":"","background-repeat":"repeat","background-position":"center center","background-size":"auto","background-attachment":"scroll","background-type":"","background-media":"","overlay-type":"","overlay-color":"","overlay-opacity":"","overlay-gradient":""}},"ast-content-background-meta":{"desktop":{"background-color":"var(--ast-global-color-5)","background-image":"","background-repeat":"repeat","background-position":"center center","background-size":"auto","background-attachment":"scroll","background-type":"","background-media":"","overlay-type":"","overlay-color":"","overlay-opacity":"","overlay-gradient":""},"tablet":{"background-color":"var(--ast-global-color-5)","background-image":"","background-repeat":"repeat","background-position":"center center","background-size":"auto","background-attachment":"scroll","background-type":"","background-media":"","overlay-type":"","overlay-color":"","overlay-opacity":"","overlay-gradient":""},"mobile":{"background-color":"var(--ast-global-color-5)","background-image":"","background-repeat":"repeat","background-position":"center center","background-size":"auto","background-attachment":"scroll","background-type":"","background-media":"","overlay-type":"","overlay-color":"","overlay-opacity":"","overlay-gradient":""}},"advanced_seo_description":"","jetpack_seo_html_title":"","jetpack_seo_noindex":false,"jetpack_post_was_ever_published":false},"product_brand":[],"product_cat":[77],"product_tag":[],"class_list":{"0":"post-398810","1":"product","2":"type-product","3":"status-publish","4":"has-post-thumbnail","6":"product_cat-accessories","7":"product_shipping_class-small","8":"desktop-align-left","9":"tablet-align-left","10":"mobile-align-left","12":"first","13":"instock","14":"taxable","15":"shipping-taxable","16":"purchasable","17":"product-type-simple"},"jetpack_sharing_enabled":true,"_links":{"self":[{"href":"https:\/\/twenty4action.com\/fr\/wp-json\/wp\/v2\/product\/398810","targetHints":{"allow":["GET"]}}],"collection":[{"href":"https:\/\/twenty4action.com\/fr\/wp-json\/wp\/v2\/product"}],"about":[{"href":"https:\/\/twenty4action.com\/fr\/wp-json\/wp\/v2\/types\/product"}],"wp:featuredmedia":[{"embeddable":true,"href":"https:\/\/twenty4action.com\/fr\/wp-json\/wp\/v2\/media\/406"}],"wp:attachment":[{"href":"https:\/\/twenty4action.com\/fr\/wp-json\/wp\/v2\/media?parent=398810"}],"wp:term":[{"taxonomy":"product_brand","embeddable":true,"href":"https:\/\/twenty4action.com\/fr\/wp-json\/wp\/v2\/product_brand?post=398810"},{"taxonomy":"product_cat","embeddable":true,"href":"https:\/\/twenty4action.com\/fr\/wp-json\/wp\/v2\/product_cat?post=398810"},{"taxonomy":"product_tag","embeddable":true,"href":"https:\/\/twenty4action.com\/fr\/wp-json\/wp\/v2\/product_tag?post=398810"}],"curies":[{"name":"wp","href":"https:\/\/api.w.org\/{rel}","templated":true}]}}