{"id":398074,"date":"2023-12-11T15:31:10","date_gmt":"2023-12-11T13:31:10","guid":{"rendered":"https:\/\/twenty4action.com\/?post_type=product&#038;p=398074"},"modified":"2026-03-24T01:29:30","modified_gmt":"2026-03-23T23:29:30","slug":"jmkride-keychain","status":"publish","type":"product","link":"https:\/\/twenty4action.com\/fr\/shop\/jmkride-keychain\/","title":{"rendered":"Porte-cl\u00e9s JMKRIDE"},"content":{"rendered":"<p><\/p>\n<h2>Porte-cl\u00e9s JMKRIDE<\/h2>\n<p>Voici le porte-cl\u00e9s JMKRIDE Freeskates &#8211; un petit morceau de bling-bling styl\u00e9 pour votre porte-cl\u00e9s ! Ce mini chef-d&#8217;\u0153uvre \u00e9tincelant est la cl\u00e9 d&#8217;une allure \u00e9l\u00e9gante sur vos patins (ou vos cl\u00e9s).Portez-le comme un collier ou attachez-le \u00e0 vos cl\u00e9s, \u00e0 vous de choisir quand il est temps de montrer votre flair ! D\u00e9couvrez de nouvelles fa\u00e7ons cr\u00e9atives de vous exprimer avec le porte-cl\u00e9s JMKRIDE Freeskates !<\/p>\n<p>Lot de 2 (gauche et droite)<\/p>","protected":false},"excerpt":{"rendered":"<p>Porte-cl\u00e9s JMKRIDE Voici le porte-cl\u00e9s JMKRIDE Freeskates &#8211; un petit morceau de bling-bling styl\u00e9 pour votre porte-cl\u00e9s ! Ce mini chef-d&#8217;\u0153uvre \u00e9tincelant est la cl\u00e9 d&#8217;une allure \u00e9l\u00e9gante sur vos patins (ou vos cl\u00e9s).Portez-le comme un collier ou attachez-le \u00e0 vos cl\u00e9s, \u00e0 vous de choisir quand il est temps de montrer votre flair ! [&hellip;]<\/p>\n","protected":false},"featured_media":398513,"template":"","meta":{"site-sidebar-layout":"default","site-content-layout":"","ast-site-content-layout":"default","site-content-style":"default","site-sidebar-style":"default","ast-global-header-display":"","ast-banner-title-visibility":"","ast-main-header-display":"","ast-hfb-above-header-display":"","ast-hfb-below-header-display":"","ast-hfb-mobile-header-display":"","site-post-title":"","ast-breadcrumbs-content":"","ast-featured-img":"","footer-sml-layout":"","ast-disable-related-posts":"","theme-transparent-header-meta":"default","adv-header-id-meta":"","stick-header-meta":"","header-above-stick-meta":"","header-main-stick-meta":"","header-below-stick-meta":"","astra-migrate-meta-layouts":"set","ast-page-background-enabled":"default","ast-page-background-meta":{"desktop":{"background-color":"","background-image":"","background-repeat":"repeat","background-position":"center center","background-size":"auto","background-attachment":"scroll","background-type":"","background-media":"","overlay-type":"","overlay-color":"","overlay-opacity":"","overlay-gradient":""},"tablet":{"background-color":"","background-image":"","background-repeat":"repeat","background-position":"center center","background-size":"auto","background-attachment":"scroll","background-type":"","background-media":"","overlay-type":"","overlay-color":"","overlay-opacity":"","overlay-gradient":""},"mobile":{"background-color":"","background-image":"","background-repeat":"repeat","background-position":"center center","background-size":"auto","background-attachment":"scroll","background-type":"","background-media":"","overlay-type":"","overlay-color":"","overlay-opacity":"","overlay-gradient":""}},"ast-content-background-meta":{"desktop":{"background-color":"var(--ast-global-color-5)","background-image":"","background-repeat":"repeat","background-position":"center center","background-size":"auto","background-attachment":"scroll","background-type":"","background-media":"","overlay-type":"","overlay-color":"","overlay-opacity":"","overlay-gradient":""},"tablet":{"background-color":"var(--ast-global-color-5)","background-image":"","background-repeat":"repeat","background-position":"center center","background-size":"auto","background-attachment":"scroll","background-type":"","background-media":"","overlay-type":"","overlay-color":"","overlay-opacity":"","overlay-gradient":""},"mobile":{"background-color":"var(--ast-global-color-5)","background-image":"","background-repeat":"repeat","background-position":"center center","background-size":"auto","background-attachment":"scroll","background-type":"","background-media":"","overlay-type":"","overlay-color":"","overlay-opacity":"","overlay-gradient":""}},"advanced_seo_description":"","jetpack_seo_html_title":"","jetpack_seo_noindex":false,"jetpack_post_was_ever_published":false},"product_brand":[],"product_cat":[78],"product_tag":[],"class_list":{"0":"post-398074","1":"product","2":"type-product","3":"status-publish","4":"has-post-thumbnail","6":"product_cat-apparel","7":"product_shipping_class-small","8":"desktop-align-left","9":"tablet-align-left","10":"mobile-align-left","12":"first","13":"instock","14":"taxable","15":"shipping-taxable","16":"purchasable","17":"product-type-simple"},"jetpack_sharing_enabled":true,"_links":{"self":[{"href":"https:\/\/twenty4action.com\/fr\/wp-json\/wp\/v2\/product\/398074","targetHints":{"allow":["GET"]}}],"collection":[{"href":"https:\/\/twenty4action.com\/fr\/wp-json\/wp\/v2\/product"}],"about":[{"href":"https:\/\/twenty4action.com\/fr\/wp-json\/wp\/v2\/types\/product"}],"wp:featuredmedia":[{"embeddable":true,"href":"https:\/\/twenty4action.com\/fr\/wp-json\/wp\/v2\/media\/398513"}],"wp:attachment":[{"href":"https:\/\/twenty4action.com\/fr\/wp-json\/wp\/v2\/media?parent=398074"}],"wp:term":[{"taxonomy":"product_brand","embeddable":true,"href":"https:\/\/twenty4action.com\/fr\/wp-json\/wp\/v2\/product_brand?post=398074"},{"taxonomy":"product_cat","embeddable":true,"href":"https:\/\/twenty4action.com\/fr\/wp-json\/wp\/v2\/product_cat?post=398074"},{"taxonomy":"product_tag","embeddable":true,"href":"https:\/\/twenty4action.com\/fr\/wp-json\/wp\/v2\/product_tag?post=398074"}],"curies":[{"name":"wp","href":"https:\/\/api.w.org\/{rel}","templated":true}]}}