{"id":394681,"date":"2021-11-17T20:07:29","date_gmt":"2021-11-17T18:07:29","guid":{"rendered":"https:\/\/twenty4action.com\/?post_type=product&#038;p=394681"},"modified":"2026-04-16T15:41:58","modified_gmt":"2026-04-16T13:41:58","slug":"ambassador-pack","status":"publish","type":"product","link":"https:\/\/twenty4action.com\/fr\/shop\/ambassador-pack\/","title":{"rendered":"JMKRIDE AMBASSADOR PACK"},"content":{"rendered":"<p><\/p>\n<h1 class=\"cpb-product-title\">JMKRIDE Ambassador Pack!<\/h1>\n<p><strong>\u00c9conomisez pr\u00e8s de 20%<\/strong> par rapport \u00e0 l&#8217;achat individuel et profitez du style !<\/p>\n<p>Rouler avec les Edge Guards d\u00e8s le d\u00e9part est extr\u00eamement doux pour les patins. Vous pouvez \u00e9galement les ranger en toute s\u00e9curit\u00e9 dans le nouveau sac afin de pouvoir les emporter facilement partout avec vous ! Une prise et c&#8217;est parti ! Et notre T-shirt classique JMKRIDE et l&#8217;\u00e9l\u00e9gante casquette de baseball originale JMKRIDE garantissent la bonne tenue !<\/p>\n<p>Sont inclus\u00a0:<\/p>\n<ul>\n<li>1 sachet au choix<\/li>\n<li>1 jeu de prot\u00e8ge-bords au choix (combinable individuellement)<\/li>\n<li>1 T-shirt classique (taille au choix)<\/li>\n<li>1 casquette de baseball au choix<\/li>\n<\/ul>\n<p>D\u00e9viations de couleur possibles &#8211; la granulom\u00e9trie des griptapes peut varier.<\/p>\n<h3><strong>Prix pour 1 pack !<\/strong><\/h3>\n<p><\/p>","protected":false},"excerpt":{"rendered":"<p>JMKRIDE Ambassador Pack! \u00c9conomisez pr\u00e8s de 20% par rapport \u00e0 l&#8217;achat individuel et profitez du style ! Rouler avec les Edge Guards d\u00e8s le d\u00e9part est extr\u00eamement doux pour les patins. Vous pouvez \u00e9galement les ranger en toute s\u00e9curit\u00e9 dans le nouveau sac afin de pouvoir les emporter facilement partout avec vous ! Une prise [&hellip;]<\/p>\n","protected":false},"featured_media":394637,"template":"","meta":{"site-sidebar-layout":"no-sidebar","site-content-layout":"content-boxed-container","ast-site-content-layout":"normal-width-container","site-content-style":"boxed","site-sidebar-style":"unboxed","ast-global-header-display":"","ast-banner-title-visibility":"","ast-main-header-display":"","ast-hfb-above-header-display":"","ast-hfb-below-header-display":"","ast-hfb-mobile-header-display":"","site-post-title":"","ast-breadcrumbs-content":"","ast-featured-img":"","footer-sml-layout":"","ast-disable-related-posts":"","theme-transparent-header-meta":"default","adv-header-id-meta":"","stick-header-meta":"","header-above-stick-meta":"","header-main-stick-meta":"","header-below-stick-meta":"","astra-migrate-meta-layouts":"set","ast-page-background-enabled":"default","ast-page-background-meta":{"desktop":{"background-color":"","background-image":"","background-repeat":"repeat","background-position":"center center","background-size":"auto","background-attachment":"scroll","background-type":"","background-media":"","overlay-type":"","overlay-color":"","overlay-opacity":"","overlay-gradient":""},"tablet":{"background-color":"","background-image":"","background-repeat":"repeat","background-position":"center center","background-size":"auto","background-attachment":"scroll","background-type":"","background-media":"","overlay-type":"","overlay-color":"","overlay-opacity":"","overlay-gradient":""},"mobile":{"background-color":"","background-image":"","background-repeat":"repeat","background-position":"center center","background-size":"auto","background-attachment":"scroll","background-type":"","background-media":"","overlay-type":"","overlay-color":"","overlay-opacity":"","overlay-gradient":""}},"ast-content-background-meta":{"desktop":{"background-color":"var(--ast-global-color-5)","background-image":"","background-repeat":"repeat","background-position":"center center","background-size":"auto","background-attachment":"scroll","background-type":"","background-media":"","overlay-type":"","overlay-color":"","overlay-opacity":"","overlay-gradient":""},"tablet":{"background-color":"var(--ast-global-color-5)","background-image":"","background-repeat":"repeat","background-position":"center center","background-size":"auto","background-attachment":"scroll","background-type":"","background-media":"","overlay-type":"","overlay-color":"","overlay-opacity":"","overlay-gradient":""},"mobile":{"background-color":"var(--ast-global-color-5)","background-image":"","background-repeat":"repeat","background-position":"center center","background-size":"auto","background-attachment":"scroll","background-type":"","background-media":"","overlay-type":"","overlay-color":"","overlay-opacity":"","overlay-gradient":""}},"advanced_seo_description":"","jetpack_seo_html_title":"","jetpack_seo_noindex":false,"jetpack_post_was_ever_published":false},"product_brand":[],"product_cat":[79],"product_tag":[],"class_list":{"0":"post-394681","1":"product","2":"type-product","3":"status-publish","4":"has-post-thumbnail","6":"product_cat-bundles","7":"product_shipping_class-small","8":"desktop-align-left","9":"tablet-align-left","10":"mobile-align-left","12":"first","13":"instock","14":"sale","15":"taxable","16":"shipping-taxable","17":"purchasable","18":"product-type-simple"},"jetpack_sharing_enabled":true,"_links":{"self":[{"href":"https:\/\/twenty4action.com\/fr\/wp-json\/wp\/v2\/product\/394681","targetHints":{"allow":["GET"]}}],"collection":[{"href":"https:\/\/twenty4action.com\/fr\/wp-json\/wp\/v2\/product"}],"about":[{"href":"https:\/\/twenty4action.com\/fr\/wp-json\/wp\/v2\/types\/product"}],"wp:featuredmedia":[{"embeddable":true,"href":"https:\/\/twenty4action.com\/fr\/wp-json\/wp\/v2\/media\/394637"}],"wp:attachment":[{"href":"https:\/\/twenty4action.com\/fr\/wp-json\/wp\/v2\/media?parent=394681"}],"wp:term":[{"taxonomy":"product_brand","embeddable":true,"href":"https:\/\/twenty4action.com\/fr\/wp-json\/wp\/v2\/product_brand?post=394681"},{"taxonomy":"product_cat","embeddable":true,"href":"https:\/\/twenty4action.com\/fr\/wp-json\/wp\/v2\/product_cat?post=394681"},{"taxonomy":"product_tag","embeddable":true,"href":"https:\/\/twenty4action.com\/fr\/wp-json\/wp\/v2\/product_tag?post=394681"}],"curies":[{"name":"wp","href":"https:\/\/api.w.org\/{rel}","templated":true}]}}