{"id":394027,"date":"2021-08-09T22:43:55","date_gmt":"2021-08-09T20:43:55","guid":{"rendered":"https:\/\/twenty4action.com\/?post_type=product&#038;p=394027"},"modified":"2023-09-05T23:23:37","modified_gmt":"2023-09-05T21:23:37","slug":"jmk-ride-face-mask","status":"publish","type":"product","link":"https:\/\/twenty4action.com\/fr\/shop\/jmk-ride-face-mask\/","title":{"rendered":"JMKRIDE Face Mask"},"content":{"rendered":"<p><\/p>\n<div>\n<div>\n<h2><strong>Le masque bouche et nez officiel JMKRIDE<\/strong><\/h2>\n<p>\u00c9l\u00e9gant malgr\u00e9 COVID! Obtenez notre nouveau masque buccal et nasal JMKRIDE maintenant. Disponible en deux mod\u00e8les diff\u00e9rents. Les sangles d&#8217;oreilles sont r\u00e9glables.<\/p>\n<p><span style=\"color: #ff0000;\">* Ce ne sont pas des masques m\u00e9dicaux !<\/span><\/p>\n<p>Il n&#8217;y a qu&#8217;une seule taille qui conviendra \u00e0 la plupart des gens.<\/p>\n<\/div>\n<p>\u00c9carts de couleur possibles<\/p>\n<h3><strong>Prix pour 1 pi\u00e8ce!<\/strong><\/h3>\n<\/div>\n<div><\/div>\n<h3><\/h3>\n<p><\/p>","protected":false},"excerpt":{"rendered":"<p>Le masque bouche et nez officiel JMKRIDE \u00c9l\u00e9gant malgr\u00e9 COVID! Obtenez notre nouveau masque buccal et nasal JMKRIDE maintenant. Disponible en deux mod\u00e8les diff\u00e9rents. Les sangles d&#8217;oreilles sont r\u00e9glables. * Ce ne sont pas des masques m\u00e9dicaux ! Il n&#8217;y a qu&#8217;une seule taille qui conviendra \u00e0 la plupart des gens. \u00c9carts de couleur possibles [&hellip;]<\/p>\n","protected":false},"featured_media":394030,"template":"","meta":{"site-sidebar-layout":"no-sidebar","site-content-layout":"content-boxed-container","ast-site-content-layout":"normal-width-container","site-content-style":"boxed","site-sidebar-style":"unboxed","ast-global-header-display":"","ast-banner-title-visibility":"","ast-main-header-display":"","ast-hfb-above-header-display":"","ast-hfb-below-header-display":"","ast-hfb-mobile-header-display":"","site-post-title":"","ast-breadcrumbs-content":"","ast-featured-img":"","footer-sml-layout":"","ast-disable-related-posts":"","theme-transparent-header-meta":"default","adv-header-id-meta":"","stick-header-meta":"","header-above-stick-meta":"","header-main-stick-meta":"","header-below-stick-meta":"","astra-migrate-meta-layouts":"set","ast-page-background-enabled":"default","ast-page-background-meta":{"desktop":{"background-color":"","background-image":"","background-repeat":"repeat","background-position":"center center","background-size":"auto","background-attachment":"scroll","background-type":"","background-media":"","overlay-type":"","overlay-color":"","overlay-opacity":"","overlay-gradient":""},"tablet":{"background-color":"","background-image":"","background-repeat":"repeat","background-position":"center center","background-size":"auto","background-attachment":"scroll","background-type":"","background-media":"","overlay-type":"","overlay-color":"","overlay-opacity":"","overlay-gradient":""},"mobile":{"background-color":"","background-image":"","background-repeat":"repeat","background-position":"center center","background-size":"auto","background-attachment":"scroll","background-type":"","background-media":"","overlay-type":"","overlay-color":"","overlay-opacity":"","overlay-gradient":""}},"ast-content-background-meta":{"desktop":{"background-color":"var(--ast-global-color-5)","background-image":"","background-repeat":"repeat","background-position":"center center","background-size":"auto","background-attachment":"scroll","background-type":"","background-media":"","overlay-type":"","overlay-color":"","overlay-opacity":"","overlay-gradient":""},"tablet":{"background-color":"var(--ast-global-color-5)","background-image":"","background-repeat":"repeat","background-position":"center center","background-size":"auto","background-attachment":"scroll","background-type":"","background-media":"","overlay-type":"","overlay-color":"","overlay-opacity":"","overlay-gradient":""},"mobile":{"background-color":"var(--ast-global-color-5)","background-image":"","background-repeat":"repeat","background-position":"center center","background-size":"auto","background-attachment":"scroll","background-type":"","background-media":"","overlay-type":"","overlay-color":"","overlay-opacity":"","overlay-gradient":""}},"advanced_seo_description":"","jetpack_seo_html_title":"","jetpack_seo_noindex":false,"jetpack_post_was_ever_published":false},"product_brand":[],"product_cat":[78],"product_tag":[],"class_list":{"0":"post-394027","1":"product","2":"type-product","3":"status-publish","4":"has-post-thumbnail","6":"product_cat-apparel","7":"product_shipping_class-small","8":"desktop-align-left","9":"tablet-align-left","10":"mobile-align-left","12":"first","13":"instock","14":"taxable","15":"shipping-taxable","16":"purchasable","17":"product-type-variable"},"jetpack_sharing_enabled":true,"_links":{"self":[{"href":"https:\/\/twenty4action.com\/fr\/wp-json\/wp\/v2\/product\/394027","targetHints":{"allow":["GET"]}}],"collection":[{"href":"https:\/\/twenty4action.com\/fr\/wp-json\/wp\/v2\/product"}],"about":[{"href":"https:\/\/twenty4action.com\/fr\/wp-json\/wp\/v2\/types\/product"}],"wp:featuredmedia":[{"embeddable":true,"href":"https:\/\/twenty4action.com\/fr\/wp-json\/wp\/v2\/media\/394030"}],"wp:attachment":[{"href":"https:\/\/twenty4action.com\/fr\/wp-json\/wp\/v2\/media?parent=394027"}],"wp:term":[{"taxonomy":"product_brand","embeddable":true,"href":"https:\/\/twenty4action.com\/fr\/wp-json\/wp\/v2\/product_brand?post=394027"},{"taxonomy":"product_cat","embeddable":true,"href":"https:\/\/twenty4action.com\/fr\/wp-json\/wp\/v2\/product_cat?post=394027"},{"taxonomy":"product_tag","embeddable":true,"href":"https:\/\/twenty4action.com\/fr\/wp-json\/wp\/v2\/product_tag?post=394027"}],"curies":[{"name":"wp","href":"https:\/\/api.w.org\/{rel}","templated":true}]}}