{"id":390775,"date":"2020-11-10T21:39:48","date_gmt":"2020-11-10T19:39:48","guid":{"rendered":"https:\/\/twenty4action.com\/?post_type=product&#038;p=390775"},"modified":"2026-04-16T09:47:08","modified_gmt":"2026-04-16T07:47:08","slug":"customconfig","status":"publish","type":"product","link":"https:\/\/twenty4action.com\/fr\/shop\/customconfig\/","title":{"rendered":"JMKRIDE Customizer"},"content":{"rendered":"<p>Set up <strong>your own colors<\/strong>!!! The configurator with <strong>PROFORMANCE WHEELS<\/strong>!<\/p>\n<p>The\u00a0<strong>PRO-FORMANCE<\/strong>\u00a0wheels by\u00a0<strong>JMKRIDE<\/strong>\u00a0are a real game changer!<br \/>\nWe had been dreaming of such a wheel for years. Not because the\u00a0<strong>CLASSIC<\/strong>\u00a0wheels were any bad at all, but because we were confident that the\u00a0<strong>unique<\/strong>\u00a0<strong>rounded shape<\/strong>\u00a0would make an already incredibly nimble ride so much smoother. And it did. The matt finish does not only look good, in combination with the shape, you will find that your wheels bring more grip onto the street. Ride harder AND smoother at the same time! With the\u00a0<strong>PROFORMANCE<\/strong>\u00a0wheel you will be riding like it was \u201cmeant to be\u201d.<\/p>\n<p>Which wheel you use is your choice and may depend on your style of riding. The shape is the only difference between\u00a0<strong>CLASSIC<\/strong>\u00a0and\u00a0<strong>PROFORMANCE<\/strong>\u00a0wheels. Both are made from high quality materials, both feature a center-set hub and both will have you fly over the asphalt turning heads!<\/p>\n<p><strong>PERSONNALISE TES SKATES!!!<\/strong><\/p>\n<ol>\n<li>Clique le bouton &#8220;<strong>&gt;CUSTOMIZE&lt;<\/strong>&#8220;.<\/li>\n<li>Configure tes Freeskates personnalis\u00e9s, changeant tous les couleurs de chaque pi\u00e8ce.<\/li>\n<li>Ajouter au panier&#8230;<\/li>\n<li>ROLL WITH US<\/li>\n<\/ol>\n<p class=\"p1\"><span class=\"s1\">Les autocollants officiels JMK RIDE inclus &#8211; uniquement dans l&#8217;ensemble personnalis\u00e9 !<\/span><\/p>\n<ul>\n<li class=\"p1\"><span style=\"font-size: 16px;\">Si des pi\u00e8ces autres que les pi\u00e8ces originales JMKRIDE sont utilis\u00e9es pour le montage d&#8217;un patin, la garantie ainsi que le droit de responsabilit\u00e9 sont annul\u00e9s.<\/span><\/li>\n<li class=\"p1\"><span style=\"font-size: 16px;\">Diff\u00e9rences de couleur possibles.<\/span><\/li>\n<li class=\"p1\">Le grain des bandes d&#8217;adh\u00e9rence peut varier.<\/li>\n<li><span style=\"font-size: 16px;\">Conseil de montage : nous recommandons de porter des gants fins et caoutchout\u00e9s pour monter les patins et surtout les griptapes.<br \/>\nNous d\u00e9clinons toute responsabilit\u00e9 en cas de blessure lors du montage.<\/span><\/li>\n<\/ul>\n<h3 id=\"tw-target-text\" class=\"tw-data-text tw-ta tw-text-medium\" dir=\"ltr\" data-placeholder=\"\u00dcbersetzung\"><strong><span lang=\"es\">PRIX pour 1 set!<\/span><\/strong><\/h3>\n<p><\/p>","protected":false},"excerpt":{"rendered":"<p>CUSTOMIZE YOUR SKATES NOW!<\/p>\n","protected":false},"featured_media":404255,"template":"","meta":{"site-sidebar-layout":"no-sidebar","site-content-layout":"content-boxed-container","ast-site-content-layout":"normal-width-container","site-content-style":"boxed","site-sidebar-style":"unboxed","ast-global-header-display":"","ast-banner-title-visibility":"","ast-main-header-display":"","ast-hfb-above-header-display":"","ast-hfb-below-header-display":"","ast-hfb-mobile-header-display":"","site-post-title":"","ast-breadcrumbs-content":"","ast-featured-img":"","footer-sml-layout":"","ast-disable-related-posts":"","theme-transparent-header-meta":"default","adv-header-id-meta":"","stick-header-meta":"","header-above-stick-meta":"","header-main-stick-meta":"","header-below-stick-meta":"","astra-migrate-meta-layouts":"set","ast-page-background-enabled":"default","ast-page-background-meta":{"desktop":{"background-color":"","background-image":"","background-repeat":"repeat","background-position":"center center","background-size":"auto","background-attachment":"scroll","background-type":"","background-media":"","overlay-type":"","overlay-color":"","overlay-opacity":"","overlay-gradient":""},"tablet":{"background-color":"","background-image":"","background-repeat":"repeat","background-position":"center center","background-size":"auto","background-attachment":"scroll","background-type":"","background-media":"","overlay-type":"","overlay-color":"","overlay-opacity":"","overlay-gradient":""},"mobile":{"background-color":"","background-image":"","background-repeat":"repeat","background-position":"center center","background-size":"auto","background-attachment":"scroll","background-type":"","background-media":"","overlay-type":"","overlay-color":"","overlay-opacity":"","overlay-gradient":""}},"ast-content-background-meta":{"desktop":{"background-color":"var(--ast-global-color-5)","background-image":"","background-repeat":"repeat","background-position":"center center","background-size":"auto","background-attachment":"scroll","background-type":"","background-media":"","overlay-type":"","overlay-color":"","overlay-opacity":"","overlay-gradient":""},"tablet":{"background-color":"var(--ast-global-color-5)","background-image":"","background-repeat":"repeat","background-position":"center center","background-size":"auto","background-attachment":"scroll","background-type":"","background-media":"","overlay-type":"","overlay-color":"","overlay-opacity":"","overlay-gradient":""},"mobile":{"background-color":"var(--ast-global-color-5)","background-image":"","background-repeat":"repeat","background-position":"center center","background-size":"auto","background-attachment":"scroll","background-type":"","background-media":"","overlay-type":"","overlay-color":"","overlay-opacity":"","overlay-gradient":""}},"advanced_seo_description":"","jetpack_seo_html_title":"","jetpack_seo_noindex":false,"jetpack_post_was_ever_published":false},"product_brand":[],"product_cat":[53],"product_tag":[],"class_list":{"0":"post-390775","1":"product","2":"type-product","3":"status-publish","4":"has-post-thumbnail","6":"product_cat-freeskates-completes","7":"product_shipping_class-big","8":"desktop-align-left","9":"tablet-align-left","10":"mobile-align-left","12":"first","13":"instock","14":"featured","15":"taxable","16":"shipping-taxable","17":"purchasable","18":"product-type-simple"},"jetpack_sharing_enabled":true,"_links":{"self":[{"href":"https:\/\/twenty4action.com\/fr\/wp-json\/wp\/v2\/product\/390775","targetHints":{"allow":["GET"]}}],"collection":[{"href":"https:\/\/twenty4action.com\/fr\/wp-json\/wp\/v2\/product"}],"about":[{"href":"https:\/\/twenty4action.com\/fr\/wp-json\/wp\/v2\/types\/product"}],"wp:featuredmedia":[{"embeddable":true,"href":"https:\/\/twenty4action.com\/fr\/wp-json\/wp\/v2\/media\/404255"}],"wp:attachment":[{"href":"https:\/\/twenty4action.com\/fr\/wp-json\/wp\/v2\/media?parent=390775"}],"wp:term":[{"taxonomy":"product_brand","embeddable":true,"href":"https:\/\/twenty4action.com\/fr\/wp-json\/wp\/v2\/product_brand?post=390775"},{"taxonomy":"product_cat","embeddable":true,"href":"https:\/\/twenty4action.com\/fr\/wp-json\/wp\/v2\/product_cat?post=390775"},{"taxonomy":"product_tag","embeddable":true,"href":"https:\/\/twenty4action.com\/fr\/wp-json\/wp\/v2\/product_tag?post=390775"}],"curies":[{"name":"wp","href":"https:\/\/api.w.org\/{rel}","templated":true}]}}