{"id":390446,"date":"2020-06-20T18:21:47","date_gmt":"2020-06-20T16:21:47","guid":{"rendered":"https:\/\/twenty4action.com\/?post_type=product&#038;p=390446"},"modified":"2026-04-26T18:16:16","modified_gmt":"2026-04-26T16:16:16","slug":"shock-pad","status":"publish","type":"product","link":"https:\/\/twenty4action.com\/fr\/shop\/shock-pad\/","title":{"rendered":"JMKRIDE Shock Pads (Set of 2pcs)"},"content":{"rendered":"<p>Los <b>amortiguadores originales JMKRIDE<\/b> son amortiguadores de PVC que se fijan entre la plataforma y el cami\u00f3n.<\/p>\n<p class=\"p1\"><span class=\"s1\">Ils sont absolument n\u00e9cessaires pour le patinage!<\/span><\/p>\n<p class=\"p1\"><span class=\"s1\">Si vous avez l&#8217;intention d&#8217;acheter des pi\u00e8ces d\u00e9tach\u00e9es pour assembler vous-m\u00eame un patin, vous devez absolument commander ce produit.<\/span><\/p>\n<p>Las almohadillas de choque son un elemento que est\u00e1 sujeto a desgaste y se deben reemplazar con regularidad para garantizar la seguridad y la comodidad de conducci\u00f3n.<\/p>\n<p class=\"p1\"><span class=\"s1\">Si aucun ou autre que les coussinets d&#8217;amortisseur JMKRIDE d&#8217;origine n&#8217;est utilis\u00e9, les r\u00e9clamations de garantie et de responsabilit\u00e9 sont nulles.<\/span><\/p>\n<p>Tampoco asumimos ninguna responsabilidad por una combinaci\u00f3n con piezas de otros fabricantes.<\/p>\n<h3 id=\"tw-target-text\" class=\"tw-data-text tw-ta tw-text-medium\" dir=\"ltr\" data-placeholder=\"\u00dcbersetzung\"><strong><span lang=\"fr\">Prix \u200b\u200bpour 1 jeu!<\/span><\/strong><\/h3>\n<p><\/p>","protected":false},"excerpt":{"rendered":"<p>Los amortiguadores originales JMKRIDE son amortiguadores de PVC que se fijan entre la plataforma y el cami\u00f3n. Ils sont absolument n\u00e9cessaires pour le patinage! Si vous avez l&#8217;intention d&#8217;acheter des pi\u00e8ces d\u00e9tach\u00e9es pour assembler vous-m\u00eame un patin, vous devez absolument commander ce produit. Las almohadillas de choque son un elemento que est\u00e1 sujeto a desgaste [&hellip;]<\/p>\n","protected":false},"featured_media":394131,"template":"","meta":{"site-sidebar-layout":"no-sidebar","site-content-layout":"content-boxed-container","ast-site-content-layout":"normal-width-container","site-content-style":"boxed","site-sidebar-style":"unboxed","ast-global-header-display":"","ast-banner-title-visibility":"","ast-main-header-display":"","ast-hfb-above-header-display":"","ast-hfb-below-header-display":"","ast-hfb-mobile-header-display":"","site-post-title":"","ast-breadcrumbs-content":"","ast-featured-img":"","footer-sml-layout":"","ast-disable-related-posts":"","theme-transparent-header-meta":"default","adv-header-id-meta":"","stick-header-meta":"","header-above-stick-meta":"","header-main-stick-meta":"","header-below-stick-meta":"","astra-migrate-meta-layouts":"set","ast-page-background-enabled":"default","ast-page-background-meta":{"desktop":{"background-color":"","background-image":"","background-repeat":"repeat","background-position":"center center","background-size":"auto","background-attachment":"scroll","background-type":"","background-media":"","overlay-type":"","overlay-color":"","overlay-opacity":"","overlay-gradient":""},"tablet":{"background-color":"","background-image":"","background-repeat":"repeat","background-position":"center center","background-size":"auto","background-attachment":"scroll","background-type":"","background-media":"","overlay-type":"","overlay-color":"","overlay-opacity":"","overlay-gradient":""},"mobile":{"background-color":"","background-image":"","background-repeat":"repeat","background-position":"center center","background-size":"auto","background-attachment":"scroll","background-type":"","background-media":"","overlay-type":"","overlay-color":"","overlay-opacity":"","overlay-gradient":""}},"ast-content-background-meta":{"desktop":{"background-color":"var(--ast-global-color-5)","background-image":"","background-repeat":"repeat","background-position":"center center","background-size":"auto","background-attachment":"scroll","background-type":"","background-media":"","overlay-type":"","overlay-color":"","overlay-opacity":"","overlay-gradient":""},"tablet":{"background-color":"var(--ast-global-color-5)","background-image":"","background-repeat":"repeat","background-position":"center center","background-size":"auto","background-attachment":"scroll","background-type":"","background-media":"","overlay-type":"","overlay-color":"","overlay-opacity":"","overlay-gradient":""},"mobile":{"background-color":"var(--ast-global-color-5)","background-image":"","background-repeat":"repeat","background-position":"center center","background-size":"auto","background-attachment":"scroll","background-type":"","background-media":"","overlay-type":"","overlay-color":"","overlay-opacity":"","overlay-gradient":""}},"advanced_seo_description":"","jetpack_seo_html_title":"","jetpack_seo_noindex":false,"jetpack_post_was_ever_published":false},"product_brand":[],"product_cat":[77],"product_tag":[],"class_list":{"0":"post-390446","1":"product","2":"type-product","3":"status-publish","4":"has-post-thumbnail","6":"product_cat-accessories","7":"product_shipping_class-small","8":"desktop-align-left","9":"tablet-align-left","10":"mobile-align-left","12":"first","13":"instock","14":"taxable","15":"shipping-taxable","16":"purchasable","17":"product-type-simple"},"jetpack_sharing_enabled":true,"_links":{"self":[{"href":"https:\/\/twenty4action.com\/fr\/wp-json\/wp\/v2\/product\/390446","targetHints":{"allow":["GET"]}}],"collection":[{"href":"https:\/\/twenty4action.com\/fr\/wp-json\/wp\/v2\/product"}],"about":[{"href":"https:\/\/twenty4action.com\/fr\/wp-json\/wp\/v2\/types\/product"}],"wp:featuredmedia":[{"embeddable":true,"href":"https:\/\/twenty4action.com\/fr\/wp-json\/wp\/v2\/media\/394131"}],"wp:attachment":[{"href":"https:\/\/twenty4action.com\/fr\/wp-json\/wp\/v2\/media?parent=390446"}],"wp:term":[{"taxonomy":"product_brand","embeddable":true,"href":"https:\/\/twenty4action.com\/fr\/wp-json\/wp\/v2\/product_brand?post=390446"},{"taxonomy":"product_cat","embeddable":true,"href":"https:\/\/twenty4action.com\/fr\/wp-json\/wp\/v2\/product_cat?post=390446"},{"taxonomy":"product_tag","embeddable":true,"href":"https:\/\/twenty4action.com\/fr\/wp-json\/wp\/v2\/product_tag?post=390446"}],"curies":[{"name":"wp","href":"https:\/\/api.w.org\/{rel}","templated":true}]}}