{"id":390445,"date":"2020-06-20T18:17:22","date_gmt":"2020-06-20T16:17:22","guid":{"rendered":"https:\/\/twenty4action.com\/?post_type=product&#038;p=390445"},"modified":"2026-04-05T22:04:33","modified_gmt":"2026-04-05T20:04:33","slug":"screw-kit","status":"publish","type":"product","link":"https:\/\/twenty4action.com\/fr\/shop\/screw-kit\/","title":{"rendered":"JMKRIDE Screw Kit"},"content":{"rendered":"<p>Le <strong>kit de vis d&#8217;origine JMKRIDE<\/strong> contient toutes les vis et \u00e9crous pour assembler un jeu de patins complet.<\/p>\n<p>Sont inclus\u00a0:<\/p>\n<p>4x boulons d&#8217;essieu<\/p>\n<p>8x entretoises<\/p>\n<p>8x \u00e9crous avec logo JMK RIDE<\/p>\n<p>4x vis \u00e0 t\u00eate plate<\/p>\n<p>1x cl\u00e9 Allen 5\/32<\/p>\n<p>Toutes les pi\u00e8ces sont en acier inoxydable.<\/p>\n<p><span class=\"s1\">Si vous avez l&#8217;intention d&#8217;acheter des pi\u00e8ces d\u00e9tach\u00e9es pour assembler vous-m\u00eame un patin, vous devez absolument commander ce produit.<\/span><\/p>\n<p>Le kit visserie est une pi\u00e8ce d&#8217;usure et doit \u00eatre renouvel\u00e9 r\u00e9guli\u00e8rement pour assurer la s\u00e9curit\u00e9 et le confort de conduite.<\/p>\n<p class=\"p1\"><span class=\"s1\">Si des pi\u00e8ces autres que les pi\u00e8ces d&#8217;origine du kit de vis JMKRIDE sont utilis\u00e9es, la garantie et la r\u00e9clamation en responsabilit\u00e9 sont annul\u00e9es.<\/span><\/p>\n<p>Nous d\u00e9clinons \u00e9galement toute responsabilit\u00e9 en cas de combinaison avec des pi\u00e8ces d&#8217;autres fabricants.<\/p>","protected":false},"excerpt":{"rendered":"<p>Le kit de vis d&#8217;origine JMKRIDE contient toutes les vis et \u00e9crous pour assembler un jeu de patins complet. Sont inclus\u00a0: 4x boulons d&#8217;essieu 8x entretoises 8x \u00e9crous avec logo JMK RIDE 4x vis \u00e0 t\u00eate plate 1x cl\u00e9 Allen 5\/32 Toutes les pi\u00e8ces sont en acier inoxydable. Si vous avez l&#8217;intention d&#8217;acheter des pi\u00e8ces [&hellip;]<\/p>\n","protected":false},"featured_media":394022,"template":"","meta":{"site-sidebar-layout":"no-sidebar","site-content-layout":"content-boxed-container","ast-site-content-layout":"normal-width-container","site-content-style":"boxed","site-sidebar-style":"unboxed","ast-global-header-display":"","ast-banner-title-visibility":"","ast-main-header-display":"","ast-hfb-above-header-display":"","ast-hfb-below-header-display":"","ast-hfb-mobile-header-display":"","site-post-title":"","ast-breadcrumbs-content":"","ast-featured-img":"","footer-sml-layout":"","ast-disable-related-posts":"","theme-transparent-header-meta":"default","adv-header-id-meta":"","stick-header-meta":"","header-above-stick-meta":"","header-main-stick-meta":"","header-below-stick-meta":"","astra-migrate-meta-layouts":"set","ast-page-background-enabled":"default","ast-page-background-meta":{"desktop":{"background-color":"","background-image":"","background-repeat":"repeat","background-position":"center center","background-size":"auto","background-attachment":"scroll","background-type":"","background-media":"","overlay-type":"","overlay-color":"","overlay-opacity":"","overlay-gradient":""},"tablet":{"background-color":"","background-image":"","background-repeat":"repeat","background-position":"center center","background-size":"auto","background-attachment":"scroll","background-type":"","background-media":"","overlay-type":"","overlay-color":"","overlay-opacity":"","overlay-gradient":""},"mobile":{"background-color":"","background-image":"","background-repeat":"repeat","background-position":"center center","background-size":"auto","background-attachment":"scroll","background-type":"","background-media":"","overlay-type":"","overlay-color":"","overlay-opacity":"","overlay-gradient":""}},"ast-content-background-meta":{"desktop":{"background-color":"var(--ast-global-color-5)","background-image":"","background-repeat":"repeat","background-position":"center center","background-size":"auto","background-attachment":"scroll","background-type":"","background-media":"","overlay-type":"","overlay-color":"","overlay-opacity":"","overlay-gradient":""},"tablet":{"background-color":"var(--ast-global-color-5)","background-image":"","background-repeat":"repeat","background-position":"center center","background-size":"auto","background-attachment":"scroll","background-type":"","background-media":"","overlay-type":"","overlay-color":"","overlay-opacity":"","overlay-gradient":""},"mobile":{"background-color":"var(--ast-global-color-5)","background-image":"","background-repeat":"repeat","background-position":"center center","background-size":"auto","background-attachment":"scroll","background-type":"","background-media":"","overlay-type":"","overlay-color":"","overlay-opacity":"","overlay-gradient":""}},"advanced_seo_description":"","jetpack_seo_html_title":"","jetpack_seo_noindex":false,"jetpack_post_was_ever_published":false},"product_brand":[],"product_cat":[77],"product_tag":[],"class_list":{"0":"post-390445","1":"product","2":"type-product","3":"status-publish","4":"has-post-thumbnail","6":"product_cat-accessories","7":"product_shipping_class-small","8":"desktop-align-left","9":"tablet-align-left","10":"mobile-align-left","12":"first","13":"instock","14":"taxable","15":"shipping-taxable","16":"purchasable","17":"product-type-simple"},"jetpack_sharing_enabled":true,"_links":{"self":[{"href":"https:\/\/twenty4action.com\/fr\/wp-json\/wp\/v2\/product\/390445","targetHints":{"allow":["GET"]}}],"collection":[{"href":"https:\/\/twenty4action.com\/fr\/wp-json\/wp\/v2\/product"}],"about":[{"href":"https:\/\/twenty4action.com\/fr\/wp-json\/wp\/v2\/types\/product"}],"wp:featuredmedia":[{"embeddable":true,"href":"https:\/\/twenty4action.com\/fr\/wp-json\/wp\/v2\/media\/394022"}],"wp:attachment":[{"href":"https:\/\/twenty4action.com\/fr\/wp-json\/wp\/v2\/media?parent=390445"}],"wp:term":[{"taxonomy":"product_brand","embeddable":true,"href":"https:\/\/twenty4action.com\/fr\/wp-json\/wp\/v2\/product_brand?post=390445"},{"taxonomy":"product_cat","embeddable":true,"href":"https:\/\/twenty4action.com\/fr\/wp-json\/wp\/v2\/product_cat?post=390445"},{"taxonomy":"product_tag","embeddable":true,"href":"https:\/\/twenty4action.com\/fr\/wp-json\/wp\/v2\/product_tag?post=390445"}],"curies":[{"name":"wp","href":"https:\/\/api.w.org\/{rel}","templated":true}]}}