{"id":705,"date":"2018-06-07T16:38:49","date_gmt":"2018-06-07T14:38:49","guid":{"rendered":"http:\/\/twenty4action.com\/bezahlmoeglichkeiten\/"},"modified":"2025-10-20T15:49:41","modified_gmt":"2025-10-20T13:49:41","slug":"bezahlmoeglichkeiten","status":"publish","type":"page","link":"https:\/\/twenty4action.com\/fr\/contact\/bezahlmoeglichkeiten\/","title":{"rendered":"Moyens de Payer"},"content":{"rendered":"<p><\/p>\n<h2>Nos options de paiement sont:<\/h2>\n<p><a href=\"https:\/\/twenty4action.com\/wp-content\/uploads\/2020\/12\/de-pp_plus-logo-quer_mit_PUI_540x60px.jpg\"><img decoding=\"async\" src=\"https:\/\/twenty4action.com\/wp-content\/uploads\/2020\/12\/de-pp_plus-logo-quer_mit_PUI_540x60px-300x33.jpg\" alt=\"\" width=\"300\" height=\"33\" \/><\/a><\/p>\n<p>Compte PayPal, PayPal Instalment**, PayPal Pay Later*, Purchase on Invoice*, SEPA Direct Debit, Debit &amp; Credit Card, giropay (ou \u00e9quivalents \u00e9trangers), Sofort Bank Transfer<\/p>\n<p>Vous n&#8217;avez pas besoin d&#8217;un compte PayPal pour les modes de paiement Achat sur facture, Paiement par carte de cr\u00e9dit ainsi que pour les paiements via les modes de paiement alternatifs (par ex. giropay, Sofort).<\/p>\n<p>*Uniquement utilisable avec une r\u00e9sidence allemande et un compte PayPal allemand, o\u00f9 un compte bancaire est d\u00e9pos\u00e9 et confirm\u00e9 comme source de paiement. En outre, une cote de cr\u00e9dit positive doit \u00eatre disponible.<\/p>\n<p>**La r\u00e9sidence en Allemagne est obligatoire.<br \/>\n[payment_methods_info]<\/p>","protected":false},"excerpt":{"rendered":"<p>Nos options de paiement sont: Compte PayPal, PayPal Instalment**, PayPal Pay Later*, Purchase on Invoice*, SEPA Direct Debit, Debit &amp; Credit Card, giropay (ou \u00e9quivalents \u00e9trangers), Sofort Bank Transfer Vous n&#8217;avez pas besoin d&#8217;un compte PayPal pour les modes de paiement Achat sur facture, Paiement par carte de cr\u00e9dit ainsi que pour les paiements via [&hellip;]<\/p>\n","protected":false},"author":45,"featured_media":0,"parent":176,"menu_order":0,"comment_status":"closed","ping_status":"closed","template":"elementor_header_footer","meta":{"site-sidebar-layout":"default","site-content-layout":"default","ast-site-content-layout":"default","site-content-style":"default","site-sidebar-style":"default","ast-global-header-display":"","ast-banner-title-visibility":"","ast-main-header-display":"","ast-hfb-above-header-display":"","ast-hfb-below-header-display":"","ast-hfb-mobile-header-display":"","site-post-title":"","ast-breadcrumbs-content":"","ast-featured-img":"","footer-sml-layout":"","ast-disable-related-posts":"","theme-transparent-header-meta":"disabled","adv-header-id-meta":"","stick-header-meta":"","header-above-stick-meta":"","header-main-stick-meta":"","header-below-stick-meta":"","astra-migrate-meta-layouts":"set","ast-page-background-enabled":"default","ast-page-background-meta":{"desktop":{"background-color":"","background-image":"","background-repeat":"repeat","background-position":"center center","background-size":"auto","background-attachment":"scroll","background-type":"","background-media":"","overlay-type":"","overlay-color":"","overlay-opacity":"","overlay-gradient":""},"tablet":{"background-color":"","background-image":"","background-repeat":"repeat","background-position":"center center","background-size":"auto","background-attachment":"scroll","background-type":"","background-media":"","overlay-type":"","overlay-color":"","overlay-opacity":"","overlay-gradient":""},"mobile":{"background-color":"","background-image":"","background-repeat":"repeat","background-position":"center center","background-size":"auto","background-attachment":"scroll","background-type":"","background-media":"","overlay-type":"","overlay-color":"","overlay-opacity":"","overlay-gradient":""}},"ast-content-background-meta":{"desktop":{"background-color":"var(--ast-global-color-5)","background-image":"","background-repeat":"repeat","background-position":"center center","background-size":"auto","background-attachment":"scroll","background-type":"","background-media":"","overlay-type":"","overlay-color":"","overlay-opacity":"","overlay-gradient":""},"tablet":{"background-color":"var(--ast-global-color-5)","background-image":"","background-repeat":"repeat","background-position":"center center","background-size":"auto","background-attachment":"scroll","background-type":"","background-media":"","overlay-type":"","overlay-color":"","overlay-opacity":"","overlay-gradient":""},"mobile":{"background-color":"var(--ast-global-color-5)","background-image":"","background-repeat":"repeat","background-position":"center center","background-size":"auto","background-attachment":"scroll","background-type":"","background-media":"","overlay-type":"","overlay-color":"","overlay-opacity":"","overlay-gradient":""}},"advanced_seo_description":"","jetpack_seo_html_title":"","jetpack_seo_noindex":false,"jetpack_post_was_ever_published":false,"footnotes":""},"class_list":["post-705","page","type-page","status-publish","hentry"],"jetpack_sharing_enabled":true,"_links":{"self":[{"href":"https:\/\/twenty4action.com\/fr\/wp-json\/wp\/v2\/pages\/705","targetHints":{"allow":["GET"]}}],"collection":[{"href":"https:\/\/twenty4action.com\/fr\/wp-json\/wp\/v2\/pages"}],"about":[{"href":"https:\/\/twenty4action.com\/fr\/wp-json\/wp\/v2\/types\/page"}],"author":[{"embeddable":true,"href":"https:\/\/twenty4action.com\/fr\/wp-json\/wp\/v2\/users\/45"}],"replies":[{"embeddable":true,"href":"https:\/\/twenty4action.com\/fr\/wp-json\/wp\/v2\/comments?post=705"}],"version-history":[{"count":0,"href":"https:\/\/twenty4action.com\/fr\/wp-json\/wp\/v2\/pages\/705\/revisions"}],"up":[{"embeddable":true,"href":"https:\/\/twenty4action.com\/fr\/wp-json\/wp\/v2\/pages\/176"}],"wp:attachment":[{"href":"https:\/\/twenty4action.com\/fr\/wp-json\/wp\/v2\/media?parent=705"}],"curies":[{"name":"wp","href":"https:\/\/api.w.org\/{rel}","templated":true}]}}