{"id":421,"date":"2017-10-21T10:23:03","date_gmt":"2017-10-21T08:23:03","guid":{"rendered":"http:\/\/test.twenty4action.com\/?post_type=product&#038;p=421"},"modified":"2026-04-29T00:56:00","modified_gmt":"2026-04-28T22:56:00","slug":"edge-guards","status":"publish","type":"product","link":"https:\/\/twenty4action.com\/es\/shop\/edge-guards\/","title":{"rendered":"JMKRIDE Edge Guard (1 pieza)"},"content":{"rendered":"<p><strong>Original JMKRIDE Edge Guard<\/strong><\/p>\n<p>El ajuste de los Edge Guards se adapta perfectamente a nuestras cubiertas y consta de un compuesto de goma de alta calidad.<\/p>\n<p>Idealmente protegen las plataformas de raspaduras y raspaduras y aseguran que pueda salir de la plataforma en silencio, ya sea intencionalmente o no.<\/p>\n<p>posible\u00a0desviaciones de color<\/p>\n<p><strong>Consejo de montaje:<\/strong><\/p>\n<p>Dado que concedemos gran importancia a la comodidad y la seguridad en la conducci\u00f3n, nuestros protectores de bordes son extremadamente precisos para evitar deslizamientos o similares. Por ello, el montaje puede resultar m\u00e1s dif\u00edcil si la temperatura es demasiado baja.<br \/>\nPara facilitar la instalaci\u00f3n, coloque previamente los protectores de cantos en agua caliente o cali\u00e9ntelos ligeramente con un secador de pelo. A continuaci\u00f3n, comience el montaje por una esquina. Una palanca, preferiblemente no met\u00e1lica, facilitar\u00e1 a\u00fan m\u00e1s la instalaci\u00f3n.<br \/>\n<strong>Atenci\u00f3n<\/strong>: No nos hacemos responsables de las deformaciones que puedan sufrir los protectores de bordes debido a un calentamiento excesivo ni de otros da\u00f1os que puedan sufrir los componentes durante el montaje.<\/p>\n<h3 id=\"tw-target-text\" class=\"tw-data-text tw-ta tw-text-medium\" dir=\"ltr\" data-placeholder=\"\u00dcbersetzung\">\u00a1Precio por pieza!<\/h3>\n<p><\/p>","protected":false},"excerpt":{"rendered":"<p>Original JMKRIDE Edge Guard El ajuste de los Edge Guards se adapta perfectamente a nuestras cubiertas y consta de un compuesto de goma de alta calidad. Idealmente protegen las plataformas de raspaduras y raspaduras y aseguran que pueda salir de la plataforma en silencio, ya sea intencionalmente o no. posible\u00a0desviaciones de color Consejo de montaje: [&hellip;]<\/p>\n","protected":false},"featured_media":395592,"template":"","meta":{"site-sidebar-layout":"no-sidebar","site-content-layout":"content-boxed-container","ast-site-content-layout":"normal-width-container","site-content-style":"boxed","site-sidebar-style":"unboxed","ast-global-header-display":"","ast-banner-title-visibility":"","ast-main-header-display":"","ast-hfb-above-header-display":"","ast-hfb-below-header-display":"","ast-hfb-mobile-header-display":"","site-post-title":"","ast-breadcrumbs-content":"","ast-featured-img":"","footer-sml-layout":"","ast-disable-related-posts":"","theme-transparent-header-meta":"default","adv-header-id-meta":"","stick-header-meta":"","header-above-stick-meta":"","header-main-stick-meta":"","header-below-stick-meta":"","astra-migrate-meta-layouts":"set","ast-page-background-enabled":"default","ast-page-background-meta":{"desktop":{"background-color":"","background-image":"","background-repeat":"repeat","background-position":"center center","background-size":"auto","background-attachment":"scroll","background-type":"","background-media":"","overlay-type":"","overlay-color":"","overlay-opacity":"","overlay-gradient":""},"tablet":{"background-color":"","background-image":"","background-repeat":"repeat","background-position":"center center","background-size":"auto","background-attachment":"scroll","background-type":"","background-media":"","overlay-type":"","overlay-color":"","overlay-opacity":"","overlay-gradient":""},"mobile":{"background-color":"","background-image":"","background-repeat":"repeat","background-position":"center center","background-size":"auto","background-attachment":"scroll","background-type":"","background-media":"","overlay-type":"","overlay-color":"","overlay-opacity":"","overlay-gradient":""}},"ast-content-background-meta":{"desktop":{"background-color":"var(--ast-global-color-5)","background-image":"","background-repeat":"repeat","background-position":"center center","background-size":"auto","background-attachment":"scroll","background-type":"","background-media":"","overlay-type":"","overlay-color":"","overlay-opacity":"","overlay-gradient":""},"tablet":{"background-color":"var(--ast-global-color-5)","background-image":"","background-repeat":"repeat","background-position":"center center","background-size":"auto","background-attachment":"scroll","background-type":"","background-media":"","overlay-type":"","overlay-color":"","overlay-opacity":"","overlay-gradient":""},"mobile":{"background-color":"var(--ast-global-color-5)","background-image":"","background-repeat":"repeat","background-position":"center center","background-size":"auto","background-attachment":"scroll","background-type":"","background-media":"","overlay-type":"","overlay-color":"","overlay-opacity":"","overlay-gradient":""}},"advanced_seo_description":"","jetpack_seo_html_title":"","jetpack_seo_noindex":false,"jetpack_post_was_ever_published":false},"product_brand":[],"product_cat":[77],"product_tag":[],"class_list":{"0":"post-421","1":"product","2":"type-product","3":"status-publish","4":"has-post-thumbnail","6":"product_cat-accessories","7":"product_shipping_class-small","8":"desktop-align-left","9":"tablet-align-left","10":"mobile-align-left","12":"first","13":"instock","14":"taxable","15":"shipping-taxable","16":"purchasable","17":"product-type-variable","18":"has-default-attributes"},"jetpack_sharing_enabled":true,"_links":{"self":[{"href":"https:\/\/twenty4action.com\/es\/wp-json\/wp\/v2\/product\/421","targetHints":{"allow":["GET"]}}],"collection":[{"href":"https:\/\/twenty4action.com\/es\/wp-json\/wp\/v2\/product"}],"about":[{"href":"https:\/\/twenty4action.com\/es\/wp-json\/wp\/v2\/types\/product"}],"wp:featuredmedia":[{"embeddable":true,"href":"https:\/\/twenty4action.com\/es\/wp-json\/wp\/v2\/media\/395592"}],"wp:attachment":[{"href":"https:\/\/twenty4action.com\/es\/wp-json\/wp\/v2\/media?parent=421"}],"wp:term":[{"taxonomy":"product_brand","embeddable":true,"href":"https:\/\/twenty4action.com\/es\/wp-json\/wp\/v2\/product_brand?post=421"},{"taxonomy":"product_cat","embeddable":true,"href":"https:\/\/twenty4action.com\/es\/wp-json\/wp\/v2\/product_cat?post=421"},{"taxonomy":"product_tag","embeddable":true,"href":"https:\/\/twenty4action.com\/es\/wp-json\/wp\/v2\/product_tag?post=421"}],"curies":[{"name":"wp","href":"https:\/\/api.w.org\/{rel}","templated":true}]}}