{"id":394582,"date":"2021-11-25T22:47:04","date_gmt":"2021-11-25T20:47:04","guid":{"rendered":"https:\/\/twenty4action.com\/?post_type=product&#038;p=394582"},"modified":"2026-02-12T22:55:35","modified_gmt":"2026-02-12T20:55:35","slug":"swag-pack","status":"publish","type":"product","link":"https:\/\/twenty4action.com\/es\/shop\/swag-pack\/","title":{"rendered":"JMKRIDE SWAG PACK"},"content":{"rendered":"<p><\/p>\n<h1 class=\"cpb-product-title\">JMKRIDE SWAG Pack!<\/h1>\n<p><strong>\u00a1Ahorre m\u00e1s<\/strong> <strong>del 10%<\/strong> en comparaci\u00f3n con las compras individuales y prep\u00e1rese de inmediato!<\/p>\n<p>Conducir con Edge Guards desde el principio es extremadamente suave con los patines. \u00a1Tambi\u00e9n puede empacarlos de forma segura en la nueva bolsa para que pueda llevarlos f\u00e1cilmente a cualquier lugar! \u00a1Un agarre y listo!\u00a0\u00a1Y nuestra camiseta cl\u00e1sica JMKRIDE y la elegante gorra de b\u00e9isbol JMKRIDE original garantizan el atuendo adecuado!<\/p>\n<p>Se incluyen:<\/p>\n<ul>\n<li>1 juego de patines freeskates de edici\u00f3n limitada de tu elecci\u00f3n<\/li>\n<li>1 juego de protectores de borde de su elecci\u00f3n (combinables individualmente)<\/li>\n<li>1 camiseta cl\u00e1sica (se puede seleccionar la talla)<\/li>\n<li>1 gorra de b\u00e9isbol de tu elecci\u00f3n<\/li>\n<\/ul>\n<p>posible\u00a0desviaciones de color &#8211; El tama\u00f1o de grano de la cinta de agarre puede variar.<\/p>\n<h3><strong>\u00a1Precio por 1 paquete!<\/strong><\/h3>\n<p><\/p>","protected":false},"excerpt":{"rendered":"<p>JMKRIDE SWAG Pack! \u00a1Ahorre m\u00e1s del 10% en comparaci\u00f3n con las compras individuales y prep\u00e1rese de inmediato! Conducir con Edge Guards desde el principio es extremadamente suave con los patines. \u00a1Tambi\u00e9n puede empacarlos de forma segura en la nueva bolsa para que pueda llevarlos f\u00e1cilmente a cualquier lugar! \u00a1Un agarre y listo!\u00a0\u00a1Y nuestra camiseta cl\u00e1sica [&hellip;]<\/p>\n","protected":false},"featured_media":394583,"template":"","meta":{"site-sidebar-layout":"no-sidebar","site-content-layout":"content-boxed-container","ast-site-content-layout":"normal-width-container","site-content-style":"boxed","site-sidebar-style":"unboxed","ast-global-header-display":"","ast-banner-title-visibility":"","ast-main-header-display":"","ast-hfb-above-header-display":"","ast-hfb-below-header-display":"","ast-hfb-mobile-header-display":"","site-post-title":"","ast-breadcrumbs-content":"","ast-featured-img":"","footer-sml-layout":"","ast-disable-related-posts":"","theme-transparent-header-meta":"default","adv-header-id-meta":"","stick-header-meta":"","header-above-stick-meta":"","header-main-stick-meta":"","header-below-stick-meta":"","astra-migrate-meta-layouts":"set","ast-page-background-enabled":"default","ast-page-background-meta":{"desktop":{"background-color":"","background-image":"","background-repeat":"repeat","background-position":"center center","background-size":"auto","background-attachment":"scroll","background-type":"","background-media":"","overlay-type":"","overlay-color":"","overlay-opacity":"","overlay-gradient":""},"tablet":{"background-color":"","background-image":"","background-repeat":"repeat","background-position":"center center","background-size":"auto","background-attachment":"scroll","background-type":"","background-media":"","overlay-type":"","overlay-color":"","overlay-opacity":"","overlay-gradient":""},"mobile":{"background-color":"","background-image":"","background-repeat":"repeat","background-position":"center center","background-size":"auto","background-attachment":"scroll","background-type":"","background-media":"","overlay-type":"","overlay-color":"","overlay-opacity":"","overlay-gradient":""}},"ast-content-background-meta":{"desktop":{"background-color":"var(--ast-global-color-5)","background-image":"","background-repeat":"repeat","background-position":"center center","background-size":"auto","background-attachment":"scroll","background-type":"","background-media":"","overlay-type":"","overlay-color":"","overlay-opacity":"","overlay-gradient":""},"tablet":{"background-color":"var(--ast-global-color-5)","background-image":"","background-repeat":"repeat","background-position":"center center","background-size":"auto","background-attachment":"scroll","background-type":"","background-media":"","overlay-type":"","overlay-color":"","overlay-opacity":"","overlay-gradient":""},"mobile":{"background-color":"var(--ast-global-color-5)","background-image":"","background-repeat":"repeat","background-position":"center center","background-size":"auto","background-attachment":"scroll","background-type":"","background-media":"","overlay-type":"","overlay-color":"","overlay-opacity":"","overlay-gradient":""}},"advanced_seo_description":"","jetpack_seo_html_title":"","jetpack_seo_noindex":false,"jetpack_post_was_ever_published":false},"product_brand":[],"product_cat":[79],"product_tag":[],"class_list":{"0":"post-394582","1":"product","2":"type-product","3":"status-publish","4":"has-post-thumbnail","6":"product_cat-bundles","7":"product_shipping_class-big","8":"desktop-align-left","9":"tablet-align-left","10":"mobile-align-left","12":"first","13":"instock","14":"sale","15":"taxable","16":"shipping-taxable","17":"purchasable","18":"product-type-simple"},"jetpack_sharing_enabled":true,"_links":{"self":[{"href":"https:\/\/twenty4action.com\/es\/wp-json\/wp\/v2\/product\/394582","targetHints":{"allow":["GET"]}}],"collection":[{"href":"https:\/\/twenty4action.com\/es\/wp-json\/wp\/v2\/product"}],"about":[{"href":"https:\/\/twenty4action.com\/es\/wp-json\/wp\/v2\/types\/product"}],"wp:featuredmedia":[{"embeddable":true,"href":"https:\/\/twenty4action.com\/es\/wp-json\/wp\/v2\/media\/394583"}],"wp:attachment":[{"href":"https:\/\/twenty4action.com\/es\/wp-json\/wp\/v2\/media?parent=394582"}],"wp:term":[{"taxonomy":"product_brand","embeddable":true,"href":"https:\/\/twenty4action.com\/es\/wp-json\/wp\/v2\/product_brand?post=394582"},{"taxonomy":"product_cat","embeddable":true,"href":"https:\/\/twenty4action.com\/es\/wp-json\/wp\/v2\/product_cat?post=394582"},{"taxonomy":"product_tag","embeddable":true,"href":"https:\/\/twenty4action.com\/es\/wp-json\/wp\/v2\/product_tag?post=394582"}],"curies":[{"name":"wp","href":"https:\/\/api.w.org\/{rel}","templated":true}]}}