{"id":394027,"date":"2021-08-09T22:43:55","date_gmt":"2021-08-09T20:43:55","guid":{"rendered":"https:\/\/twenty4action.com\/?post_type=product&#038;p=394027"},"modified":"2023-09-05T23:23:37","modified_gmt":"2023-09-05T21:23:37","slug":"jmk-ride-face-mask","status":"publish","type":"product","link":"https:\/\/twenty4action.com\/es\/shop\/jmk-ride-face-mask\/","title":{"rendered":"JMKRIDE Face Mask"},"content":{"rendered":"<p><\/p>\n<h2><strong>La m\u00e1scara de boca y nariz oficial de JMKRIDE<\/strong><\/h2>\n<p>\u00a1Elegante a pesar de COVID! Obtenga nuestra nueva mascarilla para boca y nariz JMKRIDE ahora. Disponible en dos dise\u00f1os diferentes. Las correas para las orejas son ajustables.<\/p>\n<p><span style=\"color: #ff0000;\">* \u00a1Estas no son m\u00e1scaras m\u00e9dicas!<\/span><\/p>\n<p>Solo hay un tama\u00f1o que se adapta a la mayor\u00eda de las personas.<\/p>\n<p>posible\u00a0desviaciones de color<\/p>\n<h3><strong>Price per piece!<\/strong><\/h3>\n<p><\/p>","protected":false},"excerpt":{"rendered":"<p>La m\u00e1scara de boca y nariz oficial de JMKRIDE \u00a1Elegante a pesar de COVID! Obtenga nuestra nueva mascarilla para boca y nariz JMKRIDE ahora. Disponible en dos dise\u00f1os diferentes. Las correas para las orejas son ajustables. * \u00a1Estas no son m\u00e1scaras m\u00e9dicas! Solo hay un tama\u00f1o que se adapta a la mayor\u00eda de las personas. [&hellip;]<\/p>\n","protected":false},"featured_media":394030,"template":"","meta":{"site-sidebar-layout":"no-sidebar","site-content-layout":"content-boxed-container","ast-site-content-layout":"normal-width-container","site-content-style":"boxed","site-sidebar-style":"unboxed","ast-global-header-display":"","ast-banner-title-visibility":"","ast-main-header-display":"","ast-hfb-above-header-display":"","ast-hfb-below-header-display":"","ast-hfb-mobile-header-display":"","site-post-title":"","ast-breadcrumbs-content":"","ast-featured-img":"","footer-sml-layout":"","ast-disable-related-posts":"","theme-transparent-header-meta":"default","adv-header-id-meta":"","stick-header-meta":"","header-above-stick-meta":"","header-main-stick-meta":"","header-below-stick-meta":"","astra-migrate-meta-layouts":"set","ast-page-background-enabled":"default","ast-page-background-meta":{"desktop":{"background-color":"","background-image":"","background-repeat":"repeat","background-position":"center center","background-size":"auto","background-attachment":"scroll","background-type":"","background-media":"","overlay-type":"","overlay-color":"","overlay-opacity":"","overlay-gradient":""},"tablet":{"background-color":"","background-image":"","background-repeat":"repeat","background-position":"center center","background-size":"auto","background-attachment":"scroll","background-type":"","background-media":"","overlay-type":"","overlay-color":"","overlay-opacity":"","overlay-gradient":""},"mobile":{"background-color":"","background-image":"","background-repeat":"repeat","background-position":"center center","background-size":"auto","background-attachment":"scroll","background-type":"","background-media":"","overlay-type":"","overlay-color":"","overlay-opacity":"","overlay-gradient":""}},"ast-content-background-meta":{"desktop":{"background-color":"var(--ast-global-color-5)","background-image":"","background-repeat":"repeat","background-position":"center center","background-size":"auto","background-attachment":"scroll","background-type":"","background-media":"","overlay-type":"","overlay-color":"","overlay-opacity":"","overlay-gradient":""},"tablet":{"background-color":"var(--ast-global-color-5)","background-image":"","background-repeat":"repeat","background-position":"center center","background-size":"auto","background-attachment":"scroll","background-type":"","background-media":"","overlay-type":"","overlay-color":"","overlay-opacity":"","overlay-gradient":""},"mobile":{"background-color":"var(--ast-global-color-5)","background-image":"","background-repeat":"repeat","background-position":"center center","background-size":"auto","background-attachment":"scroll","background-type":"","background-media":"","overlay-type":"","overlay-color":"","overlay-opacity":"","overlay-gradient":""}},"advanced_seo_description":"","jetpack_seo_html_title":"","jetpack_seo_noindex":false,"jetpack_post_was_ever_published":false},"product_brand":[],"product_cat":[78],"product_tag":[],"class_list":{"0":"post-394027","1":"product","2":"type-product","3":"status-publish","4":"has-post-thumbnail","6":"product_cat-apparel","7":"product_shipping_class-small","8":"desktop-align-left","9":"tablet-align-left","10":"mobile-align-left","12":"first","13":"instock","14":"taxable","15":"shipping-taxable","16":"purchasable","17":"product-type-variable"},"jetpack_sharing_enabled":true,"_links":{"self":[{"href":"https:\/\/twenty4action.com\/es\/wp-json\/wp\/v2\/product\/394027","targetHints":{"allow":["GET"]}}],"collection":[{"href":"https:\/\/twenty4action.com\/es\/wp-json\/wp\/v2\/product"}],"about":[{"href":"https:\/\/twenty4action.com\/es\/wp-json\/wp\/v2\/types\/product"}],"wp:featuredmedia":[{"embeddable":true,"href":"https:\/\/twenty4action.com\/es\/wp-json\/wp\/v2\/media\/394030"}],"wp:attachment":[{"href":"https:\/\/twenty4action.com\/es\/wp-json\/wp\/v2\/media?parent=394027"}],"wp:term":[{"taxonomy":"product_brand","embeddable":true,"href":"https:\/\/twenty4action.com\/es\/wp-json\/wp\/v2\/product_brand?post=394027"},{"taxonomy":"product_cat","embeddable":true,"href":"https:\/\/twenty4action.com\/es\/wp-json\/wp\/v2\/product_cat?post=394027"},{"taxonomy":"product_tag","embeddable":true,"href":"https:\/\/twenty4action.com\/es\/wp-json\/wp\/v2\/product_tag?post=394027"}],"curies":[{"name":"wp","href":"https:\/\/api.w.org\/{rel}","templated":true}]}}