{"id":390446,"date":"2020-06-20T18:21:47","date_gmt":"2020-06-20T16:21:47","guid":{"rendered":"https:\/\/twenty4action.com\/?post_type=product&#038;p=390446"},"modified":"2026-04-08T23:48:10","modified_gmt":"2026-04-08T21:48:10","slug":"shock-pad","status":"publish","type":"product","link":"https:\/\/twenty4action.com\/es\/shop\/shock-pad\/","title":{"rendered":"JMKRIDE Shock Pads (Set of 2pcs)"},"content":{"rendered":"<p>Les<b> amortisseurs JMKRIDE d&#8217;origine<\/b> sont des amortisseurs en PVC qui sont fix\u00e9s entre le pont et le camion.<\/p>\n<p class=\"p1\"><span class=\"s1\">\u00a1Son absolutamente necesarios para patinar!<\/span><\/p>\n<p class=\"p1\"><span class=\"s1\">Si tiene la intenci\u00f3n de comprar piezas individuales para montar un pat\u00edn usted mismo, definitivamente debe pedir este producto.<\/span><\/p>\n<p>Les amortisseurs sont un \u00e9l\u00e9ment sujet \u00e0 l&#8217;usure et doivent \u00eatre remplac\u00e9s r\u00e9guli\u00e8rement pour assurer la s\u00e9curit\u00e9 et le confort de conduite.<\/p>\n<p class=\"p1\"><span class=\"s1\">Si no se utilizan ninguna u otra que no sean las almohadillas de choque originales JMKRIDE, la garant\u00eda y las reclamaciones de responsabilidad quedar\u00e1n anuladas.<\/span><\/p>\n<p>Nous d\u00e9clinons \u00e9galement toute responsabilit\u00e9 en cas de combinaison avec des pi\u00e8ces d&#8217;autres fabricants.<\/p>\n<h3 id=\"tw-target-text\" class=\"tw-data-text tw-ta tw-text-medium\" dir=\"ltr\" data-placeholder=\"\u00dcbersetzung\"><strong><span lang=\"es\">Precio por 1 set!<\/span><\/strong><\/h3>\n<p><\/p>","protected":false},"excerpt":{"rendered":"<p>Les amortisseurs JMKRIDE d&#8217;origine sont des amortisseurs en PVC qui sont fix\u00e9s entre le pont et le camion. \u00a1Son absolutamente necesarios para patinar! Si tiene la intenci\u00f3n de comprar piezas individuales para montar un pat\u00edn usted mismo, definitivamente debe pedir este producto. Les amortisseurs sont un \u00e9l\u00e9ment sujet \u00e0 l&#8217;usure et doivent \u00eatre remplac\u00e9s r\u00e9guli\u00e8rement [&hellip;]<\/p>\n","protected":false},"featured_media":394131,"template":"","meta":{"site-sidebar-layout":"no-sidebar","site-content-layout":"content-boxed-container","ast-site-content-layout":"normal-width-container","site-content-style":"boxed","site-sidebar-style":"unboxed","ast-global-header-display":"","ast-banner-title-visibility":"","ast-main-header-display":"","ast-hfb-above-header-display":"","ast-hfb-below-header-display":"","ast-hfb-mobile-header-display":"","site-post-title":"","ast-breadcrumbs-content":"","ast-featured-img":"","footer-sml-layout":"","ast-disable-related-posts":"","theme-transparent-header-meta":"default","adv-header-id-meta":"","stick-header-meta":"","header-above-stick-meta":"","header-main-stick-meta":"","header-below-stick-meta":"","astra-migrate-meta-layouts":"set","ast-page-background-enabled":"default","ast-page-background-meta":{"desktop":{"background-color":"","background-image":"","background-repeat":"repeat","background-position":"center center","background-size":"auto","background-attachment":"scroll","background-type":"","background-media":"","overlay-type":"","overlay-color":"","overlay-opacity":"","overlay-gradient":""},"tablet":{"background-color":"","background-image":"","background-repeat":"repeat","background-position":"center center","background-size":"auto","background-attachment":"scroll","background-type":"","background-media":"","overlay-type":"","overlay-color":"","overlay-opacity":"","overlay-gradient":""},"mobile":{"background-color":"","background-image":"","background-repeat":"repeat","background-position":"center center","background-size":"auto","background-attachment":"scroll","background-type":"","background-media":"","overlay-type":"","overlay-color":"","overlay-opacity":"","overlay-gradient":""}},"ast-content-background-meta":{"desktop":{"background-color":"var(--ast-global-color-5)","background-image":"","background-repeat":"repeat","background-position":"center center","background-size":"auto","background-attachment":"scroll","background-type":"","background-media":"","overlay-type":"","overlay-color":"","overlay-opacity":"","overlay-gradient":""},"tablet":{"background-color":"var(--ast-global-color-5)","background-image":"","background-repeat":"repeat","background-position":"center center","background-size":"auto","background-attachment":"scroll","background-type":"","background-media":"","overlay-type":"","overlay-color":"","overlay-opacity":"","overlay-gradient":""},"mobile":{"background-color":"var(--ast-global-color-5)","background-image":"","background-repeat":"repeat","background-position":"center center","background-size":"auto","background-attachment":"scroll","background-type":"","background-media":"","overlay-type":"","overlay-color":"","overlay-opacity":"","overlay-gradient":""}},"advanced_seo_description":"","jetpack_seo_html_title":"","jetpack_seo_noindex":false,"jetpack_post_was_ever_published":false},"product_brand":[],"product_cat":[77],"product_tag":[],"class_list":{"0":"post-390446","1":"product","2":"type-product","3":"status-publish","4":"has-post-thumbnail","6":"product_cat-accessories","7":"product_shipping_class-small","8":"desktop-align-left","9":"tablet-align-left","10":"mobile-align-left","12":"first","13":"instock","14":"taxable","15":"shipping-taxable","16":"purchasable","17":"product-type-simple"},"jetpack_sharing_enabled":true,"_links":{"self":[{"href":"https:\/\/twenty4action.com\/es\/wp-json\/wp\/v2\/product\/390446","targetHints":{"allow":["GET"]}}],"collection":[{"href":"https:\/\/twenty4action.com\/es\/wp-json\/wp\/v2\/product"}],"about":[{"href":"https:\/\/twenty4action.com\/es\/wp-json\/wp\/v2\/types\/product"}],"wp:featuredmedia":[{"embeddable":true,"href":"https:\/\/twenty4action.com\/es\/wp-json\/wp\/v2\/media\/394131"}],"wp:attachment":[{"href":"https:\/\/twenty4action.com\/es\/wp-json\/wp\/v2\/media?parent=390446"}],"wp:term":[{"taxonomy":"product_brand","embeddable":true,"href":"https:\/\/twenty4action.com\/es\/wp-json\/wp\/v2\/product_brand?post=390446"},{"taxonomy":"product_cat","embeddable":true,"href":"https:\/\/twenty4action.com\/es\/wp-json\/wp\/v2\/product_cat?post=390446"},{"taxonomy":"product_tag","embeddable":true,"href":"https:\/\/twenty4action.com\/es\/wp-json\/wp\/v2\/product_tag?post=390446"}],"curies":[{"name":"wp","href":"https:\/\/api.w.org\/{rel}","templated":true}]}}