{"id":390445,"date":"2020-06-20T18:17:22","date_gmt":"2020-06-20T16:17:22","guid":{"rendered":"https:\/\/twenty4action.com\/?post_type=product&#038;p=390445"},"modified":"2026-04-07T14:23:18","modified_gmt":"2026-04-07T12:23:18","slug":"screw-kit","status":"publish","type":"product","link":"https:\/\/twenty4action.com\/es\/shop\/screw-kit\/","title":{"rendered":"JMKRIDE Screw Kit"},"content":{"rendered":"<p>El <strong>kit de tornillos original JMKRIDE<\/strong> contiene todos los tornillos y tuercas para montar un juego de patines completo.<\/p>\n<p>Se incluyen:<\/p>\n<p>4 tornillos de eje.<\/p>\n<p>Espaciadores 8x<\/p>\n<p>8x tuercas con logo JMK RIDE<\/p>\n<p>Tornillos de cubierta 4x<\/p>\n<p>1x llave Allen 5\/32<\/p>\n<p>Todas las partes est\u00e1n hechas de acero inoxidable.<\/p>\n<p><span class=\"s1\">Si tiene la intenci\u00f3n de comprar piezas individuales para montar un pat\u00edn usted mismo, definitivamente debe pedir este producto.<\/span><\/p>\n<p>El juego de tornillos es un elemento de desgaste y debe renovarse peri\u00f3dicamente para garantizar la seguridad y la comodidad de conducci\u00f3n.<\/p>\n<p class=\"p1\"><span class=\"s1\">Si se utilizan otras piezas que no sean las originales del kit de tornillos JMKRIDE, la garant\u00eda y la reclamaci\u00f3n de responsabilidad quedar\u00e1n anuladas.<\/span><\/p>\n<p>Tampoco asumimos ninguna responsabilidad por una combinaci\u00f3n con piezas de otros fabricantes.<\/p>","protected":false},"excerpt":{"rendered":"<p>El kit de tornillos original JMKRIDE contiene todos los tornillos y tuercas para montar un juego de patines completo. Se incluyen: 4 tornillos de eje. Espaciadores 8x 8x tuercas con logo JMK RIDE Tornillos de cubierta 4x 1x llave Allen 5\/32 Todas las partes est\u00e1n hechas de acero inoxidable. Si tiene la intenci\u00f3n de comprar [&hellip;]<\/p>\n","protected":false},"featured_media":394022,"template":"","meta":{"site-sidebar-layout":"no-sidebar","site-content-layout":"content-boxed-container","ast-site-content-layout":"normal-width-container","site-content-style":"boxed","site-sidebar-style":"unboxed","ast-global-header-display":"","ast-banner-title-visibility":"","ast-main-header-display":"","ast-hfb-above-header-display":"","ast-hfb-below-header-display":"","ast-hfb-mobile-header-display":"","site-post-title":"","ast-breadcrumbs-content":"","ast-featured-img":"","footer-sml-layout":"","ast-disable-related-posts":"","theme-transparent-header-meta":"default","adv-header-id-meta":"","stick-header-meta":"","header-above-stick-meta":"","header-main-stick-meta":"","header-below-stick-meta":"","astra-migrate-meta-layouts":"set","ast-page-background-enabled":"default","ast-page-background-meta":{"desktop":{"background-color":"","background-image":"","background-repeat":"repeat","background-position":"center center","background-size":"auto","background-attachment":"scroll","background-type":"","background-media":"","overlay-type":"","overlay-color":"","overlay-opacity":"","overlay-gradient":""},"tablet":{"background-color":"","background-image":"","background-repeat":"repeat","background-position":"center center","background-size":"auto","background-attachment":"scroll","background-type":"","background-media":"","overlay-type":"","overlay-color":"","overlay-opacity":"","overlay-gradient":""},"mobile":{"background-color":"","background-image":"","background-repeat":"repeat","background-position":"center center","background-size":"auto","background-attachment":"scroll","background-type":"","background-media":"","overlay-type":"","overlay-color":"","overlay-opacity":"","overlay-gradient":""}},"ast-content-background-meta":{"desktop":{"background-color":"var(--ast-global-color-5)","background-image":"","background-repeat":"repeat","background-position":"center center","background-size":"auto","background-attachment":"scroll","background-type":"","background-media":"","overlay-type":"","overlay-color":"","overlay-opacity":"","overlay-gradient":""},"tablet":{"background-color":"var(--ast-global-color-5)","background-image":"","background-repeat":"repeat","background-position":"center center","background-size":"auto","background-attachment":"scroll","background-type":"","background-media":"","overlay-type":"","overlay-color":"","overlay-opacity":"","overlay-gradient":""},"mobile":{"background-color":"var(--ast-global-color-5)","background-image":"","background-repeat":"repeat","background-position":"center center","background-size":"auto","background-attachment":"scroll","background-type":"","background-media":"","overlay-type":"","overlay-color":"","overlay-opacity":"","overlay-gradient":""}},"advanced_seo_description":"","jetpack_seo_html_title":"","jetpack_seo_noindex":false,"jetpack_post_was_ever_published":false},"product_brand":[],"product_cat":[77],"product_tag":[],"class_list":{"0":"post-390445","1":"product","2":"type-product","3":"status-publish","4":"has-post-thumbnail","6":"product_cat-accessories","7":"product_shipping_class-small","8":"desktop-align-left","9":"tablet-align-left","10":"mobile-align-left","12":"first","13":"instock","14":"taxable","15":"shipping-taxable","16":"purchasable","17":"product-type-simple"},"jetpack_sharing_enabled":true,"_links":{"self":[{"href":"https:\/\/twenty4action.com\/es\/wp-json\/wp\/v2\/product\/390445","targetHints":{"allow":["GET"]}}],"collection":[{"href":"https:\/\/twenty4action.com\/es\/wp-json\/wp\/v2\/product"}],"about":[{"href":"https:\/\/twenty4action.com\/es\/wp-json\/wp\/v2\/types\/product"}],"wp:featuredmedia":[{"embeddable":true,"href":"https:\/\/twenty4action.com\/es\/wp-json\/wp\/v2\/media\/394022"}],"wp:attachment":[{"href":"https:\/\/twenty4action.com\/es\/wp-json\/wp\/v2\/media?parent=390445"}],"wp:term":[{"taxonomy":"product_brand","embeddable":true,"href":"https:\/\/twenty4action.com\/es\/wp-json\/wp\/v2\/product_brand?post=390445"},{"taxonomy":"product_cat","embeddable":true,"href":"https:\/\/twenty4action.com\/es\/wp-json\/wp\/v2\/product_cat?post=390445"},{"taxonomy":"product_tag","embeddable":true,"href":"https:\/\/twenty4action.com\/es\/wp-json\/wp\/v2\/product_tag?post=390445"}],"curies":[{"name":"wp","href":"https:\/\/api.w.org\/{rel}","templated":true}]}}