{"id":704,"date":"2018-06-07T16:38:49","date_gmt":"2018-06-07T14:38:49","guid":{"rendered":"http:\/\/twenty4action.com\/versandarten\/"},"modified":"2021-02-17T17:16:49","modified_gmt":"2021-02-17T15:16:49","slug":"versandarten","status":"publish","type":"page","link":"https:\/\/twenty4action.com\/es\/contact\/versandarten\/","title":{"rendered":"Modos de env\u00edo"},"content":{"rendered":"<p>&nbsp;<\/p>\n<p>&nbsp;<\/p>\n<h2>Modos de env\u00edo<\/h2>\n<p>&nbsp;<\/p>\n<p><a href=\"https:\/\/twenty4action.com\/wp-content\/uploads\/2020\/12\/ZustellungDurch_DHL_GoGreen_webshop_logo_ohne_zusatz_text_weiss.png\"><img decoding=\"async\" class=\"alignnone size-full wp-image-392245\" src=\"https:\/\/twenty4action.com\/wp-content\/uploads\/2020\/12\/ZustellungDurch_DHL_GoGreen_webshop_logo_ohne_zusatz_text_weiss.png\" alt=\"\" width=\"256\" height=\"180\" \/><\/a><\/p>\n<p>All orders are sent as an insured package including shipment tracking with <strong>DHL<\/strong>.<\/p>\n<p>Todos nuestros env\u00edos est\u00e1n sujetos al programa de protecci\u00f3n clim\u00e1tica <strong>GOGREEN<\/strong> de DHL, lo que significa que el env\u00edo nacional es clim\u00e1ticamente neutro y el env\u00edo internacional es amigable con el clima.<\/p>","protected":false},"excerpt":{"rendered":"<p>&nbsp; &nbsp; Modos de env\u00edo &nbsp; All orders are sent as an insured package including shipment tracking with DHL. Todos nuestros env\u00edos est\u00e1n sujetos al programa de protecci\u00f3n clim\u00e1tica GOGREEN de DHL, lo que significa que el env\u00edo nacional es clim\u00e1ticamente neutro y el env\u00edo internacional es amigable con el clima.<\/p>\n","protected":false},"author":45,"featured_media":0,"parent":176,"menu_order":0,"comment_status":"closed","ping_status":"closed","template":"elementor_header_footer","meta":{"site-sidebar-layout":"default","site-content-layout":"default","ast-site-content-layout":"default","site-content-style":"default","site-sidebar-style":"default","ast-global-header-display":"","ast-banner-title-visibility":"","ast-main-header-display":"","ast-hfb-above-header-display":"","ast-hfb-below-header-display":"","ast-hfb-mobile-header-display":"","site-post-title":"","ast-breadcrumbs-content":"","ast-featured-img":"","footer-sml-layout":"","ast-disable-related-posts":"","theme-transparent-header-meta":"disabled","adv-header-id-meta":"","stick-header-meta":"","header-above-stick-meta":"","header-main-stick-meta":"","header-below-stick-meta":"","astra-migrate-meta-layouts":"default","ast-page-background-enabled":"default","ast-page-background-meta":{"desktop":{"background-color":"","background-image":"","background-repeat":"repeat","background-position":"center center","background-size":"auto","background-attachment":"scroll","background-type":"","background-media":"","overlay-type":"","overlay-color":"","overlay-opacity":"","overlay-gradient":""},"tablet":{"background-color":"","background-image":"","background-repeat":"repeat","background-position":"center center","background-size":"auto","background-attachment":"scroll","background-type":"","background-media":"","overlay-type":"","overlay-color":"","overlay-opacity":"","overlay-gradient":""},"mobile":{"background-color":"","background-image":"","background-repeat":"repeat","background-position":"center center","background-size":"auto","background-attachment":"scroll","background-type":"","background-media":"","overlay-type":"","overlay-color":"","overlay-opacity":"","overlay-gradient":""}},"ast-content-background-meta":{"desktop":{"background-color":"var(--ast-global-color-5)","background-image":"","background-repeat":"repeat","background-position":"center center","background-size":"auto","background-attachment":"scroll","background-type":"","background-media":"","overlay-type":"","overlay-color":"","overlay-opacity":"","overlay-gradient":""},"tablet":{"background-color":"var(--ast-global-color-5)","background-image":"","background-repeat":"repeat","background-position":"center center","background-size":"auto","background-attachment":"scroll","background-type":"","background-media":"","overlay-type":"","overlay-color":"","overlay-opacity":"","overlay-gradient":""},"mobile":{"background-color":"var(--ast-global-color-5)","background-image":"","background-repeat":"repeat","background-position":"center center","background-size":"auto","background-attachment":"scroll","background-type":"","background-media":"","overlay-type":"","overlay-color":"","overlay-opacity":"","overlay-gradient":""}},"advanced_seo_description":"","jetpack_seo_html_title":"","jetpack_seo_noindex":false,"jetpack_post_was_ever_published":false,"footnotes":""},"class_list":["post-704","page","type-page","status-publish","hentry"],"jetpack_sharing_enabled":true,"_links":{"self":[{"href":"https:\/\/twenty4action.com\/es\/wp-json\/wp\/v2\/pages\/704","targetHints":{"allow":["GET"]}}],"collection":[{"href":"https:\/\/twenty4action.com\/es\/wp-json\/wp\/v2\/pages"}],"about":[{"href":"https:\/\/twenty4action.com\/es\/wp-json\/wp\/v2\/types\/page"}],"author":[{"embeddable":true,"href":"https:\/\/twenty4action.com\/es\/wp-json\/wp\/v2\/users\/45"}],"replies":[{"embeddable":true,"href":"https:\/\/twenty4action.com\/es\/wp-json\/wp\/v2\/comments?post=704"}],"version-history":[{"count":0,"href":"https:\/\/twenty4action.com\/es\/wp-json\/wp\/v2\/pages\/704\/revisions"}],"up":[{"embeddable":true,"href":"https:\/\/twenty4action.com\/es\/wp-json\/wp\/v2\/pages\/176"}],"wp:attachment":[{"href":"https:\/\/twenty4action.com\/es\/wp-json\/wp\/v2\/media?parent=704"}],"curies":[{"name":"wp","href":"https:\/\/api.w.org\/{rel}","templated":true}]}}