{"id":584,"date":"2018-05-28T16:30:34","date_gmt":"2018-05-28T14:30:34","guid":{"rendered":"http:\/\/twenty4action.com\/?post_type=product&#038;p=584"},"modified":"2026-04-26T18:16:26","modified_gmt":"2026-04-26T16:16:26","slug":"jmk-ride-deck-price-per-piece","status":"publish","type":"product","link":"https:\/\/twenty4action.com\/de\/shop\/jmk-ride-deck-price-per-piece\/","title":{"rendered":"JMKRIDE Deck (1 pc)"},"content":{"rendered":"<p>Das <strong>originale JMKRIDE Deck<\/strong> in vielen verschiedenen Farben.<\/p>\n<p>Wird ohne Screw Kit und Shock Pads geliefert. Diese sind einzeln erh\u00e4ltlich. Beim Custom Set sind sie nat\u00fcrlich enthalten.<\/p>\n<ul>\n<li class=\"p1\"><span class=\"s1\">Sollten andere als die originalen JMKRIDE Teile f\u00fcr die Montage eines Skates verwendet werden, erlischt die Gew\u00e4hrleistung sowie der Haftungsanspruch.<\/span><\/li>\n<li class=\"p1\">Farbabweichungen m\u00f6glich.<\/li>\n<\/ul>\n<h3><strong>Preis pro St\u00fcck!<\/strong><\/h3>\n<p><\/p>","protected":false},"excerpt":{"rendered":"<p>Das originale JMKRIDE Deck in vielen verschiedenen Farben. Wird ohne Screw Kit und Shock Pads geliefert. Diese sind einzeln erh\u00e4ltlich. Beim Custom Set sind sie nat\u00fcrlich enthalten. Sollten andere als die originalen JMKRIDE Teile f\u00fcr die Montage eines Skates verwendet werden, erlischt die Gew\u00e4hrleistung sowie der Haftungsanspruch. Farbabweichungen m\u00f6glich. Preis pro St\u00fcck!<\/p>\n","protected":false},"featured_media":395627,"template":"","meta":{"site-sidebar-layout":"no-sidebar","site-content-layout":"content-boxed-container","ast-site-content-layout":"normal-width-container","site-content-style":"boxed","site-sidebar-style":"unboxed","ast-global-header-display":"","ast-banner-title-visibility":"","ast-main-header-display":"","ast-hfb-above-header-display":"","ast-hfb-below-header-display":"","ast-hfb-mobile-header-display":"","site-post-title":"","ast-breadcrumbs-content":"","ast-featured-img":"","footer-sml-layout":"","ast-disable-related-posts":"","theme-transparent-header-meta":"default","adv-header-id-meta":"","stick-header-meta":"","header-above-stick-meta":"","header-main-stick-meta":"","header-below-stick-meta":"","astra-migrate-meta-layouts":"set","ast-page-background-enabled":"default","ast-page-background-meta":{"desktop":{"background-color":"","background-image":"","background-repeat":"repeat","background-position":"center center","background-size":"auto","background-attachment":"scroll","background-type":"","background-media":"","overlay-type":"","overlay-color":"","overlay-opacity":"","overlay-gradient":""},"tablet":{"background-color":"","background-image":"","background-repeat":"repeat","background-position":"center center","background-size":"auto","background-attachment":"scroll","background-type":"","background-media":"","overlay-type":"","overlay-color":"","overlay-opacity":"","overlay-gradient":""},"mobile":{"background-color":"","background-image":"","background-repeat":"repeat","background-position":"center center","background-size":"auto","background-attachment":"scroll","background-type":"","background-media":"","overlay-type":"","overlay-color":"","overlay-opacity":"","overlay-gradient":""}},"ast-content-background-meta":{"desktop":{"background-color":"var(--ast-global-color-5)","background-image":"","background-repeat":"repeat","background-position":"center center","background-size":"auto","background-attachment":"scroll","background-type":"","background-media":"","overlay-type":"","overlay-color":"","overlay-opacity":"","overlay-gradient":""},"tablet":{"background-color":"var(--ast-global-color-5)","background-image":"","background-repeat":"repeat","background-position":"center center","background-size":"auto","background-attachment":"scroll","background-type":"","background-media":"","overlay-type":"","overlay-color":"","overlay-opacity":"","overlay-gradient":""},"mobile":{"background-color":"var(--ast-global-color-5)","background-image":"","background-repeat":"repeat","background-position":"center center","background-size":"auto","background-attachment":"scroll","background-type":"","background-media":"","overlay-type":"","overlay-color":"","overlay-opacity":"","overlay-gradient":""}},"advanced_seo_description":"","jetpack_seo_html_title":"","jetpack_seo_noindex":false,"jetpack_post_was_ever_published":false},"product_brand":[],"product_cat":[77],"product_tag":[],"class_list":{"0":"post-584","1":"product","2":"type-product","3":"status-publish","4":"has-post-thumbnail","6":"product_cat-accessories","7":"product_shipping_class-small","8":"desktop-align-left","9":"tablet-align-left","10":"mobile-align-left","12":"first","13":"instock","14":"taxable","15":"shipping-taxable","16":"purchasable","17":"product-type-variable"},"jetpack_sharing_enabled":true,"_links":{"self":[{"href":"https:\/\/twenty4action.com\/de\/wp-json\/wp\/v2\/product\/584","targetHints":{"allow":["GET"]}}],"collection":[{"href":"https:\/\/twenty4action.com\/de\/wp-json\/wp\/v2\/product"}],"about":[{"href":"https:\/\/twenty4action.com\/de\/wp-json\/wp\/v2\/types\/product"}],"wp:featuredmedia":[{"embeddable":true,"href":"https:\/\/twenty4action.com\/de\/wp-json\/wp\/v2\/media\/395627"}],"wp:attachment":[{"href":"https:\/\/twenty4action.com\/de\/wp-json\/wp\/v2\/media?parent=584"}],"wp:term":[{"taxonomy":"product_brand","embeddable":true,"href":"https:\/\/twenty4action.com\/de\/wp-json\/wp\/v2\/product_brand?post=584"},{"taxonomy":"product_cat","embeddable":true,"href":"https:\/\/twenty4action.com\/de\/wp-json\/wp\/v2\/product_cat?post=584"},{"taxonomy":"product_tag","embeddable":true,"href":"https:\/\/twenty4action.com\/de\/wp-json\/wp\/v2\/product_tag?post=584"}],"curies":[{"name":"wp","href":"https:\/\/api.w.org\/{rel}","templated":true}]}}