{"id":401619,"date":"2024-11-08T17:23:08","date_gmt":"2024-11-08T15:23:08","guid":{"rendered":"https:\/\/twenty4action.com\/?post_type=product&#038;p=401619"},"modified":"2025-10-30T17:27:22","modified_gmt":"2025-10-30T15:27:22","slug":"jmkride-premium-dryshirt-jmksrt02h-classic-wc","status":"publish","type":"product","link":"https:\/\/twenty4action.com\/de\/shop\/jmkride-premium-dryshirt-jmksrt02h-classic-wc\/","title":{"rendered":"JMKRIDE Premium-DryShirt Classic Logo Dark Grey *NEW"},"content":{"rendered":"<p><strong>Original JMKRIDE<\/strong> <strong>DryShirt Classic Logo in Dark Grey<\/strong><\/p>\n<p>Diese neuen unglaublich gem\u00fctlichen Shirts halten dich trocken, egal wie hart du skatest! Das extrem atmungsaktive Material sort daf\u00fcr, dass dein Schwei\u00df nicht lange bei dir bleibt!<\/p>\n<p>JMKRIDE Premium Dry Fit mit einem klassischen Logo. Erfahre den leichten, atmungsaktiven, und weichen Stoff f\u00fcr ultimativen Komfort \u2013 egal bei welcher Aktivit\u00e4t. Mit diesem Neuzugang zu deiner Garderobe bleibst du cool und trocken. Verpasse deiner Fitness-Ausr\u00fcstung heute noch ein Upgrade!<\/p>\n<p>JMKRIDE Premium Dry Fit Shirts verbindet einen hochwertigen Siebdruck mit unserer speziellen Stoffkomposition von 100% JMKRIDE Polyester.<\/p>","protected":false},"excerpt":{"rendered":"<p>Original JMKRIDE DryShirt Classic Logo in Dark Grey Diese neuen unglaublich gem\u00fctlichen Shirts halten dich trocken, egal wie hart du skatest! Das extrem atmungsaktive Material sort daf\u00fcr, dass dein Schwei\u00df nicht lange bei dir bleibt! JMKRIDE Premium Dry Fit mit einem klassischen Logo. Erfahre den leichten, atmungsaktiven, und weichen Stoff f\u00fcr ultimativen Komfort \u2013 egal [&hellip;]<\/p>\n","protected":false},"featured_media":402280,"template":"","meta":{"site-sidebar-layout":"no-sidebar","site-content-layout":"content-boxed-container","ast-site-content-layout":"normal-width-container","site-content-style":"boxed","site-sidebar-style":"unboxed","ast-global-header-display":"","ast-banner-title-visibility":"","ast-main-header-display":"","ast-hfb-above-header-display":"","ast-hfb-below-header-display":"","ast-hfb-mobile-header-display":"","site-post-title":"","ast-breadcrumbs-content":"","ast-featured-img":"","footer-sml-layout":"","ast-disable-related-posts":"","theme-transparent-header-meta":"default","adv-header-id-meta":"","stick-header-meta":"","header-above-stick-meta":"","header-main-stick-meta":"","header-below-stick-meta":"","astra-migrate-meta-layouts":"set","ast-page-background-enabled":"default","ast-page-background-meta":{"desktop":{"background-color":"","background-image":"","background-repeat":"repeat","background-position":"center center","background-size":"auto","background-attachment":"scroll","background-type":"","background-media":"","overlay-type":"","overlay-color":"","overlay-opacity":"","overlay-gradient":""},"tablet":{"background-color":"","background-image":"","background-repeat":"repeat","background-position":"center center","background-size":"auto","background-attachment":"scroll","background-type":"","background-media":"","overlay-type":"","overlay-color":"","overlay-opacity":"","overlay-gradient":""},"mobile":{"background-color":"","background-image":"","background-repeat":"repeat","background-position":"center center","background-size":"auto","background-attachment":"scroll","background-type":"","background-media":"","overlay-type":"","overlay-color":"","overlay-opacity":"","overlay-gradient":""}},"ast-content-background-meta":{"desktop":{"background-color":"var(--ast-global-color-5)","background-image":"","background-repeat":"repeat","background-position":"center center","background-size":"auto","background-attachment":"scroll","background-type":"","background-media":"","overlay-type":"","overlay-color":"","overlay-opacity":"","overlay-gradient":""},"tablet":{"background-color":"var(--ast-global-color-5)","background-image":"","background-repeat":"repeat","background-position":"center center","background-size":"auto","background-attachment":"scroll","background-type":"","background-media":"","overlay-type":"","overlay-color":"","overlay-opacity":"","overlay-gradient":""},"mobile":{"background-color":"var(--ast-global-color-5)","background-image":"","background-repeat":"repeat","background-position":"center center","background-size":"auto","background-attachment":"scroll","background-type":"","background-media":"","overlay-type":"","overlay-color":"","overlay-opacity":"","overlay-gradient":""}},"advanced_seo_description":"","jetpack_seo_html_title":"","jetpack_seo_noindex":false,"jetpack_post_was_ever_published":false},"product_brand":[],"product_cat":[78],"product_tag":[],"class_list":{"0":"post-401619","1":"product","2":"type-product","3":"status-publish","4":"has-post-thumbnail","6":"product_cat-apparel","7":"product_shipping_class-small","8":"desktop-align-left","9":"tablet-align-left","10":"mobile-align-left","12":"first","13":"instock","14":"taxable","15":"shipping-taxable","16":"purchasable","17":"product-type-variable"},"jetpack_sharing_enabled":true,"_links":{"self":[{"href":"https:\/\/twenty4action.com\/de\/wp-json\/wp\/v2\/product\/401619","targetHints":{"allow":["GET"]}}],"collection":[{"href":"https:\/\/twenty4action.com\/de\/wp-json\/wp\/v2\/product"}],"about":[{"href":"https:\/\/twenty4action.com\/de\/wp-json\/wp\/v2\/types\/product"}],"wp:featuredmedia":[{"embeddable":true,"href":"https:\/\/twenty4action.com\/de\/wp-json\/wp\/v2\/media\/402280"}],"wp:attachment":[{"href":"https:\/\/twenty4action.com\/de\/wp-json\/wp\/v2\/media?parent=401619"}],"wp:term":[{"taxonomy":"product_brand","embeddable":true,"href":"https:\/\/twenty4action.com\/de\/wp-json\/wp\/v2\/product_brand?post=401619"},{"taxonomy":"product_cat","embeddable":true,"href":"https:\/\/twenty4action.com\/de\/wp-json\/wp\/v2\/product_cat?post=401619"},{"taxonomy":"product_tag","embeddable":true,"href":"https:\/\/twenty4action.com\/de\/wp-json\/wp\/v2\/product_tag?post=401619"}],"curies":[{"name":"wp","href":"https:\/\/api.w.org\/{rel}","templated":true}]}}