{"id":401361,"date":"2024-09-03T22:30:36","date_gmt":"2024-09-03T20:30:36","guid":{"rendered":"https:\/\/twenty4action.com\/?post_type=product&#038;p=401361"},"modified":"2026-03-24T01:29:30","modified_gmt":"2026-03-23T23:29:30","slug":"jmkride-liquid-flask","status":"publish","type":"product","link":"https:\/\/twenty4action.com\/de\/shop\/jmkride-liquid-flask\/","title":{"rendered":"JMKRIDE Thermosflasche"},"content":{"rendered":"<p>L\u00f6schen Sie Ihren Durst mit der <strong>JMKRIDE Liquid Flask<\/strong> &#8211; einer vakuumisolierten Edelstahl-Thermosflasche (946 ml) mit Griffdeckel und gummiertem Flaschenende f\u00fcr zus\u00e4tzlichen Halt.<br \/>\nHalten Sie Ihr Getr\u00e4nk stundenlang hei\u00df oder kalt und pr\u00e4sentieren Sie dabei Ihr lasergraviertes Logo.<\/p>\n<p>Erh\u00e4ltlich in elegantem Schwarz f\u00fcr das ultimative Trinkerlebnis.<\/p>","protected":false},"excerpt":{"rendered":"<p>L\u00f6schen Sie Ihren Durst mit der JMKRIDE Liquid Flask &#8211; einer vakuumisolierten Edelstahl-Thermosflasche (946 ml) mit Griffdeckel und gummiertem Flaschenende f\u00fcr zus\u00e4tzlichen Halt. Halten Sie Ihr Getr\u00e4nk stundenlang hei\u00df oder kalt und pr\u00e4sentieren Sie dabei Ihr lasergraviertes Logo. Erh\u00e4ltlich in elegantem Schwarz f\u00fcr das ultimative Trinkerlebnis.<\/p>\n","protected":false},"featured_media":401321,"template":"","meta":{"site-sidebar-layout":"no-sidebar","site-content-layout":"","ast-site-content-layout":"normal-width-container","site-content-style":"boxed","site-sidebar-style":"unboxed","ast-global-header-display":"","ast-banner-title-visibility":"","ast-main-header-display":"","ast-hfb-above-header-display":"","ast-hfb-below-header-display":"","ast-hfb-mobile-header-display":"","site-post-title":"","ast-breadcrumbs-content":"","ast-featured-img":"","footer-sml-layout":"","ast-disable-related-posts":"","theme-transparent-header-meta":"default","adv-header-id-meta":"","stick-header-meta":"","header-above-stick-meta":"","header-main-stick-meta":"","header-below-stick-meta":"","astra-migrate-meta-layouts":"set","ast-page-background-enabled":"default","ast-page-background-meta":{"desktop":{"background-color":"","background-image":"","background-repeat":"repeat","background-position":"center center","background-size":"auto","background-attachment":"scroll","background-type":"","background-media":"","overlay-type":"","overlay-color":"","overlay-opacity":"","overlay-gradient":""},"tablet":{"background-color":"","background-image":"","background-repeat":"repeat","background-position":"center center","background-size":"auto","background-attachment":"scroll","background-type":"","background-media":"","overlay-type":"","overlay-color":"","overlay-opacity":"","overlay-gradient":""},"mobile":{"background-color":"","background-image":"","background-repeat":"repeat","background-position":"center center","background-size":"auto","background-attachment":"scroll","background-type":"","background-media":"","overlay-type":"","overlay-color":"","overlay-opacity":"","overlay-gradient":""}},"ast-content-background-meta":{"desktop":{"background-color":"var(--ast-global-color-5)","background-image":"","background-repeat":"repeat","background-position":"center center","background-size":"auto","background-attachment":"scroll","background-type":"","background-media":"","overlay-type":"","overlay-color":"","overlay-opacity":"","overlay-gradient":""},"tablet":{"background-color":"var(--ast-global-color-5)","background-image":"","background-repeat":"repeat","background-position":"center center","background-size":"auto","background-attachment":"scroll","background-type":"","background-media":"","overlay-type":"","overlay-color":"","overlay-opacity":"","overlay-gradient":""},"mobile":{"background-color":"var(--ast-global-color-5)","background-image":"","background-repeat":"repeat","background-position":"center center","background-size":"auto","background-attachment":"scroll","background-type":"","background-media":"","overlay-type":"","overlay-color":"","overlay-opacity":"","overlay-gradient":""}},"advanced_seo_description":"","jetpack_seo_html_title":"","jetpack_seo_noindex":false,"jetpack_post_was_ever_published":false},"product_brand":[],"product_cat":[77],"product_tag":[],"class_list":{"0":"post-401361","1":"product","2":"type-product","3":"status-publish","4":"has-post-thumbnail","6":"product_cat-accessories","7":"product_shipping_class-small","8":"desktop-align-left","9":"tablet-align-left","10":"mobile-align-left","12":"first","13":"instock","14":"taxable","15":"shipping-taxable","16":"purchasable","17":"product-type-simple"},"jetpack_sharing_enabled":true,"_links":{"self":[{"href":"https:\/\/twenty4action.com\/de\/wp-json\/wp\/v2\/product\/401361","targetHints":{"allow":["GET"]}}],"collection":[{"href":"https:\/\/twenty4action.com\/de\/wp-json\/wp\/v2\/product"}],"about":[{"href":"https:\/\/twenty4action.com\/de\/wp-json\/wp\/v2\/types\/product"}],"wp:featuredmedia":[{"embeddable":true,"href":"https:\/\/twenty4action.com\/de\/wp-json\/wp\/v2\/media\/401321"}],"wp:attachment":[{"href":"https:\/\/twenty4action.com\/de\/wp-json\/wp\/v2\/media?parent=401361"}],"wp:term":[{"taxonomy":"product_brand","embeddable":true,"href":"https:\/\/twenty4action.com\/de\/wp-json\/wp\/v2\/product_brand?post=401361"},{"taxonomy":"product_cat","embeddable":true,"href":"https:\/\/twenty4action.com\/de\/wp-json\/wp\/v2\/product_cat?post=401361"},{"taxonomy":"product_tag","embeddable":true,"href":"https:\/\/twenty4action.com\/de\/wp-json\/wp\/v2\/product_tag?post=401361"}],"curies":[{"name":"wp","href":"https:\/\/api.w.org\/{rel}","templated":true}]}}