{"id":399031,"date":"2024-04-25T08:00:36","date_gmt":"2024-04-25T06:00:36","guid":{"rendered":"https:\/\/twenty4action.com\/?post_type=product&#038;p=399031"},"modified":"2026-04-06T00:25:41","modified_gmt":"2026-04-05T22:25:41","slug":"tudex-freeskates-black","status":"publish","type":"product","link":"https:\/\/twenty4action.com\/de\/shop\/tudex-freeskates-black\/","title":{"rendered":"TUDEX Freeskates BLACK"},"content":{"rendered":"<p>Bist du dir noch unsicher, ob Freeskating das Richtige f\u00fcr dich ist? Check die neuen TUDEX Freeskates aus!<\/p>\n<p>Dies sind zwar <em>KEINE <\/em>JMKRIDE-Skates, aber wir k\u00f6nnen TUDEX als eine Alternative empfehlen, wenn du am Hadern noch nicht bereit bist f\u00fcr einen Skate h\u00f6chster Qualit\u00e4t.\u00a0 TUDEX-Freeskates bieten ein fantastisches Preis-\/Leistungsverh\u00e4ltnis und erm\u00f6glichen es dir, ein gutes Gef\u00fchl f\u00fcr das Freeskaten zu entwickeln, ohne direkt die teureren aber auch hochwertigeren JMKRIDE-Freeskates kaufen zu m\u00fcssen.<\/p>\n<p>Komplett montiert mit Holzdecks und vorinstallierten Edge Guards.<\/p>","protected":false},"excerpt":{"rendered":"<p>Bist du dir noch unsicher, ob Freeskating das Richtige f\u00fcr dich ist? Check die neuen TUDEX Freeskates aus! Dies sind zwar KEINE JMKRIDE-Skates, aber wir k\u00f6nnen TUDEX als eine Alternative empfehlen, wenn du am Hadern noch nicht bereit bist f\u00fcr einen Skate h\u00f6chster Qualit\u00e4t.\u00a0 TUDEX-Freeskates bieten ein fantastisches Preis-\/Leistungsverh\u00e4ltnis und erm\u00f6glichen es dir, ein gutes [&hellip;]<\/p>\n","protected":false},"featured_media":401540,"template":"","meta":{"site-sidebar-layout":"no-sidebar","site-content-layout":"","ast-site-content-layout":"normal-width-container","site-content-style":"boxed","site-sidebar-style":"unboxed","ast-global-header-display":"","ast-banner-title-visibility":"","ast-main-header-display":"","ast-hfb-above-header-display":"","ast-hfb-below-header-display":"","ast-hfb-mobile-header-display":"","site-post-title":"","ast-breadcrumbs-content":"","ast-featured-img":"","footer-sml-layout":"","ast-disable-related-posts":"","theme-transparent-header-meta":"default","adv-header-id-meta":"","stick-header-meta":"","header-above-stick-meta":"","header-main-stick-meta":"","header-below-stick-meta":"","astra-migrate-meta-layouts":"set","ast-page-background-enabled":"default","ast-page-background-meta":{"desktop":{"background-color":"","background-image":"","background-repeat":"repeat","background-position":"center center","background-size":"auto","background-attachment":"scroll","background-type":"","background-media":"","overlay-type":"","overlay-color":"","overlay-opacity":"","overlay-gradient":""},"tablet":{"background-color":"","background-image":"","background-repeat":"repeat","background-position":"center center","background-size":"auto","background-attachment":"scroll","background-type":"","background-media":"","overlay-type":"","overlay-color":"","overlay-opacity":"","overlay-gradient":""},"mobile":{"background-color":"","background-image":"","background-repeat":"repeat","background-position":"center center","background-size":"auto","background-attachment":"scroll","background-type":"","background-media":"","overlay-type":"","overlay-color":"","overlay-opacity":"","overlay-gradient":""}},"ast-content-background-meta":{"desktop":{"background-color":"var(--ast-global-color-5)","background-image":"","background-repeat":"repeat","background-position":"center center","background-size":"auto","background-attachment":"scroll","background-type":"","background-media":"","overlay-type":"","overlay-color":"","overlay-opacity":"","overlay-gradient":""},"tablet":{"background-color":"var(--ast-global-color-5)","background-image":"","background-repeat":"repeat","background-position":"center center","background-size":"auto","background-attachment":"scroll","background-type":"","background-media":"","overlay-type":"","overlay-color":"","overlay-opacity":"","overlay-gradient":""},"mobile":{"background-color":"var(--ast-global-color-5)","background-image":"","background-repeat":"repeat","background-position":"center center","background-size":"auto","background-attachment":"scroll","background-type":"","background-media":"","overlay-type":"","overlay-color":"","overlay-opacity":"","overlay-gradient":""}},"advanced_seo_description":"","jetpack_seo_html_title":"","jetpack_seo_noindex":false,"jetpack_post_was_ever_published":false},"product_brand":[],"product_cat":[53,83],"product_tag":[],"class_list":{"0":"post-399031","1":"product","2":"type-product","3":"status-publish","4":"has-post-thumbnail","6":"product_cat-freeskates-completes","7":"product_cat-partner-products","8":"product_shipping_class-big","9":"desktop-align-left","10":"tablet-align-left","11":"mobile-align-left","13":"first","14":"instock","15":"taxable","16":"shipping-taxable","17":"purchasable","18":"product-type-simple"},"jetpack_sharing_enabled":true,"_links":{"self":[{"href":"https:\/\/twenty4action.com\/de\/wp-json\/wp\/v2\/product\/399031","targetHints":{"allow":["GET"]}}],"collection":[{"href":"https:\/\/twenty4action.com\/de\/wp-json\/wp\/v2\/product"}],"about":[{"href":"https:\/\/twenty4action.com\/de\/wp-json\/wp\/v2\/types\/product"}],"wp:featuredmedia":[{"embeddable":true,"href":"https:\/\/twenty4action.com\/de\/wp-json\/wp\/v2\/media\/401540"}],"wp:attachment":[{"href":"https:\/\/twenty4action.com\/de\/wp-json\/wp\/v2\/media?parent=399031"}],"wp:term":[{"taxonomy":"product_brand","embeddable":true,"href":"https:\/\/twenty4action.com\/de\/wp-json\/wp\/v2\/product_brand?post=399031"},{"taxonomy":"product_cat","embeddable":true,"href":"https:\/\/twenty4action.com\/de\/wp-json\/wp\/v2\/product_cat?post=399031"},{"taxonomy":"product_tag","embeddable":true,"href":"https:\/\/twenty4action.com\/de\/wp-json\/wp\/v2\/product_tag?post=399031"}],"curies":[{"name":"wp","href":"https:\/\/api.w.org\/{rel}","templated":true}]}}