{"id":395542,"date":"2022-04-20T08:50:36","date_gmt":"2022-04-20T06:50:36","guid":{"rendered":"https:\/\/twenty4action.com\/?post_type=product&#038;p=395542"},"modified":"2026-03-06T21:57:16","modified_gmt":"2026-03-06T19:57:16","slug":"jmkride-freeskates-rasta","status":"publish","type":"product","link":"https:\/\/twenty4action.com\/de\/shop\/jmkride-freeskates-rasta\/","title":{"rendered":"RASTA [Pro-Formance Wheels]"},"content":{"rendered":"<p><\/p>\n<h2>RASTA<\/h2>\n<p><strong>Beliebt\u00a0und\u00a0zeitlos zaubert er jedem ein L\u00e4cheln auf die Lippen, wenn er an einem vorbeirollt &#8211; einfach immer Urlaub!<\/strong><\/p>\n<p>JMKRIDE Freeskates sind ein hochwertiges Qualit\u00e4tsprodukt, welches von den besten und erfahrensten Freeskatern der Welt entworfen wurde. Belastungsf\u00e4hige Teile und erstklassiges Design garantieren deine Sicherheit und lassen dich deinen neuen Ride in vollen Z\u00fcgen genie\u00dfen.<\/p>\n<p><strong>Akribisches Design<\/strong><br \/>\nDas Design unserer Skates ist das Produkt dreij\u00e4hriger Arbeit mit unz\u00e4hligen Iterationen und Beratungen durch Freeskater aus aller Welt. Wir haben einen Skate geschaffen, auf dem das Erlernen einfacher ist, der sich aufgrund verschiedener Designaspekte jedoch gleichzeitig auch besser f\u00fcr fortgeschrittene Fahrer und Tricks eignet. Unser Design ist f\u00fcr Anf\u00e4nger und Experten gleicherma\u00dfen in jeder Hinsicht\u00a0besser.<\/p>\n<p><strong>ROLL WITH US!<\/strong><\/p>\n<p>[su_divider top=&#8221;no&#8221; divider_color=&#8221;#000000&#8243; link_color=&#8221;#000000&#8243; size=&#8221;7&#8243;]<\/p>\n<p>[su_row][su_column size=&#8221;1\/3&#8243; center=&#8221;no&#8221; class=&#8221;&#8221;]<\/p>\n<figure id=\"attachment_394995\" aria-describedby=\"caption-attachment-394995\" style=\"width: 300px\" class=\"wp-caption alignnone\"><a href=\"https:\/\/twenty4action.com\/wp-content\/uploads\/2021\/09\/bearings-PNG.png\"><img fetchpriority=\"high\" decoding=\"async\" class=\"size-medium wp-image-394995\" src=\"https:\/\/twenty4action.com\/wp-content\/uploads\/2021\/09\/bearings-PNG-300x300.png\" alt=\"\" width=\"300\" height=\"300\" srcset=\"https:\/\/twenty4action.com\/wp-content\/uploads\/2021\/09\/bearings-PNG-300x300.png 300w, https:\/\/twenty4action.com\/wp-content\/uploads\/2021\/09\/bearings-PNG-150x150.png 150w, https:\/\/twenty4action.com\/wp-content\/uploads\/2021\/09\/bearings-PNG-400x400.png 400w, https:\/\/twenty4action.com\/wp-content\/uploads\/2021\/09\/bearings-PNG-100x100.png 100w, https:\/\/twenty4action.com\/wp-content\/uploads\/2021\/09\/bearings-PNG.png 540w\" sizes=\"(max-width: 300px) 100vw, 300px\" \/><\/a><figcaption id=\"caption-attachment-394995\" class=\"wp-caption-text\">JMKRIDE HIGH-PRECISION BEARINGS\u00a0<br \/>Unser Design mit eingebauten Spacern garantiert perfekte Passform, ausgezeichnete Rolleigenschaften und verl\u00e4ssliche Stabilit\u00e4t bei hohen Geschwindigkeiten.<\/figcaption><\/figure>\n<p>[\/su_column] [su_column size=&#8221;1\/3&#8243; center=&#8221;no&#8221; class=&#8221;&#8221;]<\/p>\n<figure id=\"attachment_394992\" aria-describedby=\"caption-attachment-394992\" style=\"width: 300px\" class=\"wp-caption alignnone\"><a href=\"https:\/\/twenty4action.com\/wp-content\/uploads\/2021\/09\/RedWheel-WebMedia_db891ce8-e523-4c57-aca3-19977fd1e90c_540x.png\"><img decoding=\"async\" class=\"size-medium wp-image-394992\" src=\"https:\/\/twenty4action.com\/wp-content\/uploads\/2021\/09\/RedWheel-WebMedia_db891ce8-e523-4c57-aca3-19977fd1e90c_540x-300x300.png\" alt=\"\" width=\"300\" height=\"300\" srcset=\"https:\/\/twenty4action.com\/wp-content\/uploads\/2021\/09\/RedWheel-WebMedia_db891ce8-e523-4c57-aca3-19977fd1e90c_540x-300x300.png 300w, https:\/\/twenty4action.com\/wp-content\/uploads\/2021\/09\/RedWheel-WebMedia_db891ce8-e523-4c57-aca3-19977fd1e90c_540x-150x150.png 150w, https:\/\/twenty4action.com\/wp-content\/uploads\/2021\/09\/RedWheel-WebMedia_db891ce8-e523-4c57-aca3-19977fd1e90c_540x-400x400.png 400w, https:\/\/twenty4action.com\/wp-content\/uploads\/2021\/09\/RedWheel-WebMedia_db891ce8-e523-4c57-aca3-19977fd1e90c_540x-100x100.png 100w, https:\/\/twenty4action.com\/wp-content\/uploads\/2021\/09\/RedWheel-WebMedia_db891ce8-e523-4c57-aca3-19977fd1e90c_540x.png 540w\" sizes=\"(max-width: 300px) 100vw, 300px\" \/><\/a><figcaption id=\"caption-attachment-394992\" class=\"wp-caption-text\">PROFORMANCE WHEELS.<br \/>JMKRIDE PROFORMANCE Rollen sind eine einzigartige Innovation. Sie geben deinen Skates dieses charakteristische, geschmeidige und flie\u00dfende Gef\u00fchl. PROFORMANCE wheels verf\u00fcgen \u00fcber mehr Bodenhaftung und lassen dich mehr Speed auf die Stra\u00dfe bringen.<\/figcaption><\/figure>\n<p>[\/su_column] [su_column size=&#8221;1\/3&#8243; center=&#8221;no&#8221; class=&#8221;&#8221;]<\/p>\n<figure id=\"attachment_394994\" aria-describedby=\"caption-attachment-394994\" style=\"width: 300px\" class=\"wp-caption alignnone\"><a href=\"https:\/\/twenty4action.com\/wp-content\/uploads\/2021\/09\/Trucks-Webmedia_0cba5f64-7af1-466c-bc8d-aa33d38ec3ce_540x.png\"><img decoding=\"async\" class=\"size-medium wp-image-394994\" src=\"https:\/\/twenty4action.com\/wp-content\/uploads\/2021\/09\/Trucks-Webmedia_0cba5f64-7af1-466c-bc8d-aa33d38ec3ce_540x-300x300.png\" alt=\"\" width=\"300\" height=\"300\" srcset=\"https:\/\/twenty4action.com\/wp-content\/uploads\/2021\/09\/Trucks-Webmedia_0cba5f64-7af1-466c-bc8d-aa33d38ec3ce_540x-300x300.png 300w, https:\/\/twenty4action.com\/wp-content\/uploads\/2021\/09\/Trucks-Webmedia_0cba5f64-7af1-466c-bc8d-aa33d38ec3ce_540x-150x150.png 150w, https:\/\/twenty4action.com\/wp-content\/uploads\/2021\/09\/Trucks-Webmedia_0cba5f64-7af1-466c-bc8d-aa33d38ec3ce_540x-400x400.png 400w, https:\/\/twenty4action.com\/wp-content\/uploads\/2021\/09\/Trucks-Webmedia_0cba5f64-7af1-466c-bc8d-aa33d38ec3ce_540x-100x100.png 100w, https:\/\/twenty4action.com\/wp-content\/uploads\/2021\/09\/Trucks-Webmedia_0cba5f64-7af1-466c-bc8d-aa33d38ec3ce_540x.png 540w\" sizes=\"(max-width: 300px) 100vw, 300px\" \/><\/a><figcaption id=\"caption-attachment-394994\" class=\"wp-caption-text\">BEST\u00c4NDIG UND DAUERHAFT<br \/>Unsere Trucks bestehen aus extrem best\u00e4ndigem Stahl und und sind in zahlreichen, knalligen Farben erh\u00e4ltlich. Der unverw\u00fcstliche Stahl sorgt f\u00fcr einen niedrigen Schwerpunkt der Skates und damit f\u00fcr erh\u00f6hte Stabilit\u00e4t &#8211; essenziell f\u00fcr hohe Geschwindigkeiten und unebenes Terrain.<\/figcaption><\/figure>\n<p>[\/su_column][\/su_row]<\/p>\n<div class=\"mceTemp\"><\/div>\n<p>[su_divider top=&#8221;no&#8221; divider_color=&#8221;#000000&#8243; link_color=&#8221;#000000&#8243; size=&#8221;7&#8243;]<\/p>\n<div class=\"mceTemp\"><\/div>\n<div class=\"mceTemp\"><\/div>\n<ul>\n<li class=\"p1\"><span class=\"s1\">Sollten andere als die originalen JMKRIDE Teile f\u00fcr die Montage eines Skates verwendet werden, erlischt die Gew\u00e4hrleistung sowie der Haftungsanspruch.<\/span><\/li>\n<li class=\"p1\">Farbabweichungen m\u00f6glich.<\/li>\n<li class=\"p1\">K\u00f6rnung der Griptapes kann variieren.<\/li>\n<li>Montagetipp:\u00a0Wir empfehlen zu Montage der Skates und vor allem der Griptapes d\u00fcnne, gummierte Handschuhe zu tragen.<br \/>\nF\u00fcr Verletzungen bei der Montage \u00fcbernehmen wir keine Haftung.<\/li>\n<\/ul>\n<h3><strong>Preis f\u00fcr 1 Set!<\/strong><\/h3>\n<p><\/p>","protected":false},"excerpt":{"rendered":"<p>RASTA Beliebt\u00a0und\u00a0zeitlos zaubert er jedem ein L\u00e4cheln auf die Lippen, wenn er an einem vorbeirollt &#8211; einfach immer Urlaub! JMKRIDE Freeskates sind ein hochwertiges Qualit\u00e4tsprodukt, welches von den besten und erfahrensten Freeskatern der Welt entworfen wurde. Belastungsf\u00e4hige Teile und erstklassiges Design garantieren deine Sicherheit und lassen dich deinen neuen Ride in vollen Z\u00fcgen genie\u00dfen. Akribisches [&hellip;]<\/p>\n","protected":false},"featured_media":397128,"template":"","meta":{"site-sidebar-layout":"no-sidebar","site-content-layout":"content-boxed-container","ast-site-content-layout":"normal-width-container","site-content-style":"boxed","site-sidebar-style":"unboxed","ast-global-header-display":"","ast-banner-title-visibility":"","ast-main-header-display":"","ast-hfb-above-header-display":"","ast-hfb-below-header-display":"","ast-hfb-mobile-header-display":"","site-post-title":"","ast-breadcrumbs-content":"","ast-featured-img":"","footer-sml-layout":"","ast-disable-related-posts":"","theme-transparent-header-meta":"default","adv-header-id-meta":"","stick-header-meta":"","header-above-stick-meta":"","header-main-stick-meta":"","header-below-stick-meta":"","astra-migrate-meta-layouts":"set","ast-page-background-enabled":"default","ast-page-background-meta":{"desktop":{"background-color":"","background-image":"","background-repeat":"repeat","background-position":"center center","background-size":"auto","background-attachment":"scroll","background-type":"","background-media":"","overlay-type":"","overlay-color":"","overlay-opacity":"","overlay-gradient":""},"tablet":{"background-color":"","background-image":"","background-repeat":"repeat","background-position":"center center","background-size":"auto","background-attachment":"scroll","background-type":"","background-media":"","overlay-type":"","overlay-color":"","overlay-opacity":"","overlay-gradient":""},"mobile":{"background-color":"","background-image":"","background-repeat":"repeat","background-position":"center center","background-size":"auto","background-attachment":"scroll","background-type":"","background-media":"","overlay-type":"","overlay-color":"","overlay-opacity":"","overlay-gradient":""}},"ast-content-background-meta":{"desktop":{"background-color":"var(--ast-global-color-5)","background-image":"","background-repeat":"repeat","background-position":"center center","background-size":"auto","background-attachment":"scroll","background-type":"","background-media":"","overlay-type":"","overlay-color":"","overlay-opacity":"","overlay-gradient":""},"tablet":{"background-color":"var(--ast-global-color-5)","background-image":"","background-repeat":"repeat","background-position":"center center","background-size":"auto","background-attachment":"scroll","background-type":"","background-media":"","overlay-type":"","overlay-color":"","overlay-opacity":"","overlay-gradient":""},"mobile":{"background-color":"var(--ast-global-color-5)","background-image":"","background-repeat":"repeat","background-position":"center center","background-size":"auto","background-attachment":"scroll","background-type":"","background-media":"","overlay-type":"","overlay-color":"","overlay-opacity":"","overlay-gradient":""}},"advanced_seo_description":"","jetpack_seo_html_title":"","jetpack_seo_noindex":false,"jetpack_post_was_ever_published":false},"product_brand":[],"product_cat":[53],"product_tag":[],"class_list":{"0":"post-395542","1":"product","2":"type-product","3":"status-publish","4":"has-post-thumbnail","6":"product_cat-freeskates-completes","7":"product_shipping_class-big","8":"desktop-align-left","9":"tablet-align-left","10":"mobile-align-left","12":"first","13":"outofstock","14":"featured","15":"taxable","16":"shipping-taxable","17":"purchasable","18":"product-type-simple"},"jetpack_sharing_enabled":true,"_links":{"self":[{"href":"https:\/\/twenty4action.com\/de\/wp-json\/wp\/v2\/product\/395542","targetHints":{"allow":["GET"]}}],"collection":[{"href":"https:\/\/twenty4action.com\/de\/wp-json\/wp\/v2\/product"}],"about":[{"href":"https:\/\/twenty4action.com\/de\/wp-json\/wp\/v2\/types\/product"}],"wp:featuredmedia":[{"embeddable":true,"href":"https:\/\/twenty4action.com\/de\/wp-json\/wp\/v2\/media\/397128"}],"wp:attachment":[{"href":"https:\/\/twenty4action.com\/de\/wp-json\/wp\/v2\/media?parent=395542"}],"wp:term":[{"taxonomy":"product_brand","embeddable":true,"href":"https:\/\/twenty4action.com\/de\/wp-json\/wp\/v2\/product_brand?post=395542"},{"taxonomy":"product_cat","embeddable":true,"href":"https:\/\/twenty4action.com\/de\/wp-json\/wp\/v2\/product_cat?post=395542"},{"taxonomy":"product_tag","embeddable":true,"href":"https:\/\/twenty4action.com\/de\/wp-json\/wp\/v2\/product_tag?post=395542"}],"curies":[{"name":"wp","href":"https:\/\/api.w.org\/{rel}","templated":true}]}}