{"id":395010,"date":"2021-12-27T20:09:09","date_gmt":"2021-12-27T18:09:09","guid":{"rendered":"https:\/\/twenty4action.com\/?post_type=product&#038;p=395010"},"modified":"2026-03-31T17:41:15","modified_gmt":"2026-03-31T15:41:15","slug":"jmkride-wheel-classic-1-pc","status":"publish","type":"product","link":"https:\/\/twenty4action.com\/de\/shop\/jmkride-wheel-classic-1-pc\/","title":{"rendered":"JMKRIDE Wheel CLASSIC (1 pc)"},"content":{"rendered":"<p>Die <strong>CLASSIC<\/strong> <strong>ROLLEN<\/strong> von <strong>JMKRIDE<\/strong>.<br \/>\nDie urspr\u00fcngliche Rollenform, bevor die mehr abgerundeten <strong>PROFORMANCE WHEELS<\/strong> eingef\u00fchrt wurden. Obwohl die runde Form der <strong>PROFORMANCE<\/strong> Wheels mehrere gro\u00dfe Vorteile mit sich bringt, sind einige erfahrene Flatland-Rider zur\u00fcck zu den <strong>CLASSIC<\/strong> Wheels gegangen, da diese <strong>f\u00fcr bestimme Tricks besser geeignet sein k\u00f6nnen<\/strong>. Beispielsweise machen es die <strong>CLASSIC<\/strong> Wheels einfacher, deinen Skate alleine rollen zu lassen, ohne dass du darauf stehst, was super f\u00fcr bestimmte One-Footer-Combos oder Flip-Tricks ist.<br \/>\nWelche Rolle du benutzt, ist deine Entscheidung und kann von deinem Fahrstil abh\u00e4ngen. Die Form ist der einzige Unterschied zwischen <strong>PROFORMANCE<\/strong> und <strong>CLASSIC<\/strong> Rollen. Beide sind aus hochwertigen Materialien gefertigt, beide haben einen zentral angeordneten Rollenkern (&#8220;center-set hub&#8221;), und beide werden dich \u00fcber den Asphalt fliegen lassen, dass sich die Leute nach dir umdrehen.<\/p>\n<ul>\n<li>78a high quality PU<\/li>\n<li>73 x 43 mm<\/li>\n<li>center-set hub<\/li>\n<li>kompatibel mit allen Freeskates and Longboards.<\/li>\n<\/ul>\n<p><strong>WIR EMPFEHLEN DIE BEIDEN ROLLENFORMEN NICHT IN EINEM PAAR SKATES ZU KOMBINIEREN.<\/strong><\/p>\n<p><strong>Kugellager und Screw Kit sind nicht enthalten.<\/strong><\/p>\n<ul>\n<li class=\"p1\"><span class=\"s1\">Sollten andere als die originalen JMKRIDE Teile f\u00fcr die Montage eines Skates verwendet werden, erlischt die Gew\u00e4hrleistung sowie der Haftungsanspruch.<\/span><\/li>\n<li class=\"p1\">Farbabweichungen m\u00f6glich.<\/li>\n<\/ul>\n<h3><strong>Preis pro St\u00fcck!<\/strong><\/h3>\n<p>&nbsp;<\/p>\n<p>[su_divider top=&#8221;no&#8221; divider_color=&#8221;#000000&#8243; link_color=&#8221;#000000&#8243; size=&#8221;7&#8243;]<\/p>\n<p>[su_row][su_column size=&#8221;1\/2&#8243; center=&#8221;no&#8221; class=&#8221;&#8221;]<\/p>\n<figure id=\"attachment_395064\" aria-describedby=\"caption-attachment-395064\" style=\"width: 300px\" class=\"wp-caption alignnone\"><a href=\"https:\/\/twenty4action.com\/wp-content\/uploads\/2021\/12\/BlackClassicSetof2PNGwithglow_900x.png\"><img fetchpriority=\"high\" decoding=\"async\" class=\"wp-image-395064 size-medium\" src=\"https:\/\/twenty4action.com\/wp-content\/uploads\/2021\/12\/BlackClassicSetof2PNGwithglow_900x-300x300.png\" alt=\"\" width=\"300\" height=\"300\" srcset=\"https:\/\/twenty4action.com\/wp-content\/uploads\/2021\/12\/BlackClassicSetof2PNGwithglow_900x-300x300.png 300w, https:\/\/twenty4action.com\/wp-content\/uploads\/2021\/12\/BlackClassicSetof2PNGwithglow_900x-150x150.png 150w, https:\/\/twenty4action.com\/wp-content\/uploads\/2021\/12\/BlackClassicSetof2PNGwithglow_900x-768x768.png 768w, https:\/\/twenty4action.com\/wp-content\/uploads\/2021\/12\/BlackClassicSetof2PNGwithglow_900x-400x400.png 400w, https:\/\/twenty4action.com\/wp-content\/uploads\/2021\/12\/BlackClassicSetof2PNGwithglow_900x-800x800.png 800w, https:\/\/twenty4action.com\/wp-content\/uploads\/2021\/12\/BlackClassicSetof2PNGwithglow_900x-100x100.png 100w, https:\/\/twenty4action.com\/wp-content\/uploads\/2021\/12\/BlackClassicSetof2PNGwithglow_900x.png 900w\" sizes=\"(max-width: 300px) 100vw, 300px\" \/><\/a><figcaption id=\"caption-attachment-395064\" class=\"wp-caption-text\">CLASSIC WHEELS<br \/>JMKRIDE CLASSIC Rollen bieten Dir ideale Stabilit\u00e4t und sind f\u00fcr manche Tricks besser geeignet, da dein Skate &#8220;alleine&#8221; aufrecht rollen kann. Perfekt f\u00fcr One-Footers und Flip-Tricks.<\/figcaption><\/figure>\n<p>[\/su_column] [su_column size=&#8221;1\/2&#8243; center=&#8221;no&#8221; class=&#8221;&#8221;]<\/p>\n<figure id=\"attachment_394992\" aria-describedby=\"caption-attachment-394992\" style=\"width: 300px\" class=\"wp-caption alignnone\"><a href=\"https:\/\/twenty4action.com\/wp-content\/uploads\/2021\/09\/RedWheel-WebMedia_db891ce8-e523-4c57-aca3-19977fd1e90c_540x.png\"><img decoding=\"async\" class=\"size-medium wp-image-394992\" src=\"https:\/\/twenty4action.com\/wp-content\/uploads\/2021\/09\/RedWheel-WebMedia_db891ce8-e523-4c57-aca3-19977fd1e90c_540x-300x300.png\" alt=\"\" width=\"300\" height=\"300\" srcset=\"https:\/\/twenty4action.com\/wp-content\/uploads\/2021\/09\/RedWheel-WebMedia_db891ce8-e523-4c57-aca3-19977fd1e90c_540x-300x300.png 300w, https:\/\/twenty4action.com\/wp-content\/uploads\/2021\/09\/RedWheel-WebMedia_db891ce8-e523-4c57-aca3-19977fd1e90c_540x-150x150.png 150w, https:\/\/twenty4action.com\/wp-content\/uploads\/2021\/09\/RedWheel-WebMedia_db891ce8-e523-4c57-aca3-19977fd1e90c_540x-400x400.png 400w, https:\/\/twenty4action.com\/wp-content\/uploads\/2021\/09\/RedWheel-WebMedia_db891ce8-e523-4c57-aca3-19977fd1e90c_540x-100x100.png 100w, https:\/\/twenty4action.com\/wp-content\/uploads\/2021\/09\/RedWheel-WebMedia_db891ce8-e523-4c57-aca3-19977fd1e90c_540x.png 540w\" sizes=\"(max-width: 300px) 100vw, 300px\" \/><\/a><figcaption id=\"caption-attachment-394992\" class=\"wp-caption-text\">PROFORMANCE WHEELS.<br \/>JMKRIDE PROFORMANCE Rollen sind eine einzigartige Innovation. Sie geben deinen Skates dieses charakteristische, geschmeidige und flie\u00dfende Gef\u00fchl. PROFORMANCE wheels verf\u00fcgen \u00fcber mehr Bodenhaftung und lassen dich mehr Speed auf die Stra\u00dfe bringen.<\/figcaption><\/figure>\n<p>[\/su_column][\/su_row]<\/p>\n<div class=\"mceTemp\"><\/div>\n<p>[su_divider top=&#8221;no&#8221; divider_color=&#8221;#000000&#8243; link_color=&#8221;#000000&#8243; size=&#8221;7&#8243;]<\/p>\n<p>&nbsp;<\/p>","protected":false},"excerpt":{"rendered":"<p>Die CLASSIC ROLLEN von JMKRIDE. Die urspr\u00fcngliche Rollenform, bevor die mehr abgerundeten PROFORMANCE WHEELS eingef\u00fchrt wurden. Obwohl die runde Form der PROFORMANCE Wheels mehrere gro\u00dfe Vorteile mit sich bringt, sind einige erfahrene Flatland-Rider zur\u00fcck zu den CLASSIC Wheels gegangen, da diese f\u00fcr bestimme Tricks besser geeignet sein k\u00f6nnen. Beispielsweise machen es die CLASSIC Wheels einfacher, [&hellip;]<\/p>\n","protected":false},"featured_media":395594,"template":"","meta":{"site-sidebar-layout":"no-sidebar","site-content-layout":"content-boxed-container","ast-site-content-layout":"normal-width-container","site-content-style":"boxed","site-sidebar-style":"unboxed","ast-global-header-display":"","ast-banner-title-visibility":"","ast-main-header-display":"","ast-hfb-above-header-display":"","ast-hfb-below-header-display":"","ast-hfb-mobile-header-display":"","site-post-title":"","ast-breadcrumbs-content":"","ast-featured-img":"","footer-sml-layout":"","ast-disable-related-posts":"","theme-transparent-header-meta":"default","adv-header-id-meta":"","stick-header-meta":"","header-above-stick-meta":"","header-main-stick-meta":"","header-below-stick-meta":"","astra-migrate-meta-layouts":"set","ast-page-background-enabled":"default","ast-page-background-meta":{"desktop":{"background-color":"","background-image":"","background-repeat":"repeat","background-position":"center center","background-size":"auto","background-attachment":"scroll","background-type":"","background-media":"","overlay-type":"","overlay-color":"","overlay-opacity":"","overlay-gradient":""},"tablet":{"background-color":"","background-image":"","background-repeat":"repeat","background-position":"center center","background-size":"auto","background-attachment":"scroll","background-type":"","background-media":"","overlay-type":"","overlay-color":"","overlay-opacity":"","overlay-gradient":""},"mobile":{"background-color":"","background-image":"","background-repeat":"repeat","background-position":"center center","background-size":"auto","background-attachment":"scroll","background-type":"","background-media":"","overlay-type":"","overlay-color":"","overlay-opacity":"","overlay-gradient":""}},"ast-content-background-meta":{"desktop":{"background-color":"var(--ast-global-color-5)","background-image":"","background-repeat":"repeat","background-position":"center center","background-size":"auto","background-attachment":"scroll","background-type":"","background-media":"","overlay-type":"","overlay-color":"","overlay-opacity":"","overlay-gradient":""},"tablet":{"background-color":"var(--ast-global-color-5)","background-image":"","background-repeat":"repeat","background-position":"center center","background-size":"auto","background-attachment":"scroll","background-type":"","background-media":"","overlay-type":"","overlay-color":"","overlay-opacity":"","overlay-gradient":""},"mobile":{"background-color":"var(--ast-global-color-5)","background-image":"","background-repeat":"repeat","background-position":"center center","background-size":"auto","background-attachment":"scroll","background-type":"","background-media":"","overlay-type":"","overlay-color":"","overlay-opacity":"","overlay-gradient":""}},"advanced_seo_description":"","jetpack_seo_html_title":"","jetpack_seo_noindex":false,"jetpack_post_was_ever_published":false},"product_brand":[],"product_cat":[77],"product_tag":[],"class_list":{"0":"post-395010","1":"product","2":"type-product","3":"status-publish","4":"has-post-thumbnail","6":"product_cat-accessories","7":"product_shipping_class-small","8":"desktop-align-left","9":"tablet-align-left","10":"mobile-align-left","12":"first","13":"instock","14":"taxable","15":"shipping-taxable","16":"purchasable","17":"product-type-variable"},"jetpack_sharing_enabled":true,"_links":{"self":[{"href":"https:\/\/twenty4action.com\/de\/wp-json\/wp\/v2\/product\/395010","targetHints":{"allow":["GET"]}}],"collection":[{"href":"https:\/\/twenty4action.com\/de\/wp-json\/wp\/v2\/product"}],"about":[{"href":"https:\/\/twenty4action.com\/de\/wp-json\/wp\/v2\/types\/product"}],"wp:featuredmedia":[{"embeddable":true,"href":"https:\/\/twenty4action.com\/de\/wp-json\/wp\/v2\/media\/395594"}],"wp:attachment":[{"href":"https:\/\/twenty4action.com\/de\/wp-json\/wp\/v2\/media?parent=395010"}],"wp:term":[{"taxonomy":"product_brand","embeddable":true,"href":"https:\/\/twenty4action.com\/de\/wp-json\/wp\/v2\/product_brand?post=395010"},{"taxonomy":"product_cat","embeddable":true,"href":"https:\/\/twenty4action.com\/de\/wp-json\/wp\/v2\/product_cat?post=395010"},{"taxonomy":"product_tag","embeddable":true,"href":"https:\/\/twenty4action.com\/de\/wp-json\/wp\/v2\/product_tag?post=395010"}],"curies":[{"name":"wp","href":"https:\/\/api.w.org\/{rel}","templated":true}]}}