{"id":394684,"date":"2021-11-17T03:10:56","date_gmt":"2021-11-17T01:10:56","guid":{"rendered":"https:\/\/twenty4action.com\/?post_type=product&#038;p=394684"},"modified":"2025-11-02T23:28:47","modified_gmt":"2025-11-02T21:28:47","slug":"jmk-ride-edge-guards-set","status":"publish","type":"product","link":"https:\/\/twenty4action.com\/de\/shop\/jmk-ride-edge-guards-set\/","title":{"rendered":"JMKRIDE Edge Guards (2pc)"},"content":{"rendered":"<p><strong>Original JMKRIDE Edge Guards<\/strong><\/p>\n<p>Die Passform der Edge Guards ist perfekt an unsere Decks angepasst und besteht aus einer hochwertigen Gummimischung.<\/p>\n<p>Sie sch\u00fctzen die Decks ideal vor Schrammen und Kratzern und sorgen f\u00fcr ein leises Absteigen &#8211; ob gewollt oder ungewollt.<\/p>\n<p>Farbabweichungen m\u00f6glich<\/p>\n<p><strong>Montagetipp:<\/strong><\/p>\n<p>Da wir gr\u00f6\u00dften Wert auf Fahrkomfort und Sicherheit legen, sind unsere Edge Guards extrem passgenau, um ein Verrutschen oder \u00c4hnliches zu verhindern. Hieraus resultiert, dass die Montage bei zu niedrigen Temperaturen erschwert sein kann.<br \/>\nUm die Montage zu erleichtern, legen Sie die Edge Guards zuvor in warmes Wasser oder erw\u00e4rmen sie diese leicht mit einem F\u00f6n. Beginnen Sie dann an einer Ecke mit der Montage. Ein Hebelwerkzeug &#8211; am besten nicht metallisch &#8211; vereinfacht die Installation zus\u00e4tzlich.<br \/>\n<strong>Achtung<\/strong>: Sollten durch \u00fcberm\u00e4\u00dfiges Erhitzen Verformungen an den Edge Guards entstehen oder durch die Montage andere Besch\u00e4digungen an Bauteilen auftreten, \u00fcbernehmen wir hierf\u00fcr keine Haftung.<\/p>\n<h3><strong>Preis pro Set aus 2 St\u00fcck!<\/strong><\/h3>\n<p><\/p>","protected":false},"excerpt":{"rendered":"<p>Original JMKRIDE Edge Guards Die Passform der Edge Guards ist perfekt an unsere Decks angepasst und besteht aus einer hochwertigen Gummimischung. Sie sch\u00fctzen die Decks ideal vor Schrammen und Kratzern und sorgen f\u00fcr ein leises Absteigen &#8211; ob gewollt oder ungewollt. Farbabweichungen m\u00f6glich Montagetipp: Da wir gr\u00f6\u00dften Wert auf Fahrkomfort und Sicherheit legen, sind unsere [&hellip;]<\/p>\n","protected":false},"featured_media":394744,"template":"","meta":{"site-sidebar-layout":"no-sidebar","site-content-layout":"content-boxed-container","ast-site-content-layout":"normal-width-container","site-content-style":"boxed","site-sidebar-style":"unboxed","ast-global-header-display":"","ast-banner-title-visibility":"","ast-main-header-display":"","ast-hfb-above-header-display":"","ast-hfb-below-header-display":"","ast-hfb-mobile-header-display":"","site-post-title":"","ast-breadcrumbs-content":"","ast-featured-img":"","footer-sml-layout":"","ast-disable-related-posts":"","theme-transparent-header-meta":"default","adv-header-id-meta":"","stick-header-meta":"","header-above-stick-meta":"","header-main-stick-meta":"","header-below-stick-meta":"","astra-migrate-meta-layouts":"set","ast-page-background-enabled":"default","ast-page-background-meta":{"desktop":{"background-color":"","background-image":"","background-repeat":"repeat","background-position":"center center","background-size":"auto","background-attachment":"scroll","background-type":"","background-media":"","overlay-type":"","overlay-color":"","overlay-opacity":"","overlay-gradient":""},"tablet":{"background-color":"","background-image":"","background-repeat":"repeat","background-position":"center center","background-size":"auto","background-attachment":"scroll","background-type":"","background-media":"","overlay-type":"","overlay-color":"","overlay-opacity":"","overlay-gradient":""},"mobile":{"background-color":"","background-image":"","background-repeat":"repeat","background-position":"center center","background-size":"auto","background-attachment":"scroll","background-type":"","background-media":"","overlay-type":"","overlay-color":"","overlay-opacity":"","overlay-gradient":""}},"ast-content-background-meta":{"desktop":{"background-color":"var(--ast-global-color-5)","background-image":"","background-repeat":"repeat","background-position":"center center","background-size":"auto","background-attachment":"scroll","background-type":"","background-media":"","overlay-type":"","overlay-color":"","overlay-opacity":"","overlay-gradient":""},"tablet":{"background-color":"var(--ast-global-color-5)","background-image":"","background-repeat":"repeat","background-position":"center center","background-size":"auto","background-attachment":"scroll","background-type":"","background-media":"","overlay-type":"","overlay-color":"","overlay-opacity":"","overlay-gradient":""},"mobile":{"background-color":"var(--ast-global-color-5)","background-image":"","background-repeat":"repeat","background-position":"center center","background-size":"auto","background-attachment":"scroll","background-type":"","background-media":"","overlay-type":"","overlay-color":"","overlay-opacity":"","overlay-gradient":""}},"advanced_seo_description":"","jetpack_seo_html_title":"","jetpack_seo_noindex":false,"jetpack_post_was_ever_published":false},"product_brand":[],"product_cat":[77],"product_tag":[],"class_list":{"0":"post-394684","1":"product","2":"type-product","3":"status-publish","4":"has-post-thumbnail","6":"product_cat-accessories","7":"product_shipping_class-small","8":"desktop-align-left","9":"tablet-align-left","10":"mobile-align-left","12":"first","13":"instock","14":"taxable","15":"shipping-taxable","16":"purchasable","17":"product-type-simple"},"jetpack_sharing_enabled":true,"_links":{"self":[{"href":"https:\/\/twenty4action.com\/de\/wp-json\/wp\/v2\/product\/394684","targetHints":{"allow":["GET"]}}],"collection":[{"href":"https:\/\/twenty4action.com\/de\/wp-json\/wp\/v2\/product"}],"about":[{"href":"https:\/\/twenty4action.com\/de\/wp-json\/wp\/v2\/types\/product"}],"wp:featuredmedia":[{"embeddable":true,"href":"https:\/\/twenty4action.com\/de\/wp-json\/wp\/v2\/media\/394744"}],"wp:attachment":[{"href":"https:\/\/twenty4action.com\/de\/wp-json\/wp\/v2\/media?parent=394684"}],"wp:term":[{"taxonomy":"product_brand","embeddable":true,"href":"https:\/\/twenty4action.com\/de\/wp-json\/wp\/v2\/product_brand?post=394684"},{"taxonomy":"product_cat","embeddable":true,"href":"https:\/\/twenty4action.com\/de\/wp-json\/wp\/v2\/product_cat?post=394684"},{"taxonomy":"product_tag","embeddable":true,"href":"https:\/\/twenty4action.com\/de\/wp-json\/wp\/v2\/product_tag?post=394684"}],"curies":[{"name":"wp","href":"https:\/\/api.w.org\/{rel}","templated":true}]}}