{"id":391736,"date":"2020-12-03T14:49:34","date_gmt":"2020-12-03T12:49:34","guid":{"rendered":"https:\/\/twenty4action.com\/?post_type=product&#038;p=391736"},"modified":"2026-04-03T20:15:10","modified_gmt":"2026-04-03T18:15:10","slug":"jmk-ride-griptape-1-pc-snow","status":"publish","type":"product","link":"https:\/\/twenty4action.com\/de\/shop\/jmk-ride-griptape-1-pc-snow\/","title":{"rendered":"JMKRIDE Griptape (1 pc) SNOW"},"content":{"rendered":"<p>Original JMKRIDE Griptape <strong>SNOW<\/strong><\/p>\n<p>Farbabweichungen m\u00f6glich<\/p>\n<p>Die K\u00f6rnung der Griptapes kann variieren.<\/p>\n<h3><strong>Preis pro St\u00fcck!<\/strong><\/h3>\n<p><\/p>","protected":false},"excerpt":{"rendered":"<p>Original JMKRIDE Griptape SNOW Farbabweichungen m\u00f6glich Die K\u00f6rnung der Griptapes kann variieren. Preis pro St\u00fcck!<\/p>\n","protected":false},"featured_media":4471,"template":"","meta":{"site-sidebar-layout":"no-sidebar","site-content-layout":"content-boxed-container","ast-site-content-layout":"normal-width-container","site-content-style":"boxed","site-sidebar-style":"unboxed","ast-global-header-display":"","ast-banner-title-visibility":"","ast-main-header-display":"","ast-hfb-above-header-display":"","ast-hfb-below-header-display":"","ast-hfb-mobile-header-display":"","site-post-title":"","ast-breadcrumbs-content":"","ast-featured-img":"","footer-sml-layout":"","ast-disable-related-posts":"","theme-transparent-header-meta":"default","adv-header-id-meta":"","stick-header-meta":"","header-above-stick-meta":"","header-main-stick-meta":"","header-below-stick-meta":"","astra-migrate-meta-layouts":"set","ast-page-background-enabled":"default","ast-page-background-meta":{"desktop":{"background-color":"","background-image":"","background-repeat":"repeat","background-position":"center center","background-size":"auto","background-attachment":"scroll","background-type":"","background-media":"","overlay-type":"","overlay-color":"","overlay-opacity":"","overlay-gradient":""},"tablet":{"background-color":"","background-image":"","background-repeat":"repeat","background-position":"center center","background-size":"auto","background-attachment":"scroll","background-type":"","background-media":"","overlay-type":"","overlay-color":"","overlay-opacity":"","overlay-gradient":""},"mobile":{"background-color":"","background-image":"","background-repeat":"repeat","background-position":"center center","background-size":"auto","background-attachment":"scroll","background-type":"","background-media":"","overlay-type":"","overlay-color":"","overlay-opacity":"","overlay-gradient":""}},"ast-content-background-meta":{"desktop":{"background-color":"var(--ast-global-color-5)","background-image":"","background-repeat":"repeat","background-position":"center center","background-size":"auto","background-attachment":"scroll","background-type":"","background-media":"","overlay-type":"","overlay-color":"","overlay-opacity":"","overlay-gradient":""},"tablet":{"background-color":"var(--ast-global-color-5)","background-image":"","background-repeat":"repeat","background-position":"center center","background-size":"auto","background-attachment":"scroll","background-type":"","background-media":"","overlay-type":"","overlay-color":"","overlay-opacity":"","overlay-gradient":""},"mobile":{"background-color":"var(--ast-global-color-5)","background-image":"","background-repeat":"repeat","background-position":"center center","background-size":"auto","background-attachment":"scroll","background-type":"","background-media":"","overlay-type":"","overlay-color":"","overlay-opacity":"","overlay-gradient":""}},"advanced_seo_description":"","jetpack_seo_html_title":"","jetpack_seo_noindex":false,"jetpack_post_was_ever_published":false},"product_brand":[],"product_cat":[77],"product_tag":[50,51],"class_list":{"0":"post-391736","1":"product","2":"type-product","3":"status-publish","4":"has-post-thumbnail","6":"product_cat-accessories","7":"product_tag-freeskates","8":"product_tag-jmkride","9":"product_shipping_class-small","10":"desktop-align-left","11":"tablet-align-left","12":"mobile-align-left","14":"first","15":"instock","16":"taxable","17":"shipping-taxable","18":"purchasable","19":"product-type-variable"},"jetpack_sharing_enabled":true,"_links":{"self":[{"href":"https:\/\/twenty4action.com\/de\/wp-json\/wp\/v2\/product\/391736","targetHints":{"allow":["GET"]}}],"collection":[{"href":"https:\/\/twenty4action.com\/de\/wp-json\/wp\/v2\/product"}],"about":[{"href":"https:\/\/twenty4action.com\/de\/wp-json\/wp\/v2\/types\/product"}],"wp:featuredmedia":[{"embeddable":true,"href":"https:\/\/twenty4action.com\/de\/wp-json\/wp\/v2\/media\/4471"}],"wp:attachment":[{"href":"https:\/\/twenty4action.com\/de\/wp-json\/wp\/v2\/media?parent=391736"}],"wp:term":[{"taxonomy":"product_brand","embeddable":true,"href":"https:\/\/twenty4action.com\/de\/wp-json\/wp\/v2\/product_brand?post=391736"},{"taxonomy":"product_cat","embeddable":true,"href":"https:\/\/twenty4action.com\/de\/wp-json\/wp\/v2\/product_cat?post=391736"},{"taxonomy":"product_tag","embeddable":true,"href":"https:\/\/twenty4action.com\/de\/wp-json\/wp\/v2\/product_tag?post=391736"}],"curies":[{"name":"wp","href":"https:\/\/api.w.org\/{rel}","templated":true}]}}