{"id":390775,"date":"2020-11-10T21:39:48","date_gmt":"2020-11-10T19:39:48","guid":{"rendered":"https:\/\/twenty4action.com\/?post_type=product&#038;p=390775"},"modified":"2026-04-06T13:09:31","modified_gmt":"2026-04-06T11:09:31","slug":"customconfig","status":"publish","type":"product","link":"https:\/\/twenty4action.com\/de\/shop\/customconfig\/","title":{"rendered":"JMKRIDE Customizer"},"content":{"rendered":"<p>Deine <strong>WUNSCH-FARBEN<\/strong>!!! Der Configurator mit <strong>PROFORMANCE WHEELS<\/strong>!<\/p>\n<p>Die\u00a0<strong>PRO-FORMANCE<\/strong>\u00a0Rollen von\u00a0<strong>JMKRIDE<\/strong>\u00a0sind ein echter Game-Changer!<br \/>\nJahrelang hatten wir von solch einem Wheel getr\u00e4umt. Nicht, weil die\u00a0<strong>Classic<\/strong>\u00a0Wheels etwas h\u00e4tten vermissen lassen, sondern weil wir uns sicher waren, die\u00a0<strong>einzigartige abgerundete Form<\/strong>\u00a0w\u00fcrde das bereits unglaublich geschmeidige Fahren mit den Skates noch um L\u00e4ngen smoother machen. Und das tat sie auch. Die matte Oberfl\u00e4che sieht nicht nur gut aus, in Verbindung mit der Form wirst du auch feststellen, dass du mehr Grip auf die Stra\u00dfe bringst. Skate h\u00e4rter UND smoother gleichzeitig! Mit den\u00a0<strong>PROFORMANCE<\/strong>\u00a0Wheels wirst so fahren, \u201cwie es schon immer gedacht war\u201d.<\/p>\n<p>Welche Rolle du benutzt, ist deine Entscheidung und kann von deinem Fahrstil abh\u00e4ngen. Die Form ist der einzige Unterschied zwischen\u00a0<strong>PROFORMANCE<\/strong>\u00a0und\u00a0<strong>CLASSIC<\/strong>\u00a0Rollen. Beide sind aus hochwertigen Materialien gefertigt, beide haben einen zentral angeordneten Rollenkern (\u201ccenter-set hub\u201d), und beide werden dich \u00fcber den Asphalt fliegen lassen, dass sich die Leute nach dir umdrehen.<\/p>\n<p>JETZT DEINE EIGENEN SKATES ZUSAMMENSTELLEN!!!<\/p>\n<ol>\n<li>Klick die Schaltfl\u00e4che &#8220;<strong>&gt;CUSTOMIZE&lt;<\/strong>&#8220;.<\/li>\n<li>Stell deine Traumkombination an Farben f\u00fcr jede Komponente zusammen.<\/li>\n<li>In den Warenkorb&#8230;<\/li>\n<li>ROLL WITH US<\/li>\n<\/ol>\n<p class=\"p1\"><span class=\"s1\">Die offiziellen JMK RIDE Sticker inklusive &#8211; nur im Custom Set! <\/span><\/p>\n<ul>\n<li class=\"p1\"><span class=\"s1\">Sollten andere als die originalen JMKRIDE Teile f\u00fcr die Montage eines Skates verwendet werden, erlischt die Gew\u00e4hrleistung sowie der Haftungsanspruch.<\/span><\/li>\n<li class=\"p1\">Farbabweichungen m\u00f6glich.<\/li>\n<li class=\"p1\">K\u00f6rnung der Griptapes kann variieren.<\/li>\n<li>Montagetipp:\u00a0Wir empfehlen zu Montage der Skates und vor allem der Griptapes d\u00fcnne, gummierte Handschuhe zu tragen.<br \/>\nF\u00fcr Verletzungen bei der Montage \u00fcbernehmen wir keine Haftung.<\/li>\n<\/ul>\n<h3><strong>Preis f\u00fcr 1 Set!<\/strong><\/h3>\n<p><\/p>","protected":false},"excerpt":{"rendered":"<p>CUSTOMIZE YOUR SKATES NOW!<\/p>\n","protected":false},"featured_media":395678,"template":"","meta":{"site-sidebar-layout":"no-sidebar","site-content-layout":"content-boxed-container","ast-site-content-layout":"normal-width-container","site-content-style":"boxed","site-sidebar-style":"unboxed","ast-global-header-display":"","ast-banner-title-visibility":"","ast-main-header-display":"","ast-hfb-above-header-display":"","ast-hfb-below-header-display":"","ast-hfb-mobile-header-display":"","site-post-title":"","ast-breadcrumbs-content":"","ast-featured-img":"","footer-sml-layout":"","ast-disable-related-posts":"","theme-transparent-header-meta":"default","adv-header-id-meta":"","stick-header-meta":"","header-above-stick-meta":"","header-main-stick-meta":"","header-below-stick-meta":"","astra-migrate-meta-layouts":"set","ast-page-background-enabled":"default","ast-page-background-meta":{"desktop":{"background-color":"","background-image":"","background-repeat":"repeat","background-position":"center center","background-size":"auto","background-attachment":"scroll","background-type":"","background-media":"","overlay-type":"","overlay-color":"","overlay-opacity":"","overlay-gradient":""},"tablet":{"background-color":"","background-image":"","background-repeat":"repeat","background-position":"center center","background-size":"auto","background-attachment":"scroll","background-type":"","background-media":"","overlay-type":"","overlay-color":"","overlay-opacity":"","overlay-gradient":""},"mobile":{"background-color":"","background-image":"","background-repeat":"repeat","background-position":"center center","background-size":"auto","background-attachment":"scroll","background-type":"","background-media":"","overlay-type":"","overlay-color":"","overlay-opacity":"","overlay-gradient":""}},"ast-content-background-meta":{"desktop":{"background-color":"var(--ast-global-color-5)","background-image":"","background-repeat":"repeat","background-position":"center center","background-size":"auto","background-attachment":"scroll","background-type":"","background-media":"","overlay-type":"","overlay-color":"","overlay-opacity":"","overlay-gradient":""},"tablet":{"background-color":"var(--ast-global-color-5)","background-image":"","background-repeat":"repeat","background-position":"center center","background-size":"auto","background-attachment":"scroll","background-type":"","background-media":"","overlay-type":"","overlay-color":"","overlay-opacity":"","overlay-gradient":""},"mobile":{"background-color":"var(--ast-global-color-5)","background-image":"","background-repeat":"repeat","background-position":"center center","background-size":"auto","background-attachment":"scroll","background-type":"","background-media":"","overlay-type":"","overlay-color":"","overlay-opacity":"","overlay-gradient":""}},"advanced_seo_description":"","jetpack_seo_html_title":"","jetpack_seo_noindex":false,"jetpack_post_was_ever_published":false},"product_brand":[],"product_cat":[53],"product_tag":[],"class_list":{"0":"post-390775","1":"product","2":"type-product","3":"status-publish","4":"has-post-thumbnail","6":"product_cat-freeskates-completes","7":"product_shipping_class-big","8":"desktop-align-left","9":"tablet-align-left","10":"mobile-align-left","12":"first","13":"instock","14":"featured","15":"taxable","16":"shipping-taxable","17":"purchasable","18":"product-type-simple"},"jetpack_sharing_enabled":true,"_links":{"self":[{"href":"https:\/\/twenty4action.com\/de\/wp-json\/wp\/v2\/product\/390775","targetHints":{"allow":["GET"]}}],"collection":[{"href":"https:\/\/twenty4action.com\/de\/wp-json\/wp\/v2\/product"}],"about":[{"href":"https:\/\/twenty4action.com\/de\/wp-json\/wp\/v2\/types\/product"}],"wp:featuredmedia":[{"embeddable":true,"href":"https:\/\/twenty4action.com\/de\/wp-json\/wp\/v2\/media\/395678"}],"wp:attachment":[{"href":"https:\/\/twenty4action.com\/de\/wp-json\/wp\/v2\/media?parent=390775"}],"wp:term":[{"taxonomy":"product_brand","embeddable":true,"href":"https:\/\/twenty4action.com\/de\/wp-json\/wp\/v2\/product_brand?post=390775"},{"taxonomy":"product_cat","embeddable":true,"href":"https:\/\/twenty4action.com\/de\/wp-json\/wp\/v2\/product_cat?post=390775"},{"taxonomy":"product_tag","embeddable":true,"href":"https:\/\/twenty4action.com\/de\/wp-json\/wp\/v2\/product_tag?post=390775"}],"curies":[{"name":"wp","href":"https:\/\/api.w.org\/{rel}","templated":true}]}}