{"id":390446,"date":"2020-06-20T18:21:47","date_gmt":"2020-06-20T16:21:47","guid":{"rendered":"https:\/\/twenty4action.com\/?post_type=product&#038;p=390446"},"modified":"2026-04-05T22:04:33","modified_gmt":"2026-04-05T20:04:33","slug":"shock-pad","status":"publish","type":"product","link":"https:\/\/twenty4action.com\/de\/shop\/shock-pad\/","title":{"rendered":"JMKRIDE Shock Pads (Set of 2pcs)"},"content":{"rendered":"<p>Die originalen <strong>JMKRIDE Shock Pads<\/strong> sind PVC D\u00e4mpfer, die zwischen Deck und Truck fixiert werden.<\/p>\n<p>Sie sind f\u00fcr das Skaten absolut notwendig!<\/p>\n<p>Wenn Sie beabsichtigen Einzelteile zu kaufen, um sich selbst einen Skate zusammenzubauen, m\u00fcssen Sie dieses Produkt auf jeden Fall bestellen.<\/p>\n<p>Shock Pads stellen einen Verschlei\u00dfartikel dar und m\u00fcssen regelm\u00e4\u00dfig erneuert werden um die Sicherheit und den Fahrkomfort zu gew\u00e4hrleisten.<\/p>\n<p>Sollten keine oder andere als die originalen JMKRIDE Shock Pads verwendet werden, erlischt die Gew\u00e4hrleistung sowie der Haftungsanspruch.<\/p>\n<p>F\u00fcr eine Kombination mit Teilen anderer Hersteller \u00fcbernehmen wir ebenfalls keinerlei Haftung.<\/p>\n<h3><strong>Preis f\u00fcr 1 Set!<\/strong><\/h3>\n<p><\/p>","protected":false},"excerpt":{"rendered":"<p>Die originalen JMKRIDE Shock Pads sind PVC D\u00e4mpfer, die zwischen Deck und Truck fixiert werden. Sie sind f\u00fcr das Skaten absolut notwendig! Wenn Sie beabsichtigen Einzelteile zu kaufen, um sich selbst einen Skate zusammenzubauen, m\u00fcssen Sie dieses Produkt auf jeden Fall bestellen. Shock Pads stellen einen Verschlei\u00dfartikel dar und m\u00fcssen regelm\u00e4\u00dfig erneuert werden um die [&hellip;]<\/p>\n","protected":false},"featured_media":394131,"template":"","meta":{"site-sidebar-layout":"no-sidebar","site-content-layout":"content-boxed-container","ast-site-content-layout":"normal-width-container","site-content-style":"boxed","site-sidebar-style":"unboxed","ast-global-header-display":"","ast-banner-title-visibility":"","ast-main-header-display":"","ast-hfb-above-header-display":"","ast-hfb-below-header-display":"","ast-hfb-mobile-header-display":"","site-post-title":"","ast-breadcrumbs-content":"","ast-featured-img":"","footer-sml-layout":"","ast-disable-related-posts":"","theme-transparent-header-meta":"default","adv-header-id-meta":"","stick-header-meta":"","header-above-stick-meta":"","header-main-stick-meta":"","header-below-stick-meta":"","astra-migrate-meta-layouts":"set","ast-page-background-enabled":"default","ast-page-background-meta":{"desktop":{"background-color":"","background-image":"","background-repeat":"repeat","background-position":"center center","background-size":"auto","background-attachment":"scroll","background-type":"","background-media":"","overlay-type":"","overlay-color":"","overlay-opacity":"","overlay-gradient":""},"tablet":{"background-color":"","background-image":"","background-repeat":"repeat","background-position":"center center","background-size":"auto","background-attachment":"scroll","background-type":"","background-media":"","overlay-type":"","overlay-color":"","overlay-opacity":"","overlay-gradient":""},"mobile":{"background-color":"","background-image":"","background-repeat":"repeat","background-position":"center center","background-size":"auto","background-attachment":"scroll","background-type":"","background-media":"","overlay-type":"","overlay-color":"","overlay-opacity":"","overlay-gradient":""}},"ast-content-background-meta":{"desktop":{"background-color":"var(--ast-global-color-5)","background-image":"","background-repeat":"repeat","background-position":"center center","background-size":"auto","background-attachment":"scroll","background-type":"","background-media":"","overlay-type":"","overlay-color":"","overlay-opacity":"","overlay-gradient":""},"tablet":{"background-color":"var(--ast-global-color-5)","background-image":"","background-repeat":"repeat","background-position":"center center","background-size":"auto","background-attachment":"scroll","background-type":"","background-media":"","overlay-type":"","overlay-color":"","overlay-opacity":"","overlay-gradient":""},"mobile":{"background-color":"var(--ast-global-color-5)","background-image":"","background-repeat":"repeat","background-position":"center center","background-size":"auto","background-attachment":"scroll","background-type":"","background-media":"","overlay-type":"","overlay-color":"","overlay-opacity":"","overlay-gradient":""}},"advanced_seo_description":"","jetpack_seo_html_title":"","jetpack_seo_noindex":false,"jetpack_post_was_ever_published":false},"product_brand":[],"product_cat":[77],"product_tag":[],"class_list":{"0":"post-390446","1":"product","2":"type-product","3":"status-publish","4":"has-post-thumbnail","6":"product_cat-accessories","7":"product_shipping_class-small","8":"desktop-align-left","9":"tablet-align-left","10":"mobile-align-left","12":"first","13":"instock","14":"taxable","15":"shipping-taxable","16":"purchasable","17":"product-type-simple"},"jetpack_sharing_enabled":true,"_links":{"self":[{"href":"https:\/\/twenty4action.com\/de\/wp-json\/wp\/v2\/product\/390446","targetHints":{"allow":["GET"]}}],"collection":[{"href":"https:\/\/twenty4action.com\/de\/wp-json\/wp\/v2\/product"}],"about":[{"href":"https:\/\/twenty4action.com\/de\/wp-json\/wp\/v2\/types\/product"}],"wp:featuredmedia":[{"embeddable":true,"href":"https:\/\/twenty4action.com\/de\/wp-json\/wp\/v2\/media\/394131"}],"wp:attachment":[{"href":"https:\/\/twenty4action.com\/de\/wp-json\/wp\/v2\/media?parent=390446"}],"wp:term":[{"taxonomy":"product_brand","embeddable":true,"href":"https:\/\/twenty4action.com\/de\/wp-json\/wp\/v2\/product_brand?post=390446"},{"taxonomy":"product_cat","embeddable":true,"href":"https:\/\/twenty4action.com\/de\/wp-json\/wp\/v2\/product_cat?post=390446"},{"taxonomy":"product_tag","embeddable":true,"href":"https:\/\/twenty4action.com\/de\/wp-json\/wp\/v2\/product_tag?post=390446"}],"curies":[{"name":"wp","href":"https:\/\/api.w.org\/{rel}","templated":true}]}}