{"id":390425,"date":"2020-06-20T16:52:33","date_gmt":"2020-06-20T14:52:33","guid":{"rendered":"https:\/\/twenty4action.com\/?post_type=product&#038;p=390425"},"modified":"2026-04-15T16:00:50","modified_gmt":"2026-04-15T14:00:50","slug":"jmkride-shoulder-bag","status":"publish","type":"product","link":"https:\/\/twenty4action.com\/de\/shop\/jmkride-shoulder-bag\/","title":{"rendered":"JMKRIDE Shoulder Bag (1 pc)"},"content":{"rendered":"<p><strong>Original JMKRIDE Shoulder Bag<\/strong><\/p>\n<p><em>NEUES DESIGN !!!<\/em><\/p>\n<p>Nimm Deine Skates \u00fcberall hin mit! So hast Du sie immer griffbereit, egal wo und wann Du skaten m\u00f6chtest!<\/p>\n<p>Die Tasche besteht aus einer Abteilung f\u00fcr die Skates, einer breiten Tasche \u00fcber die gesamte L\u00e4nge hinter den Skates sowie einer kleinen Tasche f\u00fcr Wertsachen.<\/p>\n<p>Farbabweichungen m\u00f6glich &#8211; Abbildung \u00e4hnlich<\/p>\n<h3><strong>Preis pro St\u00fcck!<\/strong><\/h3>\n<p><\/p>","protected":false},"excerpt":{"rendered":"<p>Original JMKRIDE Shoulder Bag NEUES DESIGN !!! Nimm Deine Skates \u00fcberall hin mit! So hast Du sie immer griffbereit, egal wo und wann Du skaten m\u00f6chtest! Die Tasche besteht aus einer Abteilung f\u00fcr die Skates, einer breiten Tasche \u00fcber die gesamte L\u00e4nge hinter den Skates sowie einer kleinen Tasche f\u00fcr Wertsachen. Farbabweichungen m\u00f6glich &#8211; Abbildung [&hellip;]<\/p>\n","protected":false},"featured_media":390427,"template":"","meta":{"site-sidebar-layout":"no-sidebar","site-content-layout":"content-boxed-container","ast-site-content-layout":"normal-width-container","site-content-style":"boxed","site-sidebar-style":"unboxed","ast-global-header-display":"","ast-banner-title-visibility":"","ast-main-header-display":"","ast-hfb-above-header-display":"","ast-hfb-below-header-display":"","ast-hfb-mobile-header-display":"","site-post-title":"","ast-breadcrumbs-content":"","ast-featured-img":"","footer-sml-layout":"","ast-disable-related-posts":"","theme-transparent-header-meta":"default","adv-header-id-meta":"","stick-header-meta":"","header-above-stick-meta":"","header-main-stick-meta":"","header-below-stick-meta":"","astra-migrate-meta-layouts":"set","ast-page-background-enabled":"default","ast-page-background-meta":{"desktop":{"background-color":"","background-image":"","background-repeat":"repeat","background-position":"center center","background-size":"auto","background-attachment":"scroll","background-type":"","background-media":"","overlay-type":"","overlay-color":"","overlay-opacity":"","overlay-gradient":""},"tablet":{"background-color":"","background-image":"","background-repeat":"repeat","background-position":"center center","background-size":"auto","background-attachment":"scroll","background-type":"","background-media":"","overlay-type":"","overlay-color":"","overlay-opacity":"","overlay-gradient":""},"mobile":{"background-color":"","background-image":"","background-repeat":"repeat","background-position":"center center","background-size":"auto","background-attachment":"scroll","background-type":"","background-media":"","overlay-type":"","overlay-color":"","overlay-opacity":"","overlay-gradient":""}},"ast-content-background-meta":{"desktop":{"background-color":"var(--ast-global-color-5)","background-image":"","background-repeat":"repeat","background-position":"center center","background-size":"auto","background-attachment":"scroll","background-type":"","background-media":"","overlay-type":"","overlay-color":"","overlay-opacity":"","overlay-gradient":""},"tablet":{"background-color":"var(--ast-global-color-5)","background-image":"","background-repeat":"repeat","background-position":"center center","background-size":"auto","background-attachment":"scroll","background-type":"","background-media":"","overlay-type":"","overlay-color":"","overlay-opacity":"","overlay-gradient":""},"mobile":{"background-color":"var(--ast-global-color-5)","background-image":"","background-repeat":"repeat","background-position":"center center","background-size":"auto","background-attachment":"scroll","background-type":"","background-media":"","overlay-type":"","overlay-color":"","overlay-opacity":"","overlay-gradient":""}},"advanced_seo_description":"","jetpack_seo_html_title":"","jetpack_seo_noindex":false,"jetpack_post_was_ever_published":false},"product_brand":[],"product_cat":[77],"product_tag":[],"class_list":{"0":"post-390425","1":"product","2":"type-product","3":"status-publish","4":"has-post-thumbnail","6":"product_cat-accessories","7":"product_shipping_class-small","8":"desktop-align-left","9":"tablet-align-left","10":"mobile-align-left","12":"first","13":"instock","14":"taxable","15":"shipping-taxable","16":"purchasable","17":"product-type-variable"},"jetpack_sharing_enabled":true,"_links":{"self":[{"href":"https:\/\/twenty4action.com\/de\/wp-json\/wp\/v2\/product\/390425","targetHints":{"allow":["GET"]}}],"collection":[{"href":"https:\/\/twenty4action.com\/de\/wp-json\/wp\/v2\/product"}],"about":[{"href":"https:\/\/twenty4action.com\/de\/wp-json\/wp\/v2\/types\/product"}],"wp:featuredmedia":[{"embeddable":true,"href":"https:\/\/twenty4action.com\/de\/wp-json\/wp\/v2\/media\/390427"}],"wp:attachment":[{"href":"https:\/\/twenty4action.com\/de\/wp-json\/wp\/v2\/media?parent=390425"}],"wp:term":[{"taxonomy":"product_brand","embeddable":true,"href":"https:\/\/twenty4action.com\/de\/wp-json\/wp\/v2\/product_brand?post=390425"},{"taxonomy":"product_cat","embeddable":true,"href":"https:\/\/twenty4action.com\/de\/wp-json\/wp\/v2\/product_cat?post=390425"},{"taxonomy":"product_tag","embeddable":true,"href":"https:\/\/twenty4action.com\/de\/wp-json\/wp\/v2\/product_tag?post=390425"}],"curies":[{"name":"wp","href":"https:\/\/api.w.org\/{rel}","templated":true}]}}