{"id":248,"date":"2016-03-15T18:11:34","date_gmt":"2016-03-15T16:11:34","guid":{"rendered":"http:\/\/twenty4action.com\/?page_id=248"},"modified":"2023-07-17T17:06:53","modified_gmt":"2023-07-17T15:06:53","slug":"withdrawal","status":"publish","type":"page","link":"https:\/\/twenty4action.com\/de\/contact\/withdrawal\/","title":{"rendered":"Widerrufsbelehrung"},"content":{"rendered":"<p><\/p>\n<h2 style=\"text-align: center;\"><strong>Widerrufsbelehrung<\/strong><\/h2>\n<p>Verbrauchern steht ein Widerrufsrecht nach folgender Ma\u00dfgabe zu, wobei Verbraucher jede nat\u00fcrliche Person ist, die ein Rechtsgesch\u00e4ft zu Zwecken abschlie\u00dft, die \u00fcberwiegend weder ihrer gewerblichen noch ihrer selbst\u00e4ndigen beruflichen T\u00e4tigkeit zugerechnet werden k\u00f6nnen:<\/p>\n<p><strong>Widerrufsrecht des Kunden als Verbraucher<\/strong><br \/>\nSie haben das Recht, binnen 14 Tagen ohne Angabe von Gr\u00fcnden diesen Vertrag zu widerrufen. Die Widerrufsfrist betr\u00e4gt 14 Tage, ab dem Tag, an dem Sie oder ein von Ihnen benannter Dritter, der nicht der Bef\u00f6rderer ist, die Waren in Besitz genommen haben bzw. hat.<br \/>\nUm Ihr Widerrufsrecht auszu\u00fcben, m\u00fcssen Sie uns<br \/>\n<strong>\u2014\u2014\u2014\u2014\u2014\u2014\u2014\u2014\u2014\u2014\u2014\u2014\u2014\u2014\u2014\u2013<br \/>\ntwenty4action<br \/>\n<\/strong><strong>Unger &amp; Cardenas Alfonso GbR<br \/>\n<\/strong><strong>Breslauer Str. 37<br \/>\n<\/strong><strong>63128 Dietzenbach<br \/>\nE-Mail: contact@twenty4action.com<br \/>\n\u2014\u2014\u2014\u2014\u2014\u2014\u2014\u2014\u2014\u2014\u2014\u2014\u2014\u2014\u2014\u2013<br \/>\n<\/strong>mittels einer eindeutigen Erkl\u00e4rung (z.B. ein mit der Post versandter Brief oder E-Mail) \u00fcber Ihren Entschluss, diesen Vertrag zu widerrufen, informieren. Sie k\u00f6nnen daf\u00fcr das beigef\u00fcgte Muster-Widerrufsformular verwenden, das jedoch nicht vorgeschrieben ist. Das Absenden der Widerrufserkl\u00e4rung vor Ablauf der Frist gen\u00fcgt zur Fristwahrung.<\/p>\n<p><strong>Widerrufsfolgen<\/strong><br \/>\nWenn Sie diesen Vertrag ganz oder teilweise widerrufen, haben wir Ihnen die Zahlungen, die wir von Ihnen f\u00fcr die widerrufenen Artikel erhalten haben, unverz\u00fcglich, allerdings erst nach Erhalt und Pr\u00fcfung der retournierten Ware zur\u00fcckzuerstatten. Sollte die retournierte Ware besch\u00e4digt oder fehlerhaft sein, setzen wir uns mit Ihnen zur weiteren Kl\u00e4rung in Verbindung. F\u00fcr die R\u00fcckzahlung verwenden wir dasselbe Zahlungsmittel, das Sie bei der urspr\u00fcnglichen Transaktion eingesetzt haben. In keinem Fall werden Ihnen wegen dieser R\u00fcckzahlung Entgelte berechnet.<\/p>\n<p>Sie haben die Waren unverz\u00fcglich und in jedem Fall sp\u00e4testens binnen 14 Tagen ab dem Tag, an dem Sie uns \u00fcber den Widerruf dieses Vertrages unterrichten, an uns zur\u00fcckzusenden oder zu \u00fcbergeben. Die Frist ist gewahrt, wenn Sie die Waren vor Ablauf der Frist von 14 Tagen absenden.<br \/>\n<b>Der K\u00e4ufer tr\u00e4gt die unmittelbaren Kosten der R\u00fccksendung der Waren.<\/b><\/p>\n<div>\n<p><strong>F\u00fcr individualisierte Produkte entf\u00e4llt das R\u00fcckgaberecht.<\/strong> Aus Kulanz kann einem Widerruf stattgegeben werden, sofern die Ware nicht montiert oder benutzt wurde. In diesem Fall wird allerdings eine Bearbeitungsgeb\u00fchr f\u00e4llig.<\/p>\n<\/div>\n<div><\/div>\n<p style=\"text-align: center;\"><strong>Ende der Widerrufsbelehrung<\/strong><\/p>\n<p>&#8212;&#8212;&#8212;&#8212;&#8212;&#8212;&#8212;&#8212;&#8212;&#8212;&#8212;&#8212;&#8212;&#8212;&#8212;&#8212;&#8212;&#8212;&#8212;&#8212;&#8212;&#8212;&#8212;&#8212;&#8212;&#8212;&#8212;&#8212;&#8212;&#8212;&#8212;&#8212;&#8212;&#8212;<\/p>\n<p><strong>Widerrufsformular<\/strong><br \/>\nWenn Sie den Vertrag widerrufen wollen, k\u00f6nnen Sie das unten bereitgestellte Formular ausdrucken und ausgef\u00fcllt an uns zur\u00fccksenden.<\/p>\n<p>[su_divider top=&#8221;no&#8221;]<\/p>\n<p style=\"text-align: center;\"><strong>Muster-Widerrufsformular<\/strong><\/p>\n<p>An:<\/p>\n<p>twenty4action<br \/>\nUnger &amp; Cardenas Alfonso GbR<br \/>\nBreslauer Str. 37<br \/>\nD-63128 Dietzenbach<br \/>\nEmail: contact@twenty4action.com<\/p>\n<p>Hiermit widerrufe(n) ich\/wir (*) den von mir\/uns (*) abgeschlossenen Vertrag \u00fcber den Kauf der folgenden Waren (*)\/die Erbringung der folgenden Dienstleistung (*)<\/p>\n<p>_____________________________________________________________________<\/p>\n<p>Bestellt am (*)\/erhalten am (*)<\/p>\n<p>_____________________________________________________________________<\/p>\n<p>Name\u00a0des\/der\u00a0Verbraucher(s)<\/p>\n<p>_____________________________________________________________________<\/p>\n<p>Anschrift\u00a0des\/der\u00a0Verbraucher(s)<\/p>\n<p>_____________________________________________________________________<\/p>\n<p>Unterschrift\u00a0des\/der\u00a0Verbraucher(s)\u00a0(nur\u00a0bei\u00a0Mitteilung\u00a0auf\u00a0Papier)<\/p>\n<p>_____________________________________________________________________<\/p>\n<p>Ort,\u00a0Datum<\/p>\n<p>_____________________________________________________________________<\/p>\n<p>(*) Unzutreffendes streichen.<\/p>\n<p>[su_divider top=&#8221;no&#8221;]<\/p>","protected":false},"excerpt":{"rendered":"<p>Widerrufsbelehrung Verbrauchern steht ein Widerrufsrecht nach folgender Ma\u00dfgabe zu, wobei Verbraucher jede nat\u00fcrliche Person ist, die ein Rechtsgesch\u00e4ft zu Zwecken abschlie\u00dft, die \u00fcberwiegend weder ihrer gewerblichen noch ihrer selbst\u00e4ndigen beruflichen T\u00e4tigkeit zugerechnet werden k\u00f6nnen: Widerrufsrecht des Kunden als Verbraucher Sie haben das Recht, binnen 14 Tagen ohne Angabe von Gr\u00fcnden diesen Vertrag zu widerrufen. Die [&hellip;]<\/p>\n","protected":false},"author":45,"featured_media":0,"parent":176,"menu_order":0,"comment_status":"closed","ping_status":"closed","template":"elementor_header_footer","meta":{"site-sidebar-layout":"default","site-content-layout":"default","ast-site-content-layout":"default","site-content-style":"default","site-sidebar-style":"default","ast-global-header-display":"","ast-banner-title-visibility":"","ast-main-header-display":"","ast-hfb-above-header-display":"","ast-hfb-below-header-display":"","ast-hfb-mobile-header-display":"","site-post-title":"","ast-breadcrumbs-content":"","ast-featured-img":"","footer-sml-layout":"","ast-disable-related-posts":"","theme-transparent-header-meta":"disabled","adv-header-id-meta":"","stick-header-meta":"","header-above-stick-meta":"","header-main-stick-meta":"","header-below-stick-meta":"","astra-migrate-meta-layouts":"default","ast-page-background-enabled":"default","ast-page-background-meta":{"desktop":{"background-color":"","background-image":"","background-repeat":"repeat","background-position":"center center","background-size":"auto","background-attachment":"scroll","background-type":"","background-media":"","overlay-type":"","overlay-color":"","overlay-opacity":"","overlay-gradient":""},"tablet":{"background-color":"","background-image":"","background-repeat":"repeat","background-position":"center center","background-size":"auto","background-attachment":"scroll","background-type":"","background-media":"","overlay-type":"","overlay-color":"","overlay-opacity":"","overlay-gradient":""},"mobile":{"background-color":"","background-image":"","background-repeat":"repeat","background-position":"center center","background-size":"auto","background-attachment":"scroll","background-type":"","background-media":"","overlay-type":"","overlay-color":"","overlay-opacity":"","overlay-gradient":""}},"ast-content-background-meta":{"desktop":{"background-color":"var(--ast-global-color-5)","background-image":"","background-repeat":"repeat","background-position":"center center","background-size":"auto","background-attachment":"scroll","background-type":"","background-media":"","overlay-type":"","overlay-color":"","overlay-opacity":"","overlay-gradient":""},"tablet":{"background-color":"var(--ast-global-color-5)","background-image":"","background-repeat":"repeat","background-position":"center center","background-size":"auto","background-attachment":"scroll","background-type":"","background-media":"","overlay-type":"","overlay-color":"","overlay-opacity":"","overlay-gradient":""},"mobile":{"background-color":"var(--ast-global-color-5)","background-image":"","background-repeat":"repeat","background-position":"center center","background-size":"auto","background-attachment":"scroll","background-type":"","background-media":"","overlay-type":"","overlay-color":"","overlay-opacity":"","overlay-gradient":""}},"advanced_seo_description":"","jetpack_seo_html_title":"","jetpack_seo_noindex":false,"jetpack_post_was_ever_published":false,"footnotes":""},"class_list":["post-248","page","type-page","status-publish","hentry"],"jetpack_sharing_enabled":true,"_links":{"self":[{"href":"https:\/\/twenty4action.com\/de\/wp-json\/wp\/v2\/pages\/248","targetHints":{"allow":["GET"]}}],"collection":[{"href":"https:\/\/twenty4action.com\/de\/wp-json\/wp\/v2\/pages"}],"about":[{"href":"https:\/\/twenty4action.com\/de\/wp-json\/wp\/v2\/types\/page"}],"author":[{"embeddable":true,"href":"https:\/\/twenty4action.com\/de\/wp-json\/wp\/v2\/users\/45"}],"replies":[{"embeddable":true,"href":"https:\/\/twenty4action.com\/de\/wp-json\/wp\/v2\/comments?post=248"}],"version-history":[{"count":0,"href":"https:\/\/twenty4action.com\/de\/wp-json\/wp\/v2\/pages\/248\/revisions"}],"up":[{"embeddable":true,"href":"https:\/\/twenty4action.com\/de\/wp-json\/wp\/v2\/pages\/176"}],"wp:attachment":[{"href":"https:\/\/twenty4action.com\/de\/wp-json\/wp\/v2\/media?parent=248"}],"curies":[{"name":"wp","href":"https:\/\/api.w.org\/{rel}","templated":true}]}}